{"id":11,"date":"2015-05-08T17:39:49","date_gmt":"2015-05-08T17:39:49","guid":{"rendered":"http:\/\/www.astrologosastrologia.com.pt\/blog\/?page_id=11"},"modified":"2015-05-12T10:08:29","modified_gmt":"2015-05-12T10:08:29","slug":"portal-ae","status":"publish","type":"page","link":"https:\/\/www.astrologosastrologia.com.pt\/blog\/","title":{"rendered":"A&#038;E Portal"},"content":{"rendered":"<p>[slideshow_deploy id=&#8217;678&#8242;]<\/p>\n<table>\n<tbody>\n<tr>\n<td width=\"192\"><a href=\"http:\/\/www.astrologosastrologia.com.pt\/blog\/wp-content\/uploads\/2015\/05\/simpatias.gif\"><img loading=\"lazy\" decoding=\"async\" class=\"alignnone size-full wp-image-12 aligncenter\" src=\"http:\/\/www.astrologosastrologia.com.pt\/blog\/wp-content\/uploads\/2015\/05\/simpatias.gif\" alt=\"simpatias\" width=\"200\" height=\"61\" \/><\/a><\/p>\n<p style=\"text-align: center;\"><a href=\"http:\/\/www.astrologosastrologia.com.pt\/blog\/simpatias\/\" target=\"_blank\">\u00bbTodas as Simpatias<\/a><\/p>\n<p><a href=\"http:\/\/www.astrologosastrologia.com.pt\/blog\/wp-content\/uploads\/2015\/05\/anjos.gif\"><img loading=\"lazy\" decoding=\"async\" class=\"alignnone size-full wp-image-54 aligncenter\" src=\"http:\/\/www.astrologosastrologia.com.pt\/blog\/wp-content\/uploads\/2015\/05\/anjos.gif\" alt=\"anjos\" width=\"150\" height=\"70\" \/><\/a><\/p>\n<p style=\"text-align: center;\"><a href=\"http:\/\/www.astrologosastrologia.com.pt\/blog\/anjos\/\">Anjos e angeologia<\/a><\/p>\n<p><img decoding=\"async\" class=\"aligncenter\" src=\"http:\/\/www.astrologosastrologia.com.pt\/blog\/wp-content\/uploads\/2015\/05\/Biblia.gif\" alt=\"Biblia\" \/><\/p>\n<p style=\"text-align: center;\"><a href=\"http:\/\/www.astrologosastrologia.com.pt\/blog\/religiao\/biblia-on-line\/\">Biblia on line<\/a><\/p>\n<p><img decoding=\"async\" class=\"aligncenter\" src=\"http:\/\/www.astrologosastrologia.com.pt\/blog\/wp-content\/uploads\/2015\/05\/Ora%C3%A7oes.gif\" alt=\"Ora\u00e7oes\" \/><\/p>\n<p style=\"text-align: center;\"><a href=\"http:\/\/www.astrologosastrologia.com.pt\/blog\/oracoes\/\">Ora\u00e7\u00f5es<\/a><\/p>\n<p><a href=\"http:\/\/www.astrologosastrologia.com.pt\/blog\/wp-content\/uploads\/2015\/05\/Santos.gif\"><img loading=\"lazy\" decoding=\"async\" class=\"alignnone size-full wp-image-59 aligncenter\" src=\"http:\/\/www.astrologosastrologia.com.pt\/blog\/wp-content\/uploads\/2015\/05\/Santos.gif\" alt=\"Santos\" width=\"150\" height=\"55\" \/><\/a><\/p>\n<p style=\"text-align: center;\"><a href=\"http:\/\/www.astrologosastrologia.com.pt\/blog\/santos\/\">Santos &amp; Santas<\/a><\/p>\n<p style=\"text-align: center;\"><a href=\"http:\/\/www.astrologosastrologia.com.pt\/blog\/wp-content\/uploads\/2015\/05\/Afrodite.gif\"><img loading=\"lazy\" decoding=\"async\" class=\"alignnone size-full wp-image-115 aligncenter\" src=\"http:\/\/www.astrologosastrologia.com.pt\/blog\/wp-content\/uploads\/2015\/05\/Afrodite.gif\" alt=\"Afrodite\" width=\"183\" height=\"57\" \/><\/a><a href=\"http:\/\/www.astrologosastrologia.com.pt\/blog\/deuses\/afrodite\/\">Rituais, feiti\u00e7os, ora\u00e7\u00f5es a Afrodite<\/a><\/p>\n<p style=\"text-align: center;\"><a href=\"http:\/\/www.astrologosastrologia.com.pt\/blog\/wp-content\/uploads\/2015\/05\/Hecate.gif\"><img loading=\"lazy\" decoding=\"async\" class=\"alignnone size-full wp-image-253\" src=\"http:\/\/www.astrologosastrologia.com.pt\/blog\/wp-content\/uploads\/2015\/05\/Hecate.gif\" alt=\"Hecate\" width=\"200\" height=\"64\" \/><\/a><\/p>\n<p style=\"text-align: center;\">Saiba tudo sobre Hecate<\/p>\n<p style=\"text-align: center;\"><a href=\"http:\/\/www.astrologosastrologia.com.pt\/blog\/wp-content\/uploads\/2015\/05\/Nomes.gif\"><img loading=\"lazy\" decoding=\"async\" class=\"alignnone size-full wp-image-66\" src=\"http:\/\/www.astrologosastrologia.com.pt\/blog\/wp-content\/uploads\/2015\/05\/Nomes.gif\" alt=\"Nomes\" width=\"150\" height=\"44\" \/><\/a><\/p>\n<p style=\"text-align: center;\"><a href=\"http:\/\/www.astrologosastrologia.com.pt\/blog\/nomes\/\">Significado dos Nomes<\/a><\/p>\n<p><a href=\"http:\/\/www.astrologosastrologia.com.pt\/blog\/wp-content\/uploads\/2015\/05\/Feng-shui.gif\"><img loading=\"lazy\" decoding=\"async\" class=\"alignnone size-full wp-image-69 aligncenter\" src=\"http:\/\/www.astrologosastrologia.com.pt\/blog\/wp-content\/uploads\/2015\/05\/Feng-shui.gif\" alt=\"Feng shui\" width=\"150\" height=\"50\" \/><\/a><\/p>\n<p style=\"text-align: center;\"><a href=\"http:\/\/www.astrologosastrologia.com.pt\/blog\/feng-shui\/\" target=\"_blank\">Consulte: Feng Shui<\/a><\/p>\n<p style=\"text-align: center;\">\n<\/td>\n<td width=\"192\"><a href=\"http:\/\/www.astrologosastrologia.com.pt\/blog\/wp-content\/uploads\/2015\/05\/Sonhos.gif\"><img loading=\"lazy\" decoding=\"async\" class=\"alignnone size-full wp-image-65 aligncenter\" src=\"http:\/\/www.astrologosastrologia.com.pt\/blog\/wp-content\/uploads\/2015\/05\/Sonhos.gif\" alt=\"Sonhos\" width=\"150\" height=\"43\" \/><\/a><\/p>\n<p style=\"text-align: center;\"><a href=\"http:\/\/www.astrologosastrologia.com.pt\/blog\/sonhos\/\" target=\"_blank\">Significado dos Sonhos<\/a><\/p>\n<p style=\"text-align: center;\"><a href=\"http:\/\/www.astrologosastrologia.com.pt\/blog\/wp-content\/uploads\/2015\/05\/astrologia2.gif\"><img loading=\"lazy\" decoding=\"async\" class=\"alignnone size-full wp-image-234\" src=\"http:\/\/www.astrologosastrologia.com.pt\/blog\/wp-content\/uploads\/2015\/05\/astrologia2.gif\" alt=\"astrologia2\" width=\"200\" height=\"78\" \/><\/a><\/p>\n<p style=\"text-align: center;\"><a href=\"http:\/\/www.astrologosastrologia.com.pt\/blog\/horoscopos\/astrologia\/\">Consulte<\/a><\/p>\n<p style=\"text-align: center;\">\u00a0<a href=\"http:\/\/www.astrologosastrologia.com.pt\/blog\/wp-content\/uploads\/2015\/05\/Horoscopos.gif\"><img loading=\"lazy\" decoding=\"async\" class=\"alignnone size-full wp-image-62\" src=\"http:\/\/www.astrologosastrologia.com.pt\/blog\/wp-content\/uploads\/2015\/05\/Horoscopos.gif\" alt=\"Horoscopos\" width=\"150\" height=\"43\" \/><\/a><\/p>\n<p style=\"text-align: center;\"><a href=\"http:\/\/www.astrologosastrologia.com.pt\/blog\/horoscopos\/\" data-internallinksmanager029f6b8e52c=\"7\" title=\"Hor\u00f3scopo, veja mais aqui\">Horoscopos<\/a><\/p>\n<p style=\"text-align: center;\"><a href=\"http:\/\/www.astrologosastrologia.com.pt\/blog\/wp-content\/uploads\/2015\/05\/Oraculos.gif\"><img loading=\"lazy\" decoding=\"async\" class=\"alignnone size-full wp-image-56 aligncenter\" src=\"http:\/\/www.astrologosastrologia.com.pt\/blog\/wp-content\/uploads\/2015\/05\/Oraculos.gif\" alt=\"Oraculos\" width=\"150\" height=\"48\" \/><\/a><a href=\"http:\/\/www.astrologosastrologia.com.pt\/blog\/oraculos\/\">Or\u00e1culos<\/a><\/p>\n<p style=\"text-align: center;\"><a href=\"http:\/\/www.astrologosastrologia.com.pt\/blog\/wp-content\/uploads\/2015\/05\/wicca.gif\"><img loading=\"lazy\" decoding=\"async\" class=\"alignnone size-full wp-image-196\" src=\"http:\/\/www.astrologosastrologia.com.pt\/blog\/wp-content\/uploads\/2015\/05\/wicca.gif\" alt=\"wicca\" width=\"150\" height=\"56\" \/><\/a><\/p>\n<p style=\"text-align: center;\"><a href=\"http:\/\/www.astrologosastrologia.com.pt\/blog\/wicca\/\" target=\"_blank\">Wicca<\/a><\/p>\n<p style=\"text-align: center;\"><img decoding=\"async\" src=\"http:\/\/www.astrologosastrologia.com.pt\/blog\/wp-content\/uploads\/2015\/05\/videos.gif\" alt=\"videos\" \/><\/p>\n<p style=\"text-align: center;\"><a href=\"http:\/\/www.astrologosastrologia.com.pt\/blog\/saber\/videos\/\" target=\"_blank\">Videos A&amp;E<\/a><\/p>\n<p style=\"text-align: center;\"><a href=\"http:\/\/www.astrologosastrologia.com.pt\/blog\/wp-content\/uploads\/2015\/05\/Magia.gif\"><img loading=\"lazy\" decoding=\"async\" class=\"alignnone size-full wp-image-63\" src=\"http:\/\/www.astrologosastrologia.com.pt\/blog\/wp-content\/uploads\/2015\/05\/Magia.gif\" alt=\"Magia\" width=\"150\" height=\"61\" \/><\/a><\/p>\n<p style=\"text-align: center;\">\u00a0<a href=\"http:\/\/www.astrologosastrologia.com.pt\/blog\/magia\/\" target=\"_blank\">Toda a magia<\/a><\/p>\n<p style=\"text-align: center;\">\u00a0<a href=\"http:\/\/www.astrologosastrologia.com.pt\/blog\/wp-content\/uploads\/2015\/05\/Umbanda.gif\"><img loading=\"lazy\" decoding=\"async\" class=\"alignnone size-full wp-image-64\" src=\"http:\/\/www.astrologosastrologia.com.pt\/blog\/wp-content\/uploads\/2015\/05\/Umbanda.gif\" alt=\"Umbanda\" width=\"150\" height=\"52\" \/><\/a><\/p>\n<p style=\"text-align: center;\"><a href=\"http:\/\/www.astrologosastrologia.com.pt\/blog\/umbanda\/\" target=\"_blank\">Ver tudo<\/a><\/p>\n<p style=\"text-align: center;\"><a href=\"http:\/\/www.astrologosastrologia.com.pt\/blog\/wp-content\/uploads\/2015\/05\/Salmos.gif\"><img loading=\"lazy\" decoding=\"async\" class=\"alignnone size-full wp-image-549\" src=\"http:\/\/www.astrologosastrologia.com.pt\/blog\/wp-content\/uploads\/2015\/05\/Salmos.gif\" alt=\"Salmos\" width=\"210\" height=\"64\" \/><\/a><\/p>\n<p style=\"text-align: center;\"><a href=\"http:\/\/www.astrologosastrologia.com.pt\/blog\/salmos\/\">Consultar<\/a><\/p>\n<p style=\"text-align: center;\">\n<\/td>\n<td width=\"192\"><a href=\"http:\/\/www.astrologosastrologia.com.pt\/blog\/wp-content\/uploads\/2015\/05\/Elementais.gif\"><img loading=\"lazy\" decoding=\"async\" class=\" size-full wp-image-586 aligncenter\" src=\"http:\/\/www.astrologosastrologia.com.pt\/blog\/wp-content\/uploads\/2015\/05\/Elementais.gif\" alt=\"Elementais\" width=\"200\" height=\"40\" \/><\/a><\/p>\n<p style=\"text-align: center;\"><a href=\"http:\/\/www.astrologosastrologia.com.pt\/blog\/magia\/magia-magia-elementais\/\" target=\"_blank\">Magia com Elementais<\/a><\/p>\n<p style=\"text-align: center;\"><a href=\"http:\/\/www.astrologosastrologia.com.pt\/blog\/wp-content\/uploads\/2015\/05\/livros.gif\"><img loading=\"lazy\" decoding=\"async\" class=\"alignnone size-full wp-image-72\" src=\"http:\/\/www.astrologosastrologia.com.pt\/blog\/wp-content\/uploads\/2015\/05\/livros.gif\" alt=\"livros\" width=\"150\" height=\"53\" \/><\/a><\/p>\n<p style=\"text-align: center;\"><a href=\"http:\/\/www.astrologosastrologia.com.pt\/blog\/saber\/livros-letras\/\" target=\"_blank\">Ir saber +<\/a><br \/>\n<a href=\"http:\/\/www.astrologosastrologia.com.pt\/blog\/wp-content\/uploads\/2015\/05\/Biblioteca.gif\"><img loading=\"lazy\" decoding=\"async\" class=\"alignnone size-full wp-image-71 aligncenter\" src=\"http:\/\/www.astrologosastrologia.com.pt\/blog\/wp-content\/uploads\/2015\/05\/Biblioteca.gif\" alt=\"Biblioteca\" width=\"150\" height=\"36\" \/><\/a><\/p>\n<p style=\"text-align: center;\"><a href=\"http:\/\/www.astrologosastrologia.com.pt\/blog\/saber\/biblioteca\/\" target=\"_blank\">Biblioteca esot\u00e9rica A&amp;E<\/a><\/p>\n<p style=\"text-align: center;\"><a href=\"http:\/\/www.astrologosastrologia.com.pt\/blog\/wp-content\/uploads\/2015\/05\/Dicionarios.gif\"><img loading=\"lazy\" decoding=\"async\" class=\"alignnone size-full wp-image-73\" src=\"http:\/\/www.astrologosastrologia.com.pt\/blog\/wp-content\/uploads\/2015\/05\/Dicionarios.gif\" alt=\"Dicionarios\" width=\"150\" height=\"46\" \/><\/a><\/p>\n<p style=\"text-align: center;\"><a href=\"http:\/\/www.astrologosastrologia.com.pt\/blog\/saber\/dicionarios-magicos\/\" target=\"_blank\">Dicion\u00e1rios m\u00e1gicos<\/a><\/p>\n<p style=\"text-align: center;\"><a href=\"http:\/\/www.astrologosastrologia.com.pt\/blog\/wp-content\/uploads\/2015\/05\/enciclopedia.gif\"><img loading=\"lazy\" decoding=\"async\" class=\"alignnone size-full wp-image-74\" src=\"http:\/\/www.astrologosastrologia.com.pt\/blog\/wp-content\/uploads\/2015\/05\/enciclopedia.gif\" alt=\"enciclopedia\" width=\"150\" height=\"36\" \/><\/a><\/p>\n<p style=\"text-align: center;\"><a href=\"http:\/\/www.astrologosastrologia.com.pt\/blog\/portal-ae\/enciclopedia_simpatias_astrologia_esoterismo_magia_misticismo_ocultismo_religiao\/\" target=\"_blank\">Enciclop\u00e9dia esoterismo A&amp;E<\/a><\/p>\n<p style=\"text-align: center;\"><a href=\"http:\/\/www.astrologosastrologia.com.pt\/blog\/wp-content\/uploads\/2015\/05\/Receitas.gif\"><img loading=\"lazy\" decoding=\"async\" class=\"alignnone size-full wp-image-70 aligncenter\" src=\"http:\/\/www.astrologosastrologia.com.pt\/blog\/wp-content\/uploads\/2015\/05\/Receitas.gif\" alt=\"Receitas\" width=\"100\" height=\"103\" \/><\/a><\/p>\n<p style=\"text-align: center;\"><a href=\"http:\/\/www.astrologosastrologia.com.pt\/blog\/receitas\/\" target=\"_blank\">Receitas<\/a><\/p>\n<p style=\"text-align: center;\"><a href=\"http:\/\/www.astrologosastrologia.com.pt\/blog\/wp-content\/uploads\/2015\/05\/Banhos-m\u00e1gicos.jpg\"><img loading=\"lazy\" decoding=\"async\" class=\"alignnone size-full wp-image-129\" src=\"http:\/\/www.astrologosastrologia.com.pt\/blog\/wp-content\/uploads\/2015\/05\/Banhos-m\u00e1gicos.jpg\" alt=\"Banhos m\u00e1gicos\" width=\"178\" height=\"168\" \/><\/a><\/p>\n<p style=\"text-align: center;\"><a href=\"http:\/\/www.astrologosastrologia.com.pt\/blog\/banhos-magicos\/\">Banhos m\u00e1gicos<\/a><\/p>\n<\/td>\n<\/tr>\n<\/tbody>\n<\/table>\n<p>&nbsp;<\/p>\n<p>&nbsp;<\/p>\n<p><a href=\"http:\/\/www.astrologosastrologia.com.pt\/blog\/wp-content\/uploads\/2015\/05\/image021.jpg\"><img loading=\"lazy\" decoding=\"async\" class=\" size-medium wp-image-220 aligncenter\" src=\"http:\/\/www.astrologosastrologia.com.pt\/blog\/wp-content\/uploads\/2015\/05\/image021-300x58.jpg\" alt=\"image021\" width=\"300\" height=\"58\" srcset=\"https:\/\/www.astrologosastrologia.com.pt\/blog\/wp-content\/uploads\/2015\/05\/image021-300x58.jpg 300w, https:\/\/www.astrologosastrologia.com.pt\/blog\/wp-content\/uploads\/2015\/05\/image021.jpg 460w\" sizes=\"auto, (max-width: 300px) 100vw, 300px\" \/><\/a><\/p>\n<p>&nbsp;<\/p>\n ","protected":false},"excerpt":{"rendered":"<p>[slideshow_deploy id=&#8217;678&#8242;] \u00bbTodas as Simpatias Anjos e angeologia Biblia on line Ora\u00e7\u00f5es Santos &amp; Santas Rituais, feiti\u00e7os, ora\u00e7\u00f5es a Afrodite Saiba tudo sobre Hecate Significado dos Nomes Consulte: Feng Shui Significado dos Sonhos Consulte \u00a0 Horoscopos Or\u00e1culos Wicca Videos A&amp;E \u00a0Toda a magia \u00a0 Ver tudo Consultar Magia com Elementais Ir saber + Biblioteca esot\u00e9rica A&amp;E Dicion\u00e1rios m\u00e1gicos Enciclop\u00e9dia esoterismo<\/p>\n","protected":false},"author":1,"featured_media":0,"parent":0,"menu_order":0,"comment_status":"closed","ping_status":"closed","template":"","meta":{"footnotes":""},"class_list":["post-11","page","type-page","status-publish","hentry"],"_links":{"self":[{"href":"https:\/\/www.astrologosastrologia.com.pt\/blog\/wp-json\/wp\/v2\/pages\/11","targetHints":{"allow":["GET"]}}],"collection":[{"href":"https:\/\/www.astrologosastrologia.com.pt\/blog\/wp-json\/wp\/v2\/pages"}],"about":[{"href":"https:\/\/www.astrologosastrologia.com.pt\/blog\/wp-json\/wp\/v2\/types\/page"}],"author":[{"embeddable":true,"href":"https:\/\/www.astrologosastrologia.com.pt\/blog\/wp-json\/wp\/v2\/users\/1"}],"replies":[{"embeddable":true,"href":"https:\/\/www.astrologosastrologia.com.pt\/blog\/wp-json\/wp\/v2\/comments?post=11"}],"version-history":[{"count":61,"href":"https:\/\/www.astrologosastrologia.com.pt\/blog\/wp-json\/wp\/v2\/pages\/11\/revisions"}],"predecessor-version":[{"id":836,"href":"https:\/\/www.astrologosastrologia.com.pt\/blog\/wp-json\/wp\/v2\/pages\/11\/revisions\/836"}],"wp:attachment":[{"href":"https:\/\/www.astrologosastrologia.com.pt\/blog\/wp-json\/wp\/v2\/media?parent=11"}],"curies":[{"name":"wp","href":"https:\/\/api.w.org\/{rel}","templated":true}]}}