{"id":1603,"date":"2015-05-15T16:06:34","date_gmt":"2015-05-15T16:06:34","guid":{"rendered":"http:\/\/www.astrologosastrologia.com.pt\/blog\/?page_id=1603"},"modified":"2015-05-15T16:06:34","modified_gmt":"2015-05-15T16:06:34","slug":"significado-dos-sonhos-letra-h","status":"publish","type":"page","link":"https:\/\/www.astrologosastrologia.com.pt\/blog\/sonhos\/significado-dos-sonhos-letra-h\/","title":{"rendered":"Significado dos sonhos &#8211; letra H"},"content":{"rendered":"<p style=\"text-align: center;\"><a href=\"http:\/\/www.astrologosastrologia.com.pt\/blog\/wp-content\/uploads\/2015\/05\/Sonhos-significados.gif\"><img loading=\"lazy\" decoding=\"async\" class=\"alignnone size-full wp-image-1568\" src=\"http:\/\/www.astrologosastrologia.com.pt\/blog\/wp-content\/uploads\/2015\/05\/Sonhos-significados.gif\" alt=\"Sonhos-significados\" width=\"150\" height=\"43\" \/><\/a>\u00a0<a href=\"http:\/\/www.astrologosastrologia.com.pt\/blog\/wp-content\/uploads\/2015\/05\/sonhos-H.gif\"><img loading=\"lazy\" decoding=\"async\" class=\"alignnone size-full wp-image-165\" src=\"http:\/\/www.astrologosastrologia.com.pt\/blog\/wp-content\/uploads\/2015\/05\/sonhos-H.gif\" alt=\"sonhos H\" width=\"50\" height=\"56\" \/><\/a><\/p>\n<p>&nbsp;<\/p>\n<p><strong>Significado dos <a href=\"http:\/\/www.astrologosastrologia.com.pt\/blog\/sonhos\/\" data-internallinksmanager029f6b8e52c=\"18\" title=\"Sonhos, saiba mais aqui\">sonhos<\/a><\/strong><strong> \u2013 <a href=\"http:\/\/www.astrologosastrologia.com.pt\/blog\/sonhos\/\" data-internallinksmanager029f6b8e52c=\"18\" title=\"Sonhos, saiba mais aqui\">Sonhar<\/a> com Hadoque (peixe): <\/strong><a href=\"http:\/\/www.astrologosastrologia.com.pt\/blog\/sonhos\/\" data-internallinksmanager029f6b8e52c=\"18\" title=\"Sonhos, saiba mais aqui\">Sonhar<\/a> com hadoque pressagia boa sa\u00fade. Se o estiver comendo: harmonia entre amigos. Se o estiver cozinhando: voc\u00ea tem mais amigos do que pensa. Se o estiver pescando: caso lhe surja alguma situa\u00e7\u00e3o perigosa para voc\u00ea, \u00e1 sua atitude \u00e9 devida.<\/p>\n<p>&nbsp;<\/p>\n<p><strong>Significado dos <a href=\"http:\/\/www.astrologosastrologia.com.pt\/blog\/sonhos\/\" data-internallinksmanager029f6b8e52c=\"18\" title=\"Sonhos, saiba mais aqui\">sonhos<\/a><\/strong><strong> &#8211; Hamster: <\/strong>Ver um hamster em seu <a href=\"http:\/\/www.astrologosastrologia.com.pt\/blog\/sonhos\/\" data-internallinksmanager029f6b8e52c=\"18\" title=\"Sonhos, saiba mais aqui\">sonho<\/a> representa emo\u00e7\u00f5es reprimidas. Voc\u00ea est\u00e1 se distanciando das pessoas. Tamb\u00e9m pode significar sua postura frente \u00e0 sexualidade. Voc\u00ea consegue separar sexo e amor.<\/p>\n<p>&nbsp;<\/p>\n<p><strong>Significado dos <a href=\"http:\/\/www.astrologosastrologia.com.pt\/blog\/sonhos\/\" data-internallinksmanager029f6b8e52c=\"18\" title=\"Sonhos, saiba mais aqui\">sonhos<\/a><\/strong><strong> \u2013 <a href=\"http:\/\/www.astrologosastrologia.com.pt\/blog\/sonhos\/\" data-internallinksmanager029f6b8e52c=\"18\" title=\"Sonhos, saiba mais aqui\">Sonhar<\/a> com <\/strong><strong>Har\u00e9m: <\/strong>Voc\u00ea gosta do luxo. Viver em um har\u00e9m: as verdades aparecer\u00e3o..<\/p>\n<p>&nbsp;<\/p>\n<p><strong>Significado dos <a href=\"http:\/\/www.astrologosastrologia.com.pt\/blog\/sonhos\/\" data-internallinksmanager029f6b8e52c=\"18\" title=\"Sonhos, saiba mais aqui\">sonhos<\/a><\/strong><strong> \u2013 <a href=\"http:\/\/www.astrologosastrologia.com.pt\/blog\/sonhos\/\" data-internallinksmanager029f6b8e52c=\"18\" title=\"Sonhos, saiba mais aqui\">Sonhar<\/a> com Helice: <\/strong>significa otimismo e entusiasmo. Quanto mais r\u00e1pido a h\u00e9lice girar mais r\u00e1pidos ser\u00e3o os progressos.<\/p>\n<p>&nbsp;<\/p>\n<p><strong>Significado dos <a href=\"http:\/\/www.astrologosastrologia.com.pt\/blog\/sonhos\/\" data-internallinksmanager029f6b8e52c=\"18\" title=\"Sonhos, saiba mais aqui\">sonhos<\/a><\/strong><strong> \u2013 <a href=\"http:\/\/www.astrologosastrologia.com.pt\/blog\/sonhos\/\" data-internallinksmanager029f6b8e52c=\"18\" title=\"Sonhos, saiba mais aqui\">Sonhar<\/a> com <\/strong><strong>Hemorragia: <\/strong>Normalmente, \u00e9 um <a href=\"http:\/\/www.astrologosastrologia.com.pt\/blog\/sonhos\/\" data-internallinksmanager029f6b8e52c=\"18\" title=\"Sonhos, saiba mais aqui\">sonho<\/a> positivo. Relaciona-se a um acontecimento importante em sua vida brevemente<strong>.<\/strong><\/p>\n<p>&nbsp;<\/p>\n<p><strong>Significado dos <a href=\"http:\/\/www.astrologosastrologia.com.pt\/blog\/sonhos\/\" data-internallinksmanager029f6b8e52c=\"18\" title=\"Sonhos, saiba mais aqui\">sonhos<\/a><\/strong><strong> \u2013 <a href=\"http:\/\/www.astrologosastrologia.com.pt\/blog\/sonhos\/\" data-internallinksmanager029f6b8e52c=\"18\" title=\"Sonhos, saiba mais aqui\">Sonhar<\/a> com Hera: <\/strong>a hera \u00e9 s\u00edmbolo de felicidade. Indica que estamos rodeados por pessoas que sentem amor sincero por n\u00f3s. <a href=\"http:\/\/www.astrologosastrologia.com.pt\/blog\/sonhos\/\" data-internallinksmanager029f6b8e52c=\"18\" title=\"Sonhos, saiba mais aqui\">Sonhar<\/a> com uma hera crescendo numa <a href=\"https:\/\/www.astrologosastrologia.com.pt\/blog\/feng-shui\/\" data-internallinksmanager029f6b8e52c=\"22\" title=\"Fen Shui, veja mais aqui\">casa<\/a>, anuncia riqueza. Ter uma hera num jarro: a felicidade est\u00e1 assegurada.<\/p>\n<p>&nbsp;<\/p>\n<p><strong>Significado dos <a href=\"http:\/\/www.astrologosastrologia.com.pt\/blog\/sonhos\/\" data-internallinksmanager029f6b8e52c=\"18\" title=\"Sonhos, saiba mais aqui\">sonhos<\/a><\/strong><strong> \u2013 <a href=\"http:\/\/www.astrologosastrologia.com.pt\/blog\/sonhos\/\" data-internallinksmanager029f6b8e52c=\"18\" title=\"Sonhos, saiba mais aqui\">Sonhar<\/a> com <\/strong><strong>Heran\u00e7a: <\/strong>Receb\u00ea-la: decep\u00e7\u00e3o, contesta\u00e7\u00e3o, problemas com parentes. Ser deserdada(o): ter\u00e1 lucros surpreendentes.<\/p>\n<p>&nbsp;<\/p>\n<p><strong>Significado dos <a href=\"http:\/\/www.astrologosastrologia.com.pt\/blog\/sonhos\/\" data-internallinksmanager029f6b8e52c=\"18\" title=\"Sonhos, saiba mais aqui\">sonhos<\/a><\/strong><strong> \u2013 <a href=\"http:\/\/www.astrologosastrologia.com.pt\/blog\/sonhos\/\" data-internallinksmanager029f6b8e52c=\"18\" title=\"Sonhos, saiba mais aqui\">Sonhar<\/a> com <\/strong><strong>Her\u00f3i<\/strong><strong>: <\/strong>Mudan\u00e7as na vida. Ser um her\u00f3i: felicidade est\u00e1 assegurada.<\/p>\n<p>&nbsp;<\/p>\n<p><strong>Significado dos <a href=\"http:\/\/www.astrologosastrologia.com.pt\/blog\/sonhos\/\" data-internallinksmanager029f6b8e52c=\"18\" title=\"Sonhos, saiba mais aqui\">sonhos<\/a><\/strong><strong> &#8211; <a href=\"http:\/\/www.astrologosastrologia.com.pt\/blog\/sonhos\/\" data-internallinksmanager029f6b8e52c=\"18\" title=\"Sonhos, saiba mais aqui\">Sonhar<\/a> com <\/strong><strong>Hiena: <\/strong>representa as pequenas paix\u00f5es e a cobardia. Encontramo-nos ou encontraremo-nos num futuro proximo numa situa\u00e7\u00e3o delicada nos neg\u00f3cios, o que poder\u00e1 provocar perdas inesperadas. Seremos vitimas das intrigas de outros, o que nos pode provocar graves prejuizos. Devemos aproveitar todas as vantagens que se apresentam, pois estaremos muito necessitados da boa sorte para ir em frente. Se matarmos a hiena: significa que atr\u00e1s dessa situa\u00e7\u00e3o delicada, vir\u00e3o melhores tempos e todos os problemas se ir\u00e3o solucionar lentamente.<\/p>\n<p>&nbsp;<\/p>\n<p><strong>Significado dos <a href=\"http:\/\/www.astrologosastrologia.com.pt\/blog\/sonhos\/\" data-internallinksmanager029f6b8e52c=\"18\" title=\"Sonhos, saiba mais aqui\">sonhos<\/a><\/strong><strong> \u2013 <a href=\"http:\/\/www.astrologosastrologia.com.pt\/blog\/sonhos\/\" data-internallinksmanager029f6b8e52c=\"18\" title=\"Sonhos, saiba mais aqui\">Sonhar<\/a> com <\/strong><strong>Hinos<\/strong><strong>: <\/strong>Cantar hinos: seus planos ter\u00e3o \u00eaxitos. Ouvir: boas not\u00edcias nos neg\u00f3cios.<\/p>\n<p>&nbsp;<\/p>\n<p><strong>Significado dos <a href=\"http:\/\/www.astrologosastrologia.com.pt\/blog\/sonhos\/\" data-internallinksmanager029f6b8e52c=\"18\" title=\"Sonhos, saiba mais aqui\">sonhos<\/a> &#8211;<\/strong><strong> <a href=\"http:\/\/www.astrologosastrologia.com.pt\/blog\/sonhos\/\" data-internallinksmanager029f6b8e52c=\"18\" title=\"Sonhos, saiba mais aqui\">Sonhar<\/a> com Hipop\u00f3tamo: <\/strong>S\u00edmbolo da for\u00e7a, do vigor e da fertilidade. <a href=\"https:\/\/www.astrologosastrologia.com.pt\/blog\/beleza-bem-estar\/\" data-internallinksmanager029f6b8e52c=\"19\" title=\"Beleza e bem-estar, veja tudo aqui\">Bem-estar<\/a>, felicidade. O <a href=\"http:\/\/www.astrologosastrologia.com.pt\/blog\/sonhos\/\" data-internallinksmanager029f6b8e52c=\"18\" title=\"Sonhos, saiba mais aqui\">sonho<\/a> pode significar o nascimento de um filho para os casados.<\/p>\n<p>&nbsp;<\/p>\n<p><strong>Significado dos <a href=\"http:\/\/www.astrologosastrologia.com.pt\/blog\/sonhos\/\" data-internallinksmanager029f6b8e52c=\"18\" title=\"Sonhos, saiba mais aqui\">sonhos<\/a><\/strong><strong> \u2013 <a href=\"http:\/\/www.astrologosastrologia.com.pt\/blog\/sonhos\/\" data-internallinksmanager029f6b8e52c=\"18\" title=\"Sonhos, saiba mais aqui\">Sonhar<\/a> com <\/strong><strong>Histeria<\/strong><strong>: <\/strong>Estar hist\u00e9rica(o): mente ativa. Filhos com histeria: n\u00e3o se intimide.\u00a0 .<\/p>\n<p>&nbsp;<\/p>\n<p><strong>Significado dos <a href=\"http:\/\/www.astrologosastrologia.com.pt\/blog\/sonhos\/\" data-internallinksmanager029f6b8e52c=\"18\" title=\"Sonhos, saiba mais aqui\">sonhos<\/a><\/strong><strong> \u2013 <a href=\"http:\/\/www.astrologosastrologia.com.pt\/blog\/sonhos\/\" data-internallinksmanager029f6b8e52c=\"18\" title=\"Sonhos, saiba mais aqui\">Sonhar<\/a> com <\/strong><strong>Homem<\/strong><strong>: <\/strong>Mulher que sonha com homem: tenta\u00e7\u00e3o e desejo insatisfeito. Homem que sonha com homem: voc\u00ea compreende a si mesmo. Este <a href=\"http:\/\/www.astrologosastrologia.com.pt\/blog\/sonhos\/\" data-internallinksmanager029f6b8e52c=\"18\" title=\"Sonhos, saiba mais aqui\">sonho<\/a> tamb\u00e9m pode indicar homossexualidade reprimida.<\/p>\n<p>&nbsp;<\/p>\n<p><strong>Significado dos <a href=\"http:\/\/www.astrologosastrologia.com.pt\/blog\/sonhos\/\" data-internallinksmanager029f6b8e52c=\"18\" title=\"Sonhos, saiba mais aqui\">sonhos<\/a><\/strong><strong> \u2013 <a href=\"http:\/\/www.astrologosastrologia.com.pt\/blog\/sonhos\/\" data-internallinksmanager029f6b8e52c=\"18\" title=\"Sonhos, saiba mais aqui\">Sonhar<\/a> com <\/strong><strong>Homic\u00eddio<\/strong><strong>: <\/strong>Matar algu\u00e9m: romper\u00e1 rela\u00e7\u00f5es de maneira violenta.<\/p>\n<p>&nbsp;<\/p>\n<p><strong>Significado dos <a href=\"http:\/\/www.astrologosastrologia.com.pt\/blog\/sonhos\/\" data-internallinksmanager029f6b8e52c=\"18\" title=\"Sonhos, saiba mais aqui\">sonhos<\/a><\/strong><strong> \u2013 <a href=\"http:\/\/www.astrologosastrologia.com.pt\/blog\/sonhos\/\" data-internallinksmanager029f6b8e52c=\"18\" title=\"Sonhos, saiba mais aqui\">Sonhar<\/a> com <\/strong><strong>Homossexual<\/strong><strong>: <\/strong>Recupera\u00e7\u00e3o de dinheiro perdido. Conversar ou ter contato com um: controle seus impulsos e paix\u00f5es sexuais.<\/p>\n<p>&nbsp;<\/p>\n<p><strong>Significado dos <a href=\"http:\/\/www.astrologosastrologia.com.pt\/blog\/sonhos\/\" data-internallinksmanager029f6b8e52c=\"18\" title=\"Sonhos, saiba mais aqui\">sonhos<\/a><\/strong><strong> \u2013 <a href=\"http:\/\/www.astrologosastrologia.com.pt\/blog\/sonhos\/\" data-internallinksmanager029f6b8e52c=\"18\" title=\"Sonhos, saiba mais aqui\">Sonhar<\/a> com <\/strong><strong>Horas: <\/strong>A hora assinalada deve ser guardada, pois certamente lhe ser\u00e1 importante<\/p>\n<p>&nbsp;<\/p>\n<p><strong>Significado dos <a href=\"http:\/\/www.astrologosastrologia.com.pt\/blog\/sonhos\/\" data-internallinksmanager029f6b8e52c=\"18\" title=\"Sonhos, saiba mais aqui\">sonhos<\/a><\/strong><strong> \u2013 <a href=\"http:\/\/www.astrologosastrologia.com.pt\/blog\/sonhos\/\" data-internallinksmanager029f6b8e52c=\"18\" title=\"Sonhos, saiba mais aqui\">Sonhar<\/a> com <\/strong><strong>Horta<\/strong><strong>: <\/strong>Algu\u00e9m tenta prejudicar voc\u00ea, mas n\u00e3o ter\u00e1 nenhum sucesso.<\/p>\n<p>&nbsp;<\/p>\n<p><strong>Significado dos <a href=\"http:\/\/www.astrologosastrologia.com.pt\/blog\/sonhos\/\" data-internallinksmanager029f6b8e52c=\"18\" title=\"Sonhos, saiba mais aqui\">sonhos<\/a><\/strong><strong> \u2013 <a href=\"http:\/\/www.astrologosastrologia.com.pt\/blog\/sonhos\/\" data-internallinksmanager029f6b8e52c=\"18\" title=\"Sonhos, saiba mais aqui\">Sonhar<\/a> com <\/strong><strong>Hortel\u00e3<\/strong><strong>: <\/strong>Amor ardente, sensualidade.<\/p>\n<p>&nbsp;<\/p>\n<p><strong>Significado dos <a href=\"http:\/\/www.astrologosastrologia.com.pt\/blog\/sonhos\/\" data-internallinksmanager029f6b8e52c=\"18\" title=\"Sonhos, saiba mais aqui\">sonhos<\/a><\/strong><strong> \u2013 <a href=\"http:\/\/www.astrologosastrologia.com.pt\/blog\/sonhos\/\" data-internallinksmanager029f6b8e52c=\"18\" title=\"Sonhos, saiba mais aqui\">Sonhar<\/a> com <\/strong><strong>Hort\u00eansia<\/strong><strong>:<\/strong> \u00c9 a flor de bons prop\u00f3sitos, de demorada, mas total realiza\u00e7\u00e3o. Evite humilhar quem quer que seja.<\/p>\n<p>&nbsp;<\/p>\n<p><strong>Significado dos <a href=\"http:\/\/www.astrologosastrologia.com.pt\/blog\/sonhos\/\" data-internallinksmanager029f6b8e52c=\"18\" title=\"Sonhos, saiba mais aqui\">sonhos<\/a><\/strong><strong> \u2013 <a href=\"http:\/\/www.astrologosastrologia.com.pt\/blog\/sonhos\/\" data-internallinksmanager029f6b8e52c=\"18\" title=\"Sonhos, saiba mais aqui\">Sonhar<\/a> com <\/strong><strong>Hosp\u00edcio<\/strong><strong>: <\/strong>Ver um hosp\u00edcio de fora: complica\u00e7\u00f5es sentimentais. Estar dentro de uni hosp\u00edcio: transtorno na vida. Sair de um hosp\u00edcio: dificuldades superadas.<\/p>\n<p>&nbsp;<\/p>\n<p><strong>Significado dos <a href=\"http:\/\/www.astrologosastrologia.com.pt\/blog\/sonhos\/\" data-internallinksmanager029f6b8e52c=\"18\" title=\"Sonhos, saiba mais aqui\">sonhos<\/a><\/strong><strong> \u2013 <a href=\"http:\/\/www.astrologosastrologia.com.pt\/blog\/sonhos\/\" data-internallinksmanager029f6b8e52c=\"18\" title=\"Sonhos, saiba mais aqui\">Sonhar<\/a> com <\/strong><strong>Hospital<\/strong><strong>: <\/strong>Visit\u00e1-lo: inquieta\u00e7\u00e3o com rela\u00e7\u00e3o \u00e0 sa\u00fade de ente querido. Estar no hospital pode significar mudan\u00e7a r\u00e1pida de vida, \u00e0s vezes, com sofrimento.<\/p>\n<p>&nbsp;<\/p>\n<p><strong>Significado dos <a href=\"http:\/\/www.astrologosastrologia.com.pt\/blog\/sonhos\/\" data-internallinksmanager029f6b8e52c=\"18\" title=\"Sonhos, saiba mais aqui\">sonhos<\/a><\/strong><strong> \u2013 <a href=\"http:\/\/www.astrologosastrologia.com.pt\/blog\/sonhos\/\" data-internallinksmanager029f6b8e52c=\"18\" title=\"Sonhos, saiba mais aqui\">Sonhar<\/a> com <\/strong><strong>H\u00f3stia<\/strong><strong>: <\/strong>Comer uma: transa\u00e7\u00f5es com documentos. Receber uma h\u00f3stia de um padre: alegria.<\/p>\n<p>&nbsp;<\/p>\n<p><strong>Significado dos <a href=\"http:\/\/www.astrologosastrologia.com.pt\/blog\/sonhos\/\" data-internallinksmanager029f6b8e52c=\"18\" title=\"Sonhos, saiba mais aqui\">sonhos<\/a><\/strong><strong> \u2013 <a href=\"http:\/\/www.astrologosastrologia.com.pt\/blog\/sonhos\/\" data-internallinksmanager029f6b8e52c=\"18\" title=\"Sonhos, saiba mais aqui\">Sonhar<\/a> com <\/strong><strong>Hotel<\/strong><strong>: <\/strong>Estar em um hotel: realiza\u00e7\u00e3o de neg\u00f3cio lucrativo. Sair de uni: reviravolta na vida. V\u00ea-lo do lado de fora: boas noticias. Ser a(o) dona(o) de um: trai\u00e7\u00e3o.<br \/>\n<strong>Significado dos <a href=\"http:\/\/www.astrologosastrologia.com.pt\/blog\/sonhos\/\" data-internallinksmanager029f6b8e52c=\"18\" title=\"Sonhos, saiba mais aqui\">sonhos<\/a> \u2013 <a href=\"http:\/\/www.astrologosastrologia.com.pt\/blog\/sonhos\/\" data-internallinksmanager029f6b8e52c=\"18\" title=\"Sonhos, saiba mais aqui\">Sonhar<\/a> com Humor: <\/strong>Estar de bom humor: desaven\u00e7as e infelicidade. De mau humor: falsidades. outras pessoas com mau humor: prosperidade nos neg\u00f3cios.<\/p>\n<p>&nbsp;<\/p>\n<p><strong><img decoding=\"async\" src=\"http:\/\/www.astrologosastrologia.com.pt\/blog\/wp-content\/uploads\/2015\/05\/Portal-ae.jpg\" alt=\"Portal a&amp;e\" \/>\u00ab\u00ab Voltar ao tema: <span style=\"color: #008000;\"><a style=\"color: #008000;\" href=\"http:\/\/www.astrologosastrologia.com.pt\/blog\/sonhos\/\">Sonhos \u2013 Significado dos Sonhos<\/a> <\/span>| <\/strong><\/p>\n ","protected":false},"excerpt":{"rendered":"<p>\u00a0 &nbsp; Significado dos sonhos \u2013 Sonhar com Hadoque (peixe): Sonhar com hadoque pressagia boa sa\u00fade. Se o estiver comendo: harmonia entre amigos. Se o estiver cozinhando: voc\u00ea tem mais amigos do que pensa. Se o estiver pescando: caso lhe surja alguma situa\u00e7\u00e3o perigosa para voc\u00ea, \u00e1 sua atitude \u00e9 devida. &nbsp; Significado dos sonhos &#8211; Hamster: Ver um hamster<\/p>\n","protected":false},"author":1,"featured_media":0,"parent":110,"menu_order":0,"comment_status":"closed","ping_status":"closed","template":"","meta":{"footnotes":""},"class_list":["post-1603","page","type-page","status-publish","hentry"],"_links":{"self":[{"href":"https:\/\/www.astrologosastrologia.com.pt\/blog\/wp-json\/wp\/v2\/pages\/1603","targetHints":{"allow":["GET"]}}],"collection":[{"href":"https:\/\/www.astrologosastrologia.com.pt\/blog\/wp-json\/wp\/v2\/pages"}],"about":[{"href":"https:\/\/www.astrologosastrologia.com.pt\/blog\/wp-json\/wp\/v2\/types\/page"}],"author":[{"embeddable":true,"href":"https:\/\/www.astrologosastrologia.com.pt\/blog\/wp-json\/wp\/v2\/users\/1"}],"replies":[{"embeddable":true,"href":"https:\/\/www.astrologosastrologia.com.pt\/blog\/wp-json\/wp\/v2\/comments?post=1603"}],"version-history":[{"count":1,"href":"https:\/\/www.astrologosastrologia.com.pt\/blog\/wp-json\/wp\/v2\/pages\/1603\/revisions"}],"predecessor-version":[{"id":1604,"href":"https:\/\/www.astrologosastrologia.com.pt\/blog\/wp-json\/wp\/v2\/pages\/1603\/revisions\/1604"}],"up":[{"embeddable":true,"href":"https:\/\/www.astrologosastrologia.com.pt\/blog\/wp-json\/wp\/v2\/pages\/110"}],"wp:attachment":[{"href":"https:\/\/www.astrologosastrologia.com.pt\/blog\/wp-json\/wp\/v2\/media?parent=1603"}],"curies":[{"name":"wp","href":"https:\/\/api.w.org\/{rel}","templated":true}]}}