{"id":1607,"date":"2015-05-16T07:04:57","date_gmt":"2015-05-16T07:04:57","guid":{"rendered":"http:\/\/www.astrologosastrologia.com.pt\/blog\/?page_id=1607"},"modified":"2015-05-16T07:04:57","modified_gmt":"2015-05-16T07:04:57","slug":"significado-dos-sonhos-letra-i","status":"publish","type":"page","link":"https:\/\/www.astrologosastrologia.com.pt\/blog\/sonhos\/significado-dos-sonhos-letra-i\/","title":{"rendered":"Significado dos sonhos &#8211; letra I"},"content":{"rendered":"<p style=\"text-align: center;\"><a href=\"http:\/\/www.astrologosastrologia.com.pt\/blog\/wp-content\/uploads\/2015\/05\/Sonhos-significados.gif\"><img loading=\"lazy\" decoding=\"async\" class=\"alignnone size-full wp-image-1568\" src=\"http:\/\/www.astrologosastrologia.com.pt\/blog\/wp-content\/uploads\/2015\/05\/Sonhos-significados.gif\" alt=\"Sonhos-significados\" width=\"150\" height=\"43\" \/><\/a>\u00a0<a href=\"http:\/\/www.astrologosastrologia.com.pt\/blog\/wp-content\/uploads\/2015\/05\/sonhos-I.gif\"><img loading=\"lazy\" decoding=\"async\" class=\"alignnone size-full wp-image-166\" src=\"http:\/\/www.astrologosastrologia.com.pt\/blog\/wp-content\/uploads\/2015\/05\/sonhos-I.gif\" alt=\"sonhos I\" width=\"27\" height=\"48\" \/><\/a><\/p>\n<p>&nbsp;<\/p>\n<p><strong>Significado dos <a href=\"http:\/\/www.astrologosastrologia.com.pt\/blog\/sonhos\/\" data-internallinksmanager029f6b8e52c=\"18\" title=\"Sonhos, saiba mais aqui\">sonhos<\/a> &#8211;<\/strong><strong> <a href=\"http:\/\/www.astrologosastrologia.com.pt\/blog\/sonhos\/\" data-internallinksmanager029f6b8e52c=\"18\" title=\"Sonhos, saiba mais aqui\">Sonhar<\/a> com Ians\u00e3:<\/strong> O simbolismo representado por Ians\u00e3 \u00e9 o de vencedora de demandas; senhora dos raios e das tempestades, portanto, <a href=\"http:\/\/www.astrologosastrologia.com.pt\/blog\/sonhos\/\" data-internallinksmanager029f6b8e52c=\"18\" title=\"Sonhos, saiba mais aqui\">sonhar<\/a> com ela indica- triunfo em assuntos de justi\u00e7a e comercial.<\/p>\n<p>&nbsp;<\/p>\n<p><strong>Significado dos <a href=\"http:\/\/www.astrologosastrologia.com.pt\/blog\/sonhos\/\" data-internallinksmanager029f6b8e52c=\"18\" title=\"Sonhos, saiba mais aqui\">sonhos<\/a> &#8211;<\/strong><strong> <a href=\"http:\/\/www.astrologosastrologia.com.pt\/blog\/sonhos\/\" data-internallinksmanager029f6b8e52c=\"18\" title=\"Sonhos, saiba mais aqui\">Sonhar<\/a> com <\/strong><strong>Iate: <\/strong>Pode significar boa sorte. Estar em um: realiza\u00e7\u00f5es pr\u00f3prias. late encalhado: preocupa\u00e7\u00f5es nos neg\u00f3cio.<\/p>\n<p>&nbsp;<\/p>\n<p><strong>Significado dos <a href=\"http:\/\/www.astrologosastrologia.com.pt\/blog\/sonhos\/\" data-internallinksmanager029f6b8e52c=\"18\" title=\"Sonhos, saiba mais aqui\">sonhos<\/a> &#8211;<\/strong><strong> <a href=\"http:\/\/www.astrologosastrologia.com.pt\/blog\/sonhos\/\" data-internallinksmanager029f6b8e52c=\"18\" title=\"Sonhos, saiba mais aqui\">Sonhar<\/a> com \u00cdbis: <\/strong>No Egipto a \u00cdbis era considerada uma ave sagrada. <a href=\"http:\/\/www.astrologosastrologia.com.pt\/blog\/sonhos\/\" data-internallinksmanager029f6b8e52c=\"18\" title=\"Sonhos, saiba mais aqui\">Sonhar<\/a> com \u00cdbis indica que receberemos not\u00edcias felizes que nos v\u00e3o tranquilizar.<\/p>\n<p>&nbsp;<\/p>\n<p><strong>Significado dos <a href=\"http:\/\/www.astrologosastrologia.com.pt\/blog\/sonhos\/\" data-internallinksmanager029f6b8e52c=\"18\" title=\"Sonhos, saiba mais aqui\">sonhos<\/a> &#8211;<\/strong><strong> <a href=\"http:\/\/www.astrologosastrologia.com.pt\/blog\/sonhos\/\" data-internallinksmanager029f6b8e52c=\"18\" title=\"Sonhos, saiba mais aqui\">Sonhar<\/a> com Icebergue: <\/strong>significa que vamos enfrentar obst\u00e1culos tanto no campo dos neg\u00f3cios, como no <a href=\"https:\/\/www.magianegra.com.pt\/\" data-internallinksmanager029f6b8e52c=\"2\" title=\"Trabalhos de magia negra, saiba tudo aqui\" target=\"_blank\" rel=\"noopener\">trabalho<\/a>. <a href=\"http:\/\/www.astrologosastrologia.com.pt\/blog\/sonhos\/\" data-internallinksmanager029f6b8e52c=\"18\" title=\"Sonhos, saiba mais aqui\">Sonhar<\/a> com um navio quebrando um iceberg \u00e9 de bom aug\u00fario, pois significa que com esfor\u00e7o voc\u00ea conseguir\u00e1 vencer os obst\u00e1culos por maiores que eles sejam. Se <a href=\"http:\/\/www.astrologosastrologia.com.pt\/blog\/sonhos\/\" data-internallinksmanager029f6b8e52c=\"18\" title=\"Sonhos, saiba mais aqui\">sonhar<\/a> que est\u00e1 num mar cheio de icebergues, anuncia que dever\u00e1 pensar longamente antes de tomar uma decis\u00e3o em assunto de import\u00e2ncia para voc\u00ea.<\/p>\n<p>&nbsp;<\/p>\n<p><strong>Significado dos <a href=\"http:\/\/www.astrologosastrologia.com.pt\/blog\/sonhos\/\" data-internallinksmanager029f6b8e52c=\"18\" title=\"Sonhos, saiba mais aqui\">sonhos<\/a> &#8211;<\/strong><strong> <a href=\"http:\/\/www.astrologosastrologia.com.pt\/blog\/sonhos\/\" data-internallinksmanager029f6b8e52c=\"18\" title=\"Sonhos, saiba mais aqui\">Sonhar<\/a> com <\/strong><strong>Idade: <\/strong>Se voc\u00ea estiver preocupada(o) com sua idade, pode significar problemas com doen\u00e7as. Se <a href=\"http:\/\/www.astrologosastrologia.com.pt\/blog\/sonhos\/\" data-internallinksmanager029f6b8e52c=\"18\" title=\"Sonhos, saiba mais aqui\">sonhar<\/a> com a idade de outras pessoas, anuncia v\u00e1rias amizades intimas.<\/p>\n<p>&nbsp;<\/p>\n<p><strong>Significado dos <a href=\"http:\/\/www.astrologosastrologia.com.pt\/blog\/sonhos\/\" data-internallinksmanager029f6b8e52c=\"18\" title=\"Sonhos, saiba mais aqui\">sonhos<\/a> &#8211;<\/strong><strong> <a href=\"http:\/\/www.astrologosastrologia.com.pt\/blog\/sonhos\/\" data-internallinksmanager029f6b8e52c=\"18\" title=\"Sonhos, saiba mais aqui\">Sonhar<\/a> com <\/strong><strong>\u00cddolo: <\/strong>V\u00ea-lo: viagens apaixonantes e inesquec\u00edveis. Conversar com ele: obsess\u00e3o. N\u00e3o conseguir toc\u00e1-lo: amores proibidos.\u00a0 <a href=\"http:\/\/www.astrologosastrologia.com.pt\/blog\/sonhos\/\" data-internallinksmanager029f6b8e52c=\"18\" title=\"Sonhos, saiba mais aqui\">Sonhar<\/a> que est\u00e1 idolatrando um <a href=\"http:\/\/www.astrologosastrologia.com.pt\/blog\/santos\/\" data-internallinksmanager029f6b8e52c=\"9\" title=\"Santos e Santas, veja mais aqui\">Santo<\/a>, indica que voc\u00ea \u00e9 muito amado.<\/p>\n<p>&nbsp;<\/p>\n<p><strong>Significado dos <a href=\"http:\/\/www.astrologosastrologia.com.pt\/blog\/sonhos\/\" data-internallinksmanager029f6b8e52c=\"18\" title=\"Sonhos, saiba mais aqui\">sonhos<\/a> &#8211;<\/strong><strong> <a href=\"http:\/\/www.astrologosastrologia.com.pt\/blog\/sonhos\/\" data-internallinksmanager029f6b8e52c=\"18\" title=\"Sonhos, saiba mais aqui\">Sonhar<\/a> com Iemanj\u00e1:<\/strong> \u00c9 um bom press\u00e1gio <a href=\"http:\/\/www.astrologosastrologia.com.pt\/blog\/sonhos\/\" data-internallinksmanager029f6b8e52c=\"18\" title=\"Sonhos, saiba mais aqui\">sonhar<\/a> com ela; pois indica que voc\u00ea est\u00e1 sendo protegido, e que ter\u00e1 grandes realiza\u00e7\u00f5es no terreno sentimental; casamento \u00e0 vista.<\/p>\n<p>&nbsp;<\/p>\n<p><strong>Significado dos <a href=\"http:\/\/www.astrologosastrologia.com.pt\/blog\/sonhos\/\" data-internallinksmanager029f6b8e52c=\"18\" title=\"Sonhos, saiba mais aqui\">sonhos<\/a> &#8211;<\/strong><strong> <a href=\"http:\/\/www.astrologosastrologia.com.pt\/blog\/sonhos\/\" data-internallinksmanager029f6b8e52c=\"18\" title=\"Sonhos, saiba mais aqui\">Sonhar<\/a> com <\/strong><strong>Ignor\u00e2ncia: <\/strong>Ser ignorante: esfor\u00e7os ser\u00e3o recompensados. Pessoas ignorantes: melhora de uma doen\u00e7a.<\/p>\n<p>&nbsp;<\/p>\n<p><strong>Significado dos <a href=\"http:\/\/www.astrologosastrologia.com.pt\/blog\/sonhos\/\" data-internallinksmanager029f6b8e52c=\"18\" title=\"Sonhos, saiba mais aqui\">sonhos<\/a> &#8211;<\/strong><strong> <a href=\"http:\/\/www.astrologosastrologia.com.pt\/blog\/sonhos\/\" data-internallinksmanager029f6b8e52c=\"18\" title=\"Sonhos, saiba mais aqui\">Sonhar<\/a> com <\/strong><strong>Igreja: <\/strong>Entrar numa igreja: bons neg\u00f3cios. Sair: preju\u00edzos nos neg\u00f3cios. Ver uma igreja: espere sorte nos jogos.\u00a0 Ver construir uma igreja \u00e9 press\u00e1gio de felicidade para a pessoa que sonha e para as pessoas que lhe <a href=\"http:\/\/www.astrologosastrologia.com.pt\/blog\/santos\/\" data-internallinksmanager029f6b8e52c=\"9\" title=\"Santos e Santas, veja mais aqui\">s\u00e3o<\/a> chegadas.<\/p>\n<p>&nbsp;<\/p>\n<p><strong>Significado dos <a href=\"http:\/\/www.astrologosastrologia.com.pt\/blog\/sonhos\/\" data-internallinksmanager029f6b8e52c=\"18\" title=\"Sonhos, saiba mais aqui\">sonhos<\/a> &#8211;<\/strong><strong> <a href=\"http:\/\/www.astrologosastrologia.com.pt\/blog\/sonhos\/\" data-internallinksmanager029f6b8e52c=\"18\" title=\"Sonhos, saiba mais aqui\">Sonhar<\/a> com Iguana: <\/strong>Acontecimento social fora do comum ou novos amigos. Boa estabilidade familiar. Na realiza\u00e7\u00e3o dos nossos projectos vamo-nos deparar com sobressaltos que nos trar\u00e3o consequ\u00eancias particulares.<\/p>\n<p>&nbsp;<\/p>\n<p><strong>Significado dos <a href=\"http:\/\/www.astrologosastrologia.com.pt\/blog\/sonhos\/\" data-internallinksmanager029f6b8e52c=\"18\" title=\"Sonhos, saiba mais aqui\">sonhos<\/a> &#8211;<\/strong><strong> <a href=\"http:\/\/www.astrologosastrologia.com.pt\/blog\/sonhos\/\" data-internallinksmanager029f6b8e52c=\"18\" title=\"Sonhos, saiba mais aqui\">Sonhar<\/a> com <\/strong><strong>Ilha: <\/strong>Passear por uma ilha: perda da independ\u00eancia, mas grande tranq\u00fcilidade. Estar numa ilha com tempestades: impossibilidade de realizar seus desejos. Quem sonha com ilha pode estar querendo fugir de problemas.<\/p>\n<p>&nbsp;<\/p>\n<p><strong>Significado dos <a href=\"http:\/\/www.astrologosastrologia.com.pt\/blog\/sonhos\/\" data-internallinksmanager029f6b8e52c=\"18\" title=\"Sonhos, saiba mais aqui\">sonhos<\/a> &#8211;<\/strong><strong> <a href=\"http:\/\/www.astrologosastrologia.com.pt\/blog\/sonhos\/\" data-internallinksmanager029f6b8e52c=\"18\" title=\"Sonhos, saiba mais aqui\">Sonhar<\/a> com <\/strong><strong>Imagem: <\/strong>Ver uma imagem: amor correspondido. V\u00ea-Ia cair: desilus\u00f5es ou obst\u00e1culos.<\/p>\n<p>&nbsp;<\/p>\n<p><strong>Significado dos <a href=\"http:\/\/www.astrologosastrologia.com.pt\/blog\/sonhos\/\" data-internallinksmanager029f6b8e52c=\"18\" title=\"Sonhos, saiba mais aqui\">sonhos<\/a> &#8211;<\/strong><strong> <a href=\"http:\/\/www.astrologosastrologia.com.pt\/blog\/sonhos\/\" data-internallinksmanager029f6b8e52c=\"18\" title=\"Sonhos, saiba mais aqui\">Sonhar<\/a> com <\/strong><strong>Impot\u00eancia: <\/strong>Voc\u00ea est\u00e1 sendo v\u00edtima de sua pr\u00f3pria imagina\u00e7\u00e3o.<\/p>\n<p>&nbsp;<\/p>\n<p><strong>Significado dos <a href=\"http:\/\/www.astrologosastrologia.com.pt\/blog\/sonhos\/\" data-internallinksmanager029f6b8e52c=\"18\" title=\"Sonhos, saiba mais aqui\">sonhos<\/a> &#8211;<\/strong><strong> <a href=\"http:\/\/www.astrologosastrologia.com.pt\/blog\/sonhos\/\" data-internallinksmanager029f6b8e52c=\"18\" title=\"Sonhos, saiba mais aqui\">Sonhar<\/a> com <\/strong><strong>Inc\u00eandio: <\/strong>V\u00ea-lo: drama de amor. Em sua <a href=\"https:\/\/www.astrologosastrologia.com.pt\/blog\/feng-shui\/\" data-internallinksmanager029f6b8e52c=\"22\" title=\"Fen Shui, veja mais aqui\">casa<\/a>: processo e aborrecimentos financeiros. Sucesso, se conseguir apagar o inc\u00eandio. Este <a href=\"http:\/\/www.astrologosastrologia.com.pt\/blog\/sonhos\/\" data-internallinksmanager029f6b8e52c=\"18\" title=\"Sonhos, saiba mais aqui\">sonho<\/a> geralmente indica necessidade de ajuda. Sorte: le\u00e3o<strong>.<\/strong><\/p>\n<p>&nbsp;<\/p>\n<p><strong>Significado dos <a href=\"http:\/\/www.astrologosastrologia.com.pt\/blog\/sonhos\/\" data-internallinksmanager029f6b8e52c=\"18\" title=\"Sonhos, saiba mais aqui\">sonhos<\/a> &#8211;<\/strong><strong> <a href=\"http:\/\/www.astrologosastrologia.com.pt\/blog\/sonhos\/\" data-internallinksmanager029f6b8e52c=\"18\" title=\"Sonhos, saiba mais aqui\">Sonhar<\/a> com <\/strong><strong>Incenso: <\/strong>Receber\u00e1 muitos elogios.<\/p>\n<p>&nbsp;<\/p>\n<p><strong>Significado dos <a href=\"http:\/\/www.astrologosastrologia.com.pt\/blog\/sonhos\/\" data-internallinksmanager029f6b8e52c=\"18\" title=\"Sonhos, saiba mais aqui\">sonhos<\/a> &#8211;<\/strong><strong> <a href=\"http:\/\/www.astrologosastrologia.com.pt\/blog\/sonhos\/\" data-internallinksmanager029f6b8e52c=\"18\" title=\"Sonhos, saiba mais aqui\">Sonhar<\/a> com <\/strong><strong>Inchar: <\/strong>Estar inchada(o): not\u00edcias ruins. Outras pessoas inchadas pode significar riquezas ou maus agouros.<\/p>\n<p>&nbsp;<\/p>\n<p><strong>Significado dos <a href=\"http:\/\/www.astrologosastrologia.com.pt\/blog\/sonhos\/\" data-internallinksmanager029f6b8e52c=\"18\" title=\"Sonhos, saiba mais aqui\">sonhos<\/a> &#8211;<\/strong><strong> <a href=\"http:\/\/www.astrologosastrologia.com.pt\/blog\/sonhos\/\" data-internallinksmanager029f6b8e52c=\"18\" title=\"Sonhos, saiba mais aqui\">Sonhar<\/a> com <\/strong><strong>\u00cdndio: <\/strong>Fato inesperado ou amizade a(o) surpreender\u00e1 nos pr\u00f3ximos dias.<\/p>\n<p>&nbsp;<\/p>\n<p><strong>Significado dos <a href=\"http:\/\/www.astrologosastrologia.com.pt\/blog\/sonhos\/\" data-internallinksmanager029f6b8e52c=\"18\" title=\"Sonhos, saiba mais aqui\">sonhos<\/a> &#8211;<\/strong><strong> <a href=\"http:\/\/www.astrologosastrologia.com.pt\/blog\/sonhos\/\" data-internallinksmanager029f6b8e52c=\"18\" title=\"Sonhos, saiba mais aqui\">Sonhar<\/a> com <\/strong><strong>Indigente: <\/strong>Uma pessoa muito pobre significa boa sorte e felicidade. Muitas pessoas juntas: pobreza.<\/p>\n<p>&nbsp;<\/p>\n<p><strong>Significado dos <a href=\"http:\/\/www.astrologosastrologia.com.pt\/blog\/sonhos\/\" data-internallinksmanager029f6b8e52c=\"18\" title=\"Sonhos, saiba mais aqui\">sonhos<\/a> &#8211;<\/strong><strong> <a href=\"http:\/\/www.astrologosastrologia.com.pt\/blog\/sonhos\/\" data-internallinksmanager029f6b8e52c=\"18\" title=\"Sonhos, saiba mais aqui\">Sonhar<\/a> com <\/strong><strong>Infelicidade:<\/strong> Ser infeliz: receber\u00e1 visita de uma autoridade: Amigos infelizes: ser\u00e1 trapaceada(o). Outras pessoas infelizes: uma carta lhe trar\u00e1 boas not\u00edcias.<\/p>\n<p>&nbsp;<\/p>\n<p><strong>Significado dos <a href=\"http:\/\/www.astrologosastrologia.com.pt\/blog\/sonhos\/\" data-internallinksmanager029f6b8e52c=\"18\" title=\"Sonhos, saiba mais aqui\">sonhos<\/a> &#8211;<\/strong><strong> <a href=\"http:\/\/www.astrologosastrologia.com.pt\/blog\/sonhos\/\" data-internallinksmanager029f6b8e52c=\"18\" title=\"Sonhos, saiba mais aqui\">Sonhar<\/a> com <\/strong><strong>Inferno: <\/strong>Avistar o inferno: decep\u00e7\u00f5es. Estar no inferno: sorte no jogo durante 3 dias seguidos.<\/p>\n<p>&nbsp;<\/p>\n<p><strong>Significado dos <a href=\"http:\/\/www.astrologosastrologia.com.pt\/blog\/sonhos\/\" data-internallinksmanager029f6b8e52c=\"18\" title=\"Sonhos, saiba mais aqui\">sonhos<\/a> &#8211;<\/strong><strong> <a href=\"http:\/\/www.astrologosastrologia.com.pt\/blog\/sonhos\/\" data-internallinksmanager029f6b8e52c=\"18\" title=\"Sonhos, saiba mais aqui\">Sonhar<\/a> com <\/strong><strong>Infidelidade:<\/strong> \u00c0s vezes, \u00e9 aviso de obst\u00e1culos na vida amorosa.<\/p>\n<p>&nbsp;<\/p>\n<p><strong>Significado dos <a href=\"http:\/\/www.astrologosastrologia.com.pt\/blog\/sonhos\/\" data-internallinksmanager029f6b8e52c=\"18\" title=\"Sonhos, saiba mais aqui\">sonhos<\/a> &#8211;<\/strong><strong> <a href=\"http:\/\/www.astrologosastrologia.com.pt\/blog\/sonhos\/\" data-internallinksmanager029f6b8e52c=\"18\" title=\"Sonhos, saiba mais aqui\">Sonhar<\/a> com <\/strong><strong>Infort\u00fanio: <\/strong>Sorte nos neg\u00f3cios. Outras pessoas sofrendo infort\u00fanio: dificuldades.<\/p>\n<p>&nbsp;<\/p>\n<p><strong>Significado dos <a href=\"http:\/\/www.astrologosastrologia.com.pt\/blog\/sonhos\/\" data-internallinksmanager029f6b8e52c=\"18\" title=\"Sonhos, saiba mais aqui\">sonhos<\/a> &#8211;<\/strong><strong> <a href=\"http:\/\/www.astrologosastrologia.com.pt\/blog\/sonhos\/\" data-internallinksmanager029f6b8e52c=\"18\" title=\"Sonhos, saiba mais aqui\">Sonhar<\/a> com <\/strong><strong>Inimigo: <\/strong>Obst\u00e1culos nos neg\u00f3cios.<\/p>\n<p>&nbsp;<\/p>\n<p><strong>Significado dos <a href=\"http:\/\/www.astrologosastrologia.com.pt\/blog\/sonhos\/\" data-internallinksmanager029f6b8e52c=\"18\" title=\"Sonhos, saiba mais aqui\">sonhos<\/a> &#8211;<\/strong><strong> <a href=\"http:\/\/www.astrologosastrologia.com.pt\/blog\/sonhos\/\" data-internallinksmanager029f6b8e52c=\"18\" title=\"Sonhos, saiba mais aqui\">Sonhar<\/a> com Injusti\u00e7a: <\/strong><a href=\"http:\/\/www.astrologosastrologia.com.pt\/blog\/sonhos\/\" data-internallinksmanager029f6b8e52c=\"18\" title=\"Sonhos, saiba mais aqui\">Sonhar<\/a> com injusti\u00e7a denota quase sempre que ou voc\u00ea as cometeu ou est\u00e1 por comet\u00ea-las. N\u00e3o fa\u00e7a os outros de bobo, pois o preju\u00edzo ser\u00e1 todo seu.<\/p>\n<p>&nbsp;<\/p>\n<p><strong>Significado dos <a href=\"http:\/\/www.astrologosastrologia.com.pt\/blog\/sonhos\/\" data-internallinksmanager029f6b8e52c=\"18\" title=\"Sonhos, saiba mais aqui\">sonhos<\/a> &#8211;<\/strong><strong> <a href=\"http:\/\/www.astrologosastrologia.com.pt\/blog\/sonhos\/\" data-internallinksmanager029f6b8e52c=\"18\" title=\"Sonhos, saiba mais aqui\">Sonhar<\/a> com <\/strong><strong>Inocente: <\/strong>Ser inocente: voc\u00ea pode estar apaixonada(o). N\u00e3o ser inocente: conseguir\u00e1 cargo importante e sucesso.<\/p>\n<p>&nbsp;<\/p>\n<p><strong>Significado dos <a href=\"http:\/\/www.astrologosastrologia.com.pt\/blog\/sonhos\/\" data-internallinksmanager029f6b8e52c=\"18\" title=\"Sonhos, saiba mais aqui\">sonhos<\/a> &#8211;<\/strong><strong> <a href=\"http:\/\/www.astrologosastrologia.com.pt\/blog\/sonhos\/\" data-internallinksmanager029f6b8e52c=\"18\" title=\"Sonhos, saiba mais aqui\">Sonhar<\/a> com Insetos: <\/strong>No geral \u00e9 um <a href=\"http:\/\/www.astrologosastrologia.com.pt\/blog\/sonhos\/\" data-internallinksmanager029f6b8e52c=\"18\" title=\"Sonhos, saiba mais aqui\">sonho<\/a> de mau aug\u00fario, pois pressagia preocupa\u00e7\u00f5es e dificuldades e anuncia que nos enganar\u00e3o nos neg\u00f3cios. Estes pequenos animais simbolizam os sentimentos negativos que temos dentro de n\u00f3s em rela\u00e7\u00e3o aos outros, tais como o \u00f3dio, a inveja, etc\u2026<\/p>\n<p>Se sonharmos com uma <a href=\"https:\/\/www.astrologosastrologia.com.pt\/blog\/feng-shui\/\" data-internallinksmanager029f6b8e52c=\"22\" title=\"Fen Shui, veja mais aqui\">casa<\/a> cheia de insetos: significa que sentimos desconfian\u00e7a e ressentimentos pelas pessoas que nos rodeiam, ou pelo menos, por algumas delas.<\/p>\n<p><a href=\"http:\/\/www.astrologosastrologia.com.pt\/blog\/sonhos\/\" data-internallinksmanager029f6b8e52c=\"18\" title=\"Sonhos, saiba mais aqui\">Sonhar<\/a> com insetos tamb\u00e9m significa que temos muito medo do que os outros possam pensar de n\u00f3s, porque atravessamos uma fase em que nos sentimos particularmente vulner\u00e1veis.<\/p>\n<p>Ser picado por insetos: sinal que uma pessoa amiga a\/o enganar\u00e1.<\/p>\n<p>Poder\u00e1 ter outras interpreta\u00e7\u00f5es em fun\u00e7\u00e3o dos insetos com que estamos sonhando, nesse caso veja o significado espec\u00edfico de cada inseto, pois cada um tem seu pr\u00f3prio simbolismo.<\/p>\n<p>&nbsp;<\/p>\n<p><strong>Significado dos <a href=\"http:\/\/www.astrologosastrologia.com.pt\/blog\/sonhos\/\" data-internallinksmanager029f6b8e52c=\"18\" title=\"Sonhos, saiba mais aqui\">sonhos<\/a> &#8211;<\/strong><strong> <a href=\"http:\/\/www.astrologosastrologia.com.pt\/blog\/sonhos\/\" data-internallinksmanager029f6b8e52c=\"18\" title=\"Sonhos, saiba mais aqui\">Sonhar<\/a> com <\/strong><strong>Instrumentos: <\/strong>Musicais: conhecer\u00e1 pessoa bastante importante. Cortantes: esteja atenta(o) ao us\u00e1-los. Se forem objetos que n\u00e3o oferecem perigo, \u00e9 aviso de recebimento de proposta interessante.<\/p>\n<p>&nbsp;<\/p>\n<p><strong>Significado dos <a href=\"http:\/\/www.astrologosastrologia.com.pt\/blog\/sonhos\/\" data-internallinksmanager029f6b8e52c=\"18\" title=\"Sonhos, saiba mais aqui\">sonhos<\/a> &#8211;<\/strong><strong> <a href=\"http:\/\/www.astrologosastrologia.com.pt\/blog\/sonhos\/\" data-internallinksmanager029f6b8e52c=\"18\" title=\"Sonhos, saiba mais aqui\">Sonhar<\/a> com <\/strong><strong>Insulto: <\/strong>Ser insultada(o): tristezas. insultar algu\u00e9m: amizades perigosas.<\/p>\n<p>&nbsp;<\/p>\n<p><strong>Significado dos <a href=\"http:\/\/www.astrologosastrologia.com.pt\/blog\/sonhos\/\" data-internallinksmanager029f6b8e52c=\"18\" title=\"Sonhos, saiba mais aqui\">sonhos<\/a> &#8211;<\/strong><strong> <a href=\"http:\/\/www.astrologosastrologia.com.pt\/blog\/sonhos\/\" data-internallinksmanager029f6b8e52c=\"18\" title=\"Sonhos, saiba mais aqui\">Sonhar<\/a> com Intestinos:<\/strong> \u00c9 de modo geral um <a href=\"http:\/\/www.astrologosastrologia.com.pt\/blog\/sonhos\/\" data-internallinksmanager029f6b8e52c=\"18\" title=\"Sonhos, saiba mais aqui\">sonho<\/a> que indica problemas de sa\u00fade, voc\u00ea poder\u00e1 ter uma tend\u00eancia \u00e0 auto-intoxica\u00e7\u00e3o, e a problemas de digest\u00e3o. Por\u00e9m de pequena gravidade.<\/p>\n<p>&nbsp;<\/p>\n<p><strong>Significado dos <a href=\"http:\/\/www.astrologosastrologia.com.pt\/blog\/sonhos\/\" data-internallinksmanager029f6b8e52c=\"18\" title=\"Sonhos, saiba mais aqui\">sonhos<\/a> &#8211;<\/strong><strong> <a href=\"http:\/\/www.astrologosastrologia.com.pt\/blog\/sonhos\/\" data-internallinksmanager029f6b8e52c=\"18\" title=\"Sonhos, saiba mais aqui\">Sonhar<\/a> com Intriga:<\/strong> Denota sempre dissabores e decep\u00e7\u00f5es amorosas; rompimentos por mal-entendidos. Procure demonstrar mais o que sente, e criar\u00e1 um clima favor\u00e1vel \u00e0 vida afetiva.<\/p>\n<p>&nbsp;<\/p>\n<p><strong>Significado dos <a href=\"http:\/\/www.astrologosastrologia.com.pt\/blog\/sonhos\/\" data-internallinksmanager029f6b8e52c=\"18\" title=\"Sonhos, saiba mais aqui\">sonhos<\/a> &#8211;<\/strong><strong> <a href=\"http:\/\/www.astrologosastrologia.com.pt\/blog\/sonhos\/\" data-internallinksmanager029f6b8e52c=\"18\" title=\"Sonhos, saiba mais aqui\">Sonhar<\/a> com Inverno:<\/strong> O Inverno representa o isolamento, a esterilidade e o descanso. \u00c9 um momento de reflex\u00e3o sobre as nossas atividades.Indica que voc\u00ea ter\u00e1 uma temporada de insucessos pela frente, preocupa\u00e7\u00f5es e constrangimentos; um pouco de paci\u00eancia ser\u00e1 imprescind\u00edvel para assegurar \u00eaxito em seus neg\u00f3cios.<\/p>\n<p>&nbsp;<\/p>\n<p><strong>Significado dos <a href=\"http:\/\/www.astrologosastrologia.com.pt\/blog\/sonhos\/\" data-internallinksmanager029f6b8e52c=\"18\" title=\"Sonhos, saiba mais aqui\">sonhos<\/a> &#8211;<\/strong><strong> <a href=\"http:\/\/www.astrologosastrologia.com.pt\/blog\/sonhos\/\" data-internallinksmanager029f6b8e52c=\"18\" title=\"Sonhos, saiba mais aqui\">Sonhar<\/a> com <\/strong><strong>Inunda\u00e7\u00e3o: <\/strong>Presenciar uma: mudan\u00e7a de domic\u00edlio. Se a \u00e1gua for suja ou escura, \u00e9 sinal de aborrecimentos, do contr\u00e1rio \u00e9 prosperidade.<\/p>\n<p>&nbsp;<\/p>\n<p><strong>Significado dos <a href=\"http:\/\/www.astrologosastrologia.com.pt\/blog\/sonhos\/\" data-internallinksmanager029f6b8e52c=\"18\" title=\"Sonhos, saiba mais aqui\">sonhos<\/a> &#8211;<\/strong><strong> <a href=\"http:\/\/www.astrologosastrologia.com.pt\/blog\/sonhos\/\" data-internallinksmanager029f6b8e52c=\"18\" title=\"Sonhos, saiba mais aqui\">Sonhar<\/a> com <\/strong><strong>Irm\u00e3(o): <\/strong>Prote\u00e7\u00e3o e apoio de pessoa muito pr\u00f3xima.<br \/>\n<strong>Significado dos <a href=\"http:\/\/www.astrologosastrologia.com.pt\/blog\/sonhos\/\" data-internallinksmanager029f6b8e52c=\"18\" title=\"Sonhos, saiba mais aqui\">sonhos<\/a> &#8211; <a href=\"http:\/\/www.astrologosastrologia.com.pt\/blog\/sonhos\/\" data-internallinksmanager029f6b8e52c=\"18\" title=\"Sonhos, saiba mais aqui\">Sonhar<\/a> com Isco: <\/strong><a href=\"http:\/\/www.astrologosastrologia.com.pt\/blog\/sonhos\/\" data-internallinksmanager029f6b8e52c=\"18\" title=\"Sonhos, saiba mais aqui\">Sonhar<\/a> que coloca isco no anzol, significa que ter\u00e1 uma grande alegria. Se forem outras pessoas a colocar o isco, ent\u00e3o poder\u00e3o surgir dece\u00e7\u00f5es.<\/p>\n<p>&nbsp;<\/p>\n<p><strong><img decoding=\"async\" src=\"http:\/\/www.astrologosastrologia.com.pt\/blog\/wp-content\/uploads\/2015\/05\/Portal-ae.jpg\" alt=\"Portal a&amp;e\" \/>\u00ab\u00ab Voltar ao tema:<span style=\"color: #008000;\"> <a style=\"color: #008000;\" href=\"http:\/\/www.astrologosastrologia.com.pt\/blog\/sonhos\/\">Sonhos \u2013 Significado dos Sonhos<\/a> <\/span>| <\/strong><\/p>\n ","protected":false},"excerpt":{"rendered":"<p>\u00a0 &nbsp; Significado dos sonhos &#8211; Sonhar com Ians\u00e3: O simbolismo representado por Ians\u00e3 \u00e9 o de vencedora de demandas; senhora dos raios e das tempestades, portanto, sonhar com ela indica- triunfo em assuntos de justi\u00e7a e comercial. &nbsp; Significado dos sonhos &#8211; Sonhar com Iate: Pode significar boa sorte. Estar em um: realiza\u00e7\u00f5es pr\u00f3prias. late encalhado: preocupa\u00e7\u00f5es nos neg\u00f3cio.<\/p>\n","protected":false},"author":1,"featured_media":0,"parent":110,"menu_order":0,"comment_status":"closed","ping_status":"closed","template":"","meta":{"footnotes":""},"class_list":["post-1607","page","type-page","status-publish","hentry"],"_links":{"self":[{"href":"https:\/\/www.astrologosastrologia.com.pt\/blog\/wp-json\/wp\/v2\/pages\/1607","targetHints":{"allow":["GET"]}}],"collection":[{"href":"https:\/\/www.astrologosastrologia.com.pt\/blog\/wp-json\/wp\/v2\/pages"}],"about":[{"href":"https:\/\/www.astrologosastrologia.com.pt\/blog\/wp-json\/wp\/v2\/types\/page"}],"author":[{"embeddable":true,"href":"https:\/\/www.astrologosastrologia.com.pt\/blog\/wp-json\/wp\/v2\/users\/1"}],"replies":[{"embeddable":true,"href":"https:\/\/www.astrologosastrologia.com.pt\/blog\/wp-json\/wp\/v2\/comments?post=1607"}],"version-history":[{"count":1,"href":"https:\/\/www.astrologosastrologia.com.pt\/blog\/wp-json\/wp\/v2\/pages\/1607\/revisions"}],"predecessor-version":[{"id":1608,"href":"https:\/\/www.astrologosastrologia.com.pt\/blog\/wp-json\/wp\/v2\/pages\/1607\/revisions\/1608"}],"up":[{"embeddable":true,"href":"https:\/\/www.astrologosastrologia.com.pt\/blog\/wp-json\/wp\/v2\/pages\/110"}],"wp:attachment":[{"href":"https:\/\/www.astrologosastrologia.com.pt\/blog\/wp-json\/wp\/v2\/media?parent=1607"}],"curies":[{"name":"wp","href":"https:\/\/api.w.org\/{rel}","templated":true}]}}