{"id":1614,"date":"2015-05-16T07:14:57","date_gmt":"2015-05-16T07:14:57","guid":{"rendered":"http:\/\/www.astrologosastrologia.com.pt\/blog\/?page_id=1614"},"modified":"2015-05-16T07:14:57","modified_gmt":"2015-05-16T07:14:57","slug":"significado-dos-sonhos-letra-k","status":"publish","type":"page","link":"https:\/\/www.astrologosastrologia.com.pt\/blog\/sonhos\/significado-dos-sonhos-letra-k\/","title":{"rendered":"Significado dos sonhos &#8211; letra k"},"content":{"rendered":"<p style=\"text-align: center;\"><a href=\"http:\/\/www.astrologosastrologia.com.pt\/blog\/wp-content\/uploads\/2015\/05\/Sonhos-significados.gif\"><img loading=\"lazy\" decoding=\"async\" class=\"alignnone size-full wp-image-1568\" src=\"http:\/\/www.astrologosastrologia.com.pt\/blog\/wp-content\/uploads\/2015\/05\/Sonhos-significados.gif\" alt=\"Sonhos-significados\" width=\"150\" height=\"43\" \/><\/a>\u00a0<a href=\"http:\/\/www.astrologosastrologia.com.pt\/blog\/wp-content\/uploads\/2015\/05\/sonhos-k1.gif\"><img loading=\"lazy\" decoding=\"async\" class=\"alignnone size-full wp-image-1615\" src=\"http:\/\/www.astrologosastrologia.com.pt\/blog\/wp-content\/uploads\/2015\/05\/sonhos-k1.gif\" alt=\"sonhos k\" width=\"54\" height=\"50\" \/><\/a><\/p>\n<p>&nbsp;<\/p>\n<p><strong>Karaok\u00ea: <\/strong>Representa, em <a href=\"http:\/\/www.astrologosastrologia.com.pt\/blog\/sonhos\/\" data-internallinksmanager029f6b8e52c=\"18\" title=\"Sonhos, saiba mais aqui\">sonho<\/a>, uma grande vontade de se libertar de algo que h\u00e1 muito tempo deseja. Tirar notas excelentes: sua auto-estima precisa ser melhorada. Cantar em dupla: indica liberdade espiritual. Cantar s\u00f3: vive do passado.<\/p>\n<p>&nbsp;<\/p>\n<p><strong>Ketchup: <\/strong>Este <a href=\"http:\/\/www.astrologosastrologia.com.pt\/blog\/sonhos\/\" data-internallinksmanager029f6b8e52c=\"18\" title=\"Sonhos, saiba mais aqui\">sonho<\/a> representa pouca inspira\u00e7\u00e3o para a arte, de um modo geral. Sujar a roupa com ketchup: voc\u00ea se sente uma pessoa zelosa demais. P\u00f4r muito ketchup no lanche: fome.<\/p>\n<p>&nbsp;<\/p>\n<p><strong><br \/>\n<\/strong><strong>Kiwi<\/strong><strong>: <\/strong>Comer essa fruta: sorte nos neg\u00f3cios. Comprar: desejo realizado. Vender: cuidado com inimigos. Ver outras pessoas manuseando a fruta estragada: muita sa\u00fade para quem sonha. Fruta em bom estado: realiza\u00e7\u00e3o amorosa.<\/p>\n<p>&nbsp;<\/p>\n<p><strong>Knock-out:<\/strong> Se sonharmos que pomos o nosso advers\u00e1rio K.O. significa que triunfaremos sobre nossos advers\u00e1rios de acordo com nossas condi\u00e7\u00f5es. Se pelo contrario sofremos um KO, ent\u00e3o avizinham-se perdas e preju\u00edzos.<\/p>\n<p>&nbsp;<\/p>\n<p><strong><img decoding=\"async\" src=\"http:\/\/www.astrologosastrologia.com.pt\/blog\/wp-content\/uploads\/2015\/05\/Portal-ae.jpg\" alt=\"Portal a&amp;e\" \/>\u00ab\u00ab Voltar ao tema: <span style=\"color: #008000;\"><a style=\"color: #008000;\" href=\"http:\/\/www.astrologosastrologia.com.pt\/blog\/sonhos\/\">Sonhos \u2013 Significado dos Sonhos<\/a> <\/span>|<\/strong><\/p>\n<p>&nbsp;<\/p>\n ","protected":false},"excerpt":{"rendered":"<p>\u00a0 &nbsp; Karaok\u00ea: Representa, em sonho, uma grande vontade de se libertar de algo que h\u00e1 muito tempo deseja. Tirar notas excelentes: sua auto-estima precisa ser melhorada. Cantar em dupla: indica liberdade espiritual. Cantar s\u00f3: vive do passado. &nbsp; Ketchup: Este sonho representa pouca inspira\u00e7\u00e3o para a arte, de um modo geral. Sujar a roupa com ketchup: voc\u00ea se sente<\/p>\n","protected":false},"author":1,"featured_media":0,"parent":110,"menu_order":0,"comment_status":"closed","ping_status":"closed","template":"","meta":{"footnotes":""},"class_list":["post-1614","page","type-page","status-publish","hentry"],"_links":{"self":[{"href":"https:\/\/www.astrologosastrologia.com.pt\/blog\/wp-json\/wp\/v2\/pages\/1614","targetHints":{"allow":["GET"]}}],"collection":[{"href":"https:\/\/www.astrologosastrologia.com.pt\/blog\/wp-json\/wp\/v2\/pages"}],"about":[{"href":"https:\/\/www.astrologosastrologia.com.pt\/blog\/wp-json\/wp\/v2\/types\/page"}],"author":[{"embeddable":true,"href":"https:\/\/www.astrologosastrologia.com.pt\/blog\/wp-json\/wp\/v2\/users\/1"}],"replies":[{"embeddable":true,"href":"https:\/\/www.astrologosastrologia.com.pt\/blog\/wp-json\/wp\/v2\/comments?post=1614"}],"version-history":[{"count":1,"href":"https:\/\/www.astrologosastrologia.com.pt\/blog\/wp-json\/wp\/v2\/pages\/1614\/revisions"}],"predecessor-version":[{"id":1616,"href":"https:\/\/www.astrologosastrologia.com.pt\/blog\/wp-json\/wp\/v2\/pages\/1614\/revisions\/1616"}],"up":[{"embeddable":true,"href":"https:\/\/www.astrologosastrologia.com.pt\/blog\/wp-json\/wp\/v2\/pages\/110"}],"wp:attachment":[{"href":"https:\/\/www.astrologosastrologia.com.pt\/blog\/wp-json\/wp\/v2\/media?parent=1614"}],"curies":[{"name":"wp","href":"https:\/\/api.w.org\/{rel}","templated":true}]}}