{"id":1627,"date":"2015-05-16T07:38:44","date_gmt":"2015-05-16T07:38:44","guid":{"rendered":"http:\/\/www.astrologosastrologia.com.pt\/blog\/?page_id=1627"},"modified":"2015-05-16T07:38:44","modified_gmt":"2015-05-16T07:38:44","slug":"significado-dos-sonhos-letra-n","status":"publish","type":"page","link":"https:\/\/www.astrologosastrologia.com.pt\/blog\/sonhos\/significado-dos-sonhos-letra-n\/","title":{"rendered":"Significado dos sonhos &#8211; letra N"},"content":{"rendered":"<p style=\"text-align: center;\"><a href=\"http:\/\/www.astrologosastrologia.com.pt\/blog\/wp-content\/uploads\/2015\/05\/Sonhos-significados.gif\"><img loading=\"lazy\" decoding=\"async\" class=\"alignnone size-full wp-image-1568\" src=\"http:\/\/www.astrologosastrologia.com.pt\/blog\/wp-content\/uploads\/2015\/05\/Sonhos-significados.gif\" alt=\"Sonhos-significados\" width=\"150\" height=\"43\" \/><\/a>\u00a0<a href=\"http:\/\/www.astrologosastrologia.com.pt\/blog\/wp-content\/uploads\/2015\/05\/sonhos-n1.gif\"><img loading=\"lazy\" decoding=\"async\" class=\"alignnone size-full wp-image-1628\" src=\"http:\/\/www.astrologosastrologia.com.pt\/blog\/wp-content\/uploads\/2015\/05\/sonhos-n1.gif\" alt=\"sonhos n\" width=\"45\" height=\"50\" \/><\/a><\/p>\n<p>&nbsp;<\/p>\n<p><strong>Significado dos <a href=\"http:\/\/www.astrologosastrologia.com.pt\/blog\/sonhos\/\" data-internallinksmanager029f6b8e52c=\"18\" title=\"Sonhos, saiba mais aqui\">sonhos<\/a> &#8211;<\/strong><strong> <a href=\"http:\/\/www.astrologosastrologia.com.pt\/blog\/sonhos\/\" data-internallinksmanager029f6b8e52c=\"18\" title=\"Sonhos, saiba mais aqui\">Sonhar<\/a> com Nabo:<\/strong> Anuncia infidelidades e malqueren\u00e7as. <a href=\"http:\/\/www.astrologosastrologia.com.pt\/blog\/sonhos\/\" data-internallinksmanager029f6b8e52c=\"18\" title=\"Sonhos, saiba mais aqui\">Sonhar<\/a> que est\u00e1 a plantar nabos: sa\u00fade debilitada. <a href=\"http:\/\/www.astrologosastrologia.com.pt\/blog\/sonhos\/\" data-internallinksmanager029f6b8e52c=\"18\" title=\"Sonhos, saiba mais aqui\">Sonhar<\/a> que est\u00e1 a comer nabos: ter\u00e1 boas perspetivas. <a href=\"http:\/\/www.astrologosastrologia.com.pt\/blog\/sonhos\/\" data-internallinksmanager029f6b8e52c=\"18\" title=\"Sonhos, saiba mais aqui\">Sonhar<\/a> que est\u00e1 a cozinhar nabos: melhorias na sa\u00fade.<\/p>\n<p>&nbsp;<\/p>\n<p><strong>Significado dos <a href=\"http:\/\/www.astrologosastrologia.com.pt\/blog\/sonhos\/\" data-internallinksmanager029f6b8e52c=\"18\" title=\"Sonhos, saiba mais aqui\">sonhos<\/a> &#8211;<\/strong><strong> <a href=\"http:\/\/www.astrologosastrologia.com.pt\/blog\/sonhos\/\" data-internallinksmanager029f6b8e52c=\"18\" title=\"Sonhos, saiba mais aqui\">Sonhar<\/a> com <\/strong><strong>Nadar:<\/strong> De modo geral indica- que voc\u00ea ter\u00e1 de lutar com grande esfor\u00e7o contra toda sorte de obst\u00e1culos, principalmente os de ordem financeira. Cautela em novos empreendimentos. Em \u00e1gua limpa: sucesso Se a \u00e1gua estiver suja: dificuldades.<\/p>\n<p>&nbsp;<\/p>\n<p><strong>Significado dos <a href=\"http:\/\/www.astrologosastrologia.com.pt\/blog\/sonhos\/\" data-internallinksmanager029f6b8e52c=\"18\" title=\"Sonhos, saiba mais aqui\">sonhos<\/a> &#8211;<\/strong><strong> <a href=\"http:\/\/www.astrologosastrologia.com.pt\/blog\/sonhos\/\" data-internallinksmanager029f6b8e52c=\"18\" title=\"Sonhos, saiba mais aqui\">Sonhar<\/a> com <\/strong><strong>N\u00e1degas:<\/strong> Suas pr\u00f3prias n\u00e1degas: a fortuna a(o) espera. As n\u00e1degas de um homem: bons neg\u00f3cios est\u00e3o por vir. As n\u00e1degas de uma mulher:felicidade e amor.<\/p>\n<p>&nbsp;<\/p>\n<p><strong>Significado dos <a href=\"http:\/\/www.astrologosastrologia.com.pt\/blog\/sonhos\/\" data-internallinksmanager029f6b8e52c=\"18\" title=\"Sonhos, saiba mais aqui\">sonhos<\/a> &#8211;<\/strong><strong> <a href=\"http:\/\/www.astrologosastrologia.com.pt\/blog\/sonhos\/\" data-internallinksmanager029f6b8e52c=\"18\" title=\"Sonhos, saiba mais aqui\">Sonhar<\/a> com <\/strong><strong>Namorada(o)<\/strong><strong>: <\/strong>Estar em sua companhia: voc\u00ea vive dias de intenso carinho. Engan\u00e1-la(o): discuss\u00f5es \u00edntimas.<\/p>\n<p>&nbsp;<\/p>\n<p><strong>Significado dos <a href=\"http:\/\/www.astrologosastrologia.com.pt\/blog\/sonhos\/\" data-internallinksmanager029f6b8e52c=\"18\" title=\"Sonhos, saiba mais aqui\">sonhos<\/a> &#8211;<\/strong><strong> <a href=\"http:\/\/www.astrologosastrologia.com.pt\/blog\/sonhos\/\" data-internallinksmanager029f6b8e52c=\"18\" title=\"Sonhos, saiba mais aqui\">Sonhar<\/a> com <\/strong><strong>Narciso:<\/strong> \u00c9 um sinal de vaidade e egocentrismo. Esta flor est\u00e1 intimamente ligada ao s\u00edmbolo que a identifica: \u201colhar-se a si mesmo\u201d. \u00c9 tamb\u00e9m um s\u00edmbolo feminino e <a href=\"http:\/\/www.astrologosastrologia.com.pt\/blog\/sonhos\/\" data-internallinksmanager029f6b8e52c=\"18\" title=\"Sonhos, saiba mais aqui\">sonhar<\/a> com ela pode indicar desejo de autogratifica\u00e7\u00e3o, contempla\u00e7\u00e3o e ego\u00edsmo. Pode significar casamento para a mulher.<\/p>\n<p>&nbsp;<\/p>\n<p><strong>Significado dos <a href=\"http:\/\/www.astrologosastrologia.com.pt\/blog\/sonhos\/\" data-internallinksmanager029f6b8e52c=\"18\" title=\"Sonhos, saiba mais aqui\">sonhos<\/a> &#8211;<\/strong><strong> <a href=\"http:\/\/www.astrologosastrologia.com.pt\/blog\/sonhos\/\" data-internallinksmanager029f6b8e52c=\"18\" title=\"Sonhos, saiba mais aqui\">Sonhar<\/a> com <\/strong><strong>Nariz:<\/strong> Ver- a inveja de parentes e amigos trar\u00e1 obst\u00e1culos \u00e0 sua ambi\u00e7\u00e3o. Assoar- perda de estima dos benfeitores por causa de cal\u00fania ou m\u00e1 interpreta\u00e7\u00e3o do seu modo de proceder. Seu pr\u00f3prio nariz: pobreza. Ter belo nariz: bom car\u00e1ter e confian\u00e7a em si.<\/p>\n<p>&nbsp;<\/p>\n<p><strong>Significado dos <a href=\"http:\/\/www.astrologosastrologia.com.pt\/blog\/sonhos\/\" data-internallinksmanager029f6b8e52c=\"18\" title=\"Sonhos, saiba mais aqui\">sonhos<\/a> &#8211;<\/strong><strong> <a href=\"http:\/\/www.astrologosastrologia.com.pt\/blog\/sonhos\/\" data-internallinksmanager029f6b8e52c=\"18\" title=\"Sonhos, saiba mais aqui\">Sonhar<\/a> com <\/strong><strong>Nascimento<\/strong><strong>: <\/strong>Quando n\u00e3o est\u00e1 relacionado ao desejo ou medo de nascimento, este <a href=\"http:\/\/www.astrologosastrologia.com.pt\/blog\/sonhos\/\" data-internallinksmanager029f6b8e52c=\"18\" title=\"Sonhos, saiba mais aqui\">sonho<\/a> indica para a mulher uma nova atitude diante da vida. Para o homem, planos se realizar\u00e3o.<\/p>\n<p>&nbsp;<\/p>\n<p><strong>Significado dos <a href=\"http:\/\/www.astrologosastrologia.com.pt\/blog\/sonhos\/\" data-internallinksmanager029f6b8e52c=\"18\" title=\"Sonhos, saiba mais aqui\">sonhos<\/a> &#8211;<\/strong><strong> <a href=\"http:\/\/www.astrologosastrologia.com.pt\/blog\/sonhos\/\" data-internallinksmanager029f6b8e52c=\"18\" title=\"Sonhos, saiba mais aqui\">Sonhar<\/a> com <\/strong><strong>Natal:<\/strong> Ir a igreja no dia de Natal: receber\u00e1 as b\u00ean\u00e7\u00e3os de <a href=\"http:\/\/www.astrologosastrologia.com.pt\/blog\/deuses\/\" data-internallinksmanager029f6b8e52c=\"10\" title=\"Deuses e Deusas, veja mais aqui\">Deus<\/a>. O Natal: ter\u00e1 grande felicidade na fam\u00edlia.<\/p>\n<p>&nbsp;<\/p>\n<p><strong>Significado dos <a href=\"http:\/\/www.astrologosastrologia.com.pt\/blog\/sonhos\/\" data-internallinksmanager029f6b8e52c=\"18\" title=\"Sonhos, saiba mais aqui\">sonhos<\/a> &#8211;<\/strong><strong> <a href=\"http:\/\/www.astrologosastrologia.com.pt\/blog\/sonhos\/\" data-internallinksmanager029f6b8e52c=\"18\" title=\"Sonhos, saiba mais aqui\">Sonhar<\/a> com <\/strong><strong>Naufragio:<\/strong> Ver um naufr\u00e1gio \u00e9 sinal de que receberemos alguma coisa. Pode ser uma heran\u00e7a, algum <a href=\"https:\/\/www.magianegra.com.pt\/\" data-internallinksmanager029f6b8e52c=\"2\" title=\"Trabalhos de magia negra, saiba tudo aqui\" target=\"_blank\" rel=\"noopener\">trabalho<\/a> ou presente. Participar de um naufr\u00e1gio, se o barco afunda sem viol\u00eancia, anuncia uma mudan\u00e7a de estado, de circunst\u00e2ncias (sempre positiva). Se existe viol\u00eancia, \u00e9 prov\u00e1vel que fracasse uma associa\u00e7\u00e3o (ou matrim\u00f4nio).<\/p>\n<p>&nbsp;<\/p>\n<p><strong>Significado dos <a href=\"http:\/\/www.astrologosastrologia.com.pt\/blog\/sonhos\/\" data-internallinksmanager029f6b8e52c=\"18\" title=\"Sonhos, saiba mais aqui\">sonhos<\/a> &#8211;<\/strong><strong> <a href=\"http:\/\/www.astrologosastrologia.com.pt\/blog\/sonhos\/\" data-internallinksmanager029f6b8e52c=\"18\" title=\"Sonhos, saiba mais aqui\">Sonhar<\/a> com Navalha:<\/strong> Ver- sorte em neg\u00f3cios e no jogo. Cortar-se com uma- desentendimentos em fam\u00edlia. Cortar algu\u00e9m- dificuldades na resolu\u00e7\u00e3o e andamento dos seus projetos financeiros e amorosos.<\/p>\n<p>&nbsp;<\/p>\n<p><strong>Significado dos <a href=\"http:\/\/www.astrologosastrologia.com.pt\/blog\/sonhos\/\" data-internallinksmanager029f6b8e52c=\"18\" title=\"Sonhos, saiba mais aqui\">sonhos<\/a> &#8211;<\/strong><strong> <a href=\"http:\/\/www.astrologosastrologia.com.pt\/blog\/sonhos\/\" data-internallinksmanager029f6b8e52c=\"18\" title=\"Sonhos, saiba mais aqui\">Sonhar<\/a> com <\/strong><strong>Navio: <\/strong>Receber\u00e1 not\u00edcias ou se reencontrar\u00e1 com pessoa estimada. Naufr\u00e1gio: os acontecimentos est\u00e3o contra voc\u00ea, n\u00e3o insista se a luta for desigual.<\/p>\n<p>&nbsp;<\/p>\n<p><strong>Significado dos <a href=\"http:\/\/www.astrologosastrologia.com.pt\/blog\/sonhos\/\" data-internallinksmanager029f6b8e52c=\"18\" title=\"Sonhos, saiba mais aqui\">sonhos<\/a> &#8211;<\/strong><strong> <a href=\"http:\/\/www.astrologosastrologia.com.pt\/blog\/sonhos\/\" data-internallinksmanager029f6b8e52c=\"18\" title=\"Sonhos, saiba mais aqui\">Sonhar<\/a> com <\/strong><strong>Neblina<\/strong><strong>: <\/strong>Dinheiro chegando. Estar envolvido em neblina: infelicidade tio <a href=\"https:\/\/www.astrologosastrologia.com.pt\/blog\/feng-shui\/\" data-internallinksmanager029f6b8e52c=\"22\" title=\"Fen Shui, veja mais aqui\">lar<\/a>.<\/p>\n<p>&nbsp;<\/p>\n<p><strong>Significado dos <a href=\"http:\/\/www.astrologosastrologia.com.pt\/blog\/sonhos\/\" data-internallinksmanager029f6b8e52c=\"18\" title=\"Sonhos, saiba mais aqui\">sonhos<\/a> &#8211;<\/strong><strong> <a href=\"http:\/\/www.astrologosastrologia.com.pt\/blog\/sonhos\/\" data-internallinksmanager029f6b8e52c=\"18\" title=\"Sonhos, saiba mais aqui\">Sonhar<\/a> com Nectarina: <\/strong><a href=\"http:\/\/www.astrologosastrologia.com.pt\/blog\/sonhos\/\" data-internallinksmanager029f6b8e52c=\"18\" title=\"Sonhos, saiba mais aqui\">Sonhar<\/a> com nectarinas a crescer anuncia boa sa\u00fade. <a href=\"http:\/\/www.astrologosastrologia.com.pt\/blog\/sonhos\/\" data-internallinksmanager029f6b8e52c=\"18\" title=\"Sonhos, saiba mais aqui\">Sonhar<\/a> que est\u00e1 colhendo nectarinas: prosperidade no campo amoroso.<\/p>\n<p>&nbsp;<\/p>\n<p style=\"text-align: justify;\"><strong>Significado dos <a href=\"http:\/\/www.astrologosastrologia.com.pt\/blog\/sonhos\/\" data-internallinksmanager029f6b8e52c=\"18\" title=\"Sonhos, saiba mais aqui\">sonhos<\/a> &#8211;<\/strong><strong> <a href=\"http:\/\/www.astrologosastrologia.com.pt\/blog\/sonhos\/\" data-internallinksmanager029f6b8e52c=\"18\" title=\"Sonhos, saiba mais aqui\">Sonhar<\/a> com <\/strong><strong>Neg\u00f3cios:<\/strong> Ilegais: infort\u00fanios. Legais: sorte. Bem-sucedidos: heran\u00e7a. Fracassados: obst\u00e1culos. Indecis\u00e3o: preocupa\u00e7\u00f5es.<\/p>\n<p>&nbsp;<\/p>\n<p style=\"text-align: justify;\"><strong>Significado dos <a href=\"http:\/\/www.astrologosastrologia.com.pt\/blog\/sonhos\/\" data-internallinksmanager029f6b8e52c=\"18\" title=\"Sonhos, saiba mais aqui\">sonhos<\/a> &#8211;<\/strong><strong> <a href=\"http:\/\/www.astrologosastrologia.com.pt\/blog\/sonhos\/\" data-internallinksmanager029f6b8e52c=\"18\" title=\"Sonhos, saiba mais aqui\">Sonhar<\/a> com <\/strong><strong>Negro<\/strong><strong>: <\/strong>Sua apar\u00eancia \u00e9 muito bonita, mas sua vida interior est\u00e1 cheia de conflitos.<\/p>\n<p>&nbsp;<\/p>\n<p><strong>Significado dos <a href=\"http:\/\/www.astrologosastrologia.com.pt\/blog\/sonhos\/\" data-internallinksmanager029f6b8e52c=\"18\" title=\"Sonhos, saiba mais aqui\">sonhos<\/a> &#8211;<\/strong><strong> <a href=\"http:\/\/www.astrologosastrologia.com.pt\/blog\/sonhos\/\" data-internallinksmanager029f6b8e52c=\"18\" title=\"Sonhos, saiba mais aqui\">Sonhar<\/a> com Nen\u00fafar: <\/strong>anuncia perigos inesperados e que seus desejos est\u00e3o longe de ser alcan\u00e7ados. <a href=\"http:\/\/www.astrologosastrologia.com.pt\/blog\/sonhos\/\" data-internallinksmanager029f6b8e52c=\"18\" title=\"Sonhos, saiba mais aqui\">Sonhar<\/a> que est\u00e1 recebendo nen\u00fafares de presente, anuncia que est\u00e1 cercado de inimigos.<\/p>\n<p>&nbsp;<\/p>\n<p><strong>Significado dos <a href=\"http:\/\/www.astrologosastrologia.com.pt\/blog\/sonhos\/\" data-internallinksmanager029f6b8e52c=\"18\" title=\"Sonhos, saiba mais aqui\">sonhos<\/a> &#8211;<\/strong><strong> <a href=\"http:\/\/www.astrologosastrologia.com.pt\/blog\/sonhos\/\" data-internallinksmanager029f6b8e52c=\"18\" title=\"Sonhos, saiba mais aqui\">Sonhar<\/a> com <\/strong><strong>Neve<\/strong><strong>: <\/strong>Boa colheita. Esquiar: tudo sair\u00e1 bem<strong>.<\/strong><\/p>\n<p>&nbsp;<\/p>\n<p><strong>Significado dos <a href=\"http:\/\/www.astrologosastrologia.com.pt\/blog\/sonhos\/\" data-internallinksmanager029f6b8e52c=\"18\" title=\"Sonhos, saiba mais aqui\">sonhos<\/a> &#8211;<\/strong><strong> <a href=\"http:\/\/www.astrologosastrologia.com.pt\/blog\/sonhos\/\" data-internallinksmanager029f6b8e52c=\"18\" title=\"Sonhos, saiba mais aqui\">Sonhar<\/a> com Ninho: <\/strong>o ninho \u00e9 o s\u00edmbolo do <a href=\"https:\/\/www.astrologosastrologia.com.pt\/blog\/feng-shui\/\" data-internallinksmanager029f6b8e52c=\"22\" title=\"Fen Shui, veja mais aqui\">lar<\/a> e da fam\u00edlia e indicia na maioria das vezes uma vida harmoniosa, sem perturba\u00e7\u00f5es, nem desordens domesticas, por um lato per\u00edodo de tempo. Se o ninho de p\u00e1ssaros estiver cheio, seja de p\u00e1ssaros, seja de ovos: simboliza a felicidade no <a href=\"https:\/\/www.astrologosastrologia.com.pt\/blog\/feng-shui\/\" data-internallinksmanager029f6b8e52c=\"22\" title=\"Fen Shui, veja mais aqui\">lar<\/a>, novos nascimentos, bons resultados nos neg\u00f3cios empreendidos. <a href=\"http:\/\/www.astrologosastrologia.com.pt\/blog\/sonhos\/\" data-internallinksmanager029f6b8e52c=\"18\" title=\"Sonhos, saiba mais aqui\">Sonhar<\/a> estar fazendo um ninho: \u00e9 de bom augurio para os noivos, pois indica casamento longo e feliz. Se o ninho estiver vazio ou abandonado: simboliza o desamparo, os seus neg\u00f3cios atravessar\u00e3o um per\u00edodo com bastantes dificuldades. Se no ninho estiverem passarinhos abandonados e sozinhos: a m\u00e1goa e a tristeza v\u00e3o andar perto de si. Se destruiu o ninho: ruptura definitiva com a fam\u00edlia. Se viu o ninho ca\u00eddo por terra: um evento vai mudar o rumo de sua exist\u00eancia. Se <a href=\"http:\/\/www.astrologosastrologia.com.pt\/blog\/sonhos\/\" data-internallinksmanager029f6b8e52c=\"18\" title=\"Sonhos, saiba mais aqui\">sonhou<\/a> com um ninho vazio debaixo do telhado de sua <a href=\"https:\/\/www.astrologosastrologia.com.pt\/blog\/feng-shui\/\" data-internallinksmanager029f6b8e52c=\"22\" title=\"Fen Shui, veja mais aqui\">casa<\/a>: um ser querido vai deixar voc\u00ea.<\/p>\n<p>Quando aparece um ninho de v\u00edboras \u00e9 sinal de preocupa\u00e7\u00f5es e trai\u00e7\u00e3o, de haver uma pessoa falsa ao seu lado. Se <a href=\"http:\/\/www.astrologosastrologia.com.pt\/blog\/sonhos\/\" data-internallinksmanager029f6b8e52c=\"18\" title=\"Sonhos, saiba mais aqui\">sonhar<\/a> com um ninho de vespas: dever\u00e1 enfrentar pessoas perigosas.<\/p>\n<p>&nbsp;<\/p>\n<p><strong>Significado dos <a href=\"http:\/\/www.astrologosastrologia.com.pt\/blog\/sonhos\/\" data-internallinksmanager029f6b8e52c=\"18\" title=\"Sonhos, saiba mais aqui\">sonhos<\/a> &#8211;<\/strong><strong> <a href=\"http:\/\/www.astrologosastrologia.com.pt\/blog\/sonhos\/\" data-internallinksmanager029f6b8e52c=\"18\" title=\"Sonhos, saiba mais aqui\">Sonhar<\/a> com <\/strong><strong>N\u00f3:<\/strong> Dar um- vida incerta e sujeita a mudan\u00e7a de planos, que n\u00e3o estavam seguros. Desatar um- solu\u00e7\u00e3o para problemas antigos; \u00eaxito em atividades comerciais e burocr\u00e1ticas.<\/p>\n<p>&nbsp;<\/p>\n<p><strong>Significado dos <a href=\"http:\/\/www.astrologosastrologia.com.pt\/blog\/sonhos\/\" data-internallinksmanager029f6b8e52c=\"18\" title=\"Sonhos, saiba mais aqui\">sonhos<\/a> &#8211;<\/strong><strong> <a href=\"http:\/\/www.astrologosastrologia.com.pt\/blog\/sonhos\/\" data-internallinksmanager029f6b8e52c=\"18\" title=\"Sonhos, saiba mais aqui\">Sonhar<\/a> com noz: <\/strong>para os antigos, a noz representava o c\u00e9rebro, e conforme estivesse o fruto, assim se encontrava aquele. No geral n\u00e3o \u00e9 um <a href=\"http:\/\/www.astrologosastrologia.com.pt\/blog\/sonhos\/\" data-internallinksmanager029f6b8e52c=\"18\" title=\"Sonhos, saiba mais aqui\">sonho<\/a> de bom aug\u00fario, pois pressagia discuss\u00f5es no seio familiar, invejas e esfor\u00e7o para superar as dificuldades.<\/p>\n<p>&nbsp;<\/p>\n<p><strong>Significado dos <a href=\"http:\/\/www.astrologosastrologia.com.pt\/blog\/sonhos\/\" data-internallinksmanager029f6b8e52c=\"18\" title=\"Sonhos, saiba mais aqui\">sonhos<\/a> &#8211;<\/strong><strong> <a href=\"http:\/\/www.astrologosastrologia.com.pt\/blog\/sonhos\/\" data-internallinksmanager029f6b8e52c=\"18\" title=\"Sonhos, saiba mais aqui\">Sonhar<\/a> com <\/strong><strong>Nobreza<\/strong><strong>: <\/strong>Ser um nobre: enfermidade. Obst\u00e1culos nos neg\u00f3cios. Dificuldades financeiras.<\/p>\n<p>&nbsp;<\/p>\n<p><strong>Significado dos <a href=\"http:\/\/www.astrologosastrologia.com.pt\/blog\/sonhos\/\" data-internallinksmanager029f6b8e52c=\"18\" title=\"Sonhos, saiba mais aqui\">sonhos<\/a> &#8211;<\/strong><strong> <a href=\"http:\/\/www.astrologosastrologia.com.pt\/blog\/sonhos\/\" data-internallinksmanager029f6b8e52c=\"18\" title=\"Sonhos, saiba mais aqui\">Sonhar<\/a> com <\/strong><strong>Noite<\/strong><strong>: <\/strong>Muito escura: tristezas. Clara e estrelada: melhora de situa\u00e7\u00e3o. O <a href=\"http:\/\/www.astrologosastrologia.com.pt\/blog\/sonhos\/\" data-internallinksmanager029f6b8e52c=\"18\" title=\"Sonhos, saiba mais aqui\">sonho<\/a> com noite revela que seus planos <a href=\"http:\/\/www.astrologosastrologia.com.pt\/blog\/santos\/\" data-internallinksmanager029f6b8e52c=\"9\" title=\"Santos e Santas, veja mais aqui\">s\u00e3o<\/a> perigosos.<\/p>\n<p>&nbsp;<\/p>\n<p><strong>Significado dos <a href=\"http:\/\/www.astrologosastrologia.com.pt\/blog\/sonhos\/\" data-internallinksmanager029f6b8e52c=\"18\" title=\"Sonhos, saiba mais aqui\">sonhos<\/a> &#8211;<\/strong><strong> <a href=\"http:\/\/www.astrologosastrologia.com.pt\/blog\/sonhos\/\" data-internallinksmanager029f6b8e52c=\"18\" title=\"Sonhos, saiba mais aqui\">Sonhar<\/a> com <\/strong><strong>Noivado: <\/strong>Poder\u00e1 sofrer decep\u00e7\u00f5es. Noivado desfeito: passar\u00e1 por tristeza emocional.<\/p>\n<p>&nbsp;<\/p>\n<p><strong>Significado dos <a href=\"http:\/\/www.astrologosastrologia.com.pt\/blog\/sonhos\/\" data-internallinksmanager029f6b8e52c=\"18\" title=\"Sonhos, saiba mais aqui\">sonhos<\/a> &#8211;<\/strong><strong> <a href=\"http:\/\/www.astrologosastrologia.com.pt\/blog\/sonhos\/\" data-internallinksmanager029f6b8e52c=\"18\" title=\"Sonhos, saiba mais aqui\">Sonhar<\/a> com <\/strong><strong>Nome: <\/strong>Escrev\u00ea-lo: espere por reconcilia\u00e7\u00f5es. Pronunci\u00e1-lo: esteja cautelosa(o) de seus pianos. Ouvi-lo: prepare-se para muitas surpresas interessantes<\/p>\n<p>&nbsp;<\/p>\n<p><strong>Significado dos <a href=\"http:\/\/www.astrologosastrologia.com.pt\/blog\/sonhos\/\" data-internallinksmanager029f6b8e52c=\"18\" title=\"Sonhos, saiba mais aqui\">sonhos<\/a> &#8211;<\/strong><strong> <a href=\"http:\/\/www.astrologosastrologia.com.pt\/blog\/sonhos\/\" data-internallinksmanager029f6b8e52c=\"18\" title=\"Sonhos, saiba mais aqui\">Sonhar<\/a> com Nora:<\/strong> \u00c9 um pren\u00fancio de brigas; intrigas e discuss\u00f5es no ambiente familiar, por causa de inveja e orgulho ferido; procure n\u00e3o fazer visitas e evite reuni\u00f5es familiares.<\/p>\n<p>&nbsp;<\/p>\n<p><strong>Significado dos <a href=\"http:\/\/www.astrologosastrologia.com.pt\/blog\/sonhos\/\" data-internallinksmanager029f6b8e52c=\"18\" title=\"Sonhos, saiba mais aqui\">sonhos<\/a> &#8211;<\/strong><strong> <a href=\"http:\/\/www.astrologosastrologia.com.pt\/blog\/sonhos\/\" data-internallinksmanager029f6b8e52c=\"18\" title=\"Sonhos, saiba mais aqui\">Sonhar<\/a> com <\/strong><strong>Not\u00edcias: <\/strong>Paz familiar e sorte no jogo.<\/p>\n<p>&nbsp;<\/p>\n<p><strong>Significado dos <a href=\"http:\/\/www.astrologosastrologia.com.pt\/blog\/sonhos\/\" data-internallinksmanager029f6b8e52c=\"18\" title=\"Sonhos, saiba mais aqui\">sonhos<\/a> &#8211;<\/strong><strong> <a href=\"http:\/\/www.astrologosastrologia.com.pt\/blog\/sonhos\/\" data-internallinksmanager029f6b8e52c=\"18\" title=\"Sonhos, saiba mais aqui\">Sonhar<\/a> com <\/strong><strong>Novela: <\/strong>Tomar\u00e1 conhecimento de um casamento de parente. Escrever uma: infelicidade.<\/p>\n<p>&nbsp;<\/p>\n<p><strong>Significado dos <a href=\"http:\/\/www.astrologosastrologia.com.pt\/blog\/sonhos\/\" data-internallinksmanager029f6b8e52c=\"18\" title=\"Sonhos, saiba mais aqui\">sonhos<\/a> &#8211;<\/strong><strong> <a href=\"http:\/\/www.astrologosastrologia.com.pt\/blog\/sonhos\/\" data-internallinksmanager029f6b8e52c=\"18\" title=\"Sonhos, saiba mais aqui\">Sonhar<\/a> com <\/strong><strong>Nudez: <\/strong>Voc\u00ea tem desejos muito secretos e \u00edntimos.<\/p>\n<p>&nbsp;<\/p>\n<p><strong>Significado dos <a href=\"http:\/\/www.astrologosastrologia.com.pt\/blog\/sonhos\/\" data-internallinksmanager029f6b8e52c=\"18\" title=\"Sonhos, saiba mais aqui\">sonhos<\/a> &#8211;<\/strong><strong> <a href=\"http:\/\/www.astrologosastrologia.com.pt\/blog\/sonhos\/\" data-internallinksmanager029f6b8e52c=\"18\" title=\"Sonhos, saiba mais aqui\">Sonhar<\/a> com <\/strong><strong>N\u00fameros: <\/strong>N\u00fameros pares: evite decis\u00f5es impensadas. \u00edmpares: sorte aumentada. Sorte: acompanhe-os durante tr\u00eas dias<strong>.<\/strong><\/p>\n<p>&nbsp;<\/p>\n<p><strong>Significado dos <a href=\"http:\/\/www.astrologosastrologia.com.pt\/blog\/sonhos\/\" data-internallinksmanager029f6b8e52c=\"18\" title=\"Sonhos, saiba mais aqui\">sonhos<\/a> &#8211;<\/strong><strong> <a href=\"http:\/\/www.astrologosastrologia.com.pt\/blog\/sonhos\/\" data-internallinksmanager029f6b8e52c=\"18\" title=\"Sonhos, saiba mais aqui\">Sonhar<\/a> com <\/strong><strong>N\u00fapcias: <\/strong>Dias felizes \u00e0 frente. Voc\u00ea ter\u00e1 muitas vantagens, superando as dificuldades.<br \/>\n<strong>Significado dos <a href=\"http:\/\/www.astrologosastrologia.com.pt\/blog\/sonhos\/\" data-internallinksmanager029f6b8e52c=\"18\" title=\"Sonhos, saiba mais aqui\">sonhos<\/a> &#8211; <a href=\"http:\/\/www.astrologosastrologia.com.pt\/blog\/sonhos\/\" data-internallinksmanager029f6b8e52c=\"18\" title=\"Sonhos, saiba mais aqui\">Sonhar<\/a> com Nuvens: <\/strong>Nuvens claras: nova paix\u00e3o; escuras: dificuldades financeiras, tristeza, infelicidades. Ver-se no meio das nuvens: not\u00edcias inesperadas.<\/p>\n<p>&nbsp;<\/p>\n<p><strong><img decoding=\"async\" src=\"http:\/\/www.astrologosastrologia.com.pt\/blog\/wp-content\/uploads\/2015\/05\/Portal-ae.jpg\" alt=\"Portal a&amp;e\" \/>\u00ab\u00ab Voltar ao tema: <span style=\"color: #008000;\"><a style=\"color: #008000;\" href=\"http:\/\/www.astrologosastrologia.com.pt\/blog\/sonhos\/\">Sonhos \u2013 Significado dos Sonhos<\/a> <\/span>|<\/strong><\/p>\n ","protected":false},"excerpt":{"rendered":"<p>\u00a0 &nbsp; Significado dos sonhos &#8211; Sonhar com Nabo: Anuncia infidelidades e malqueren\u00e7as. Sonhar que est\u00e1 a plantar nabos: sa\u00fade debilitada. Sonhar que est\u00e1 a comer nabos: ter\u00e1 boas perspetivas. Sonhar que est\u00e1 a cozinhar nabos: melhorias na sa\u00fade. &nbsp; Significado dos sonhos &#8211; Sonhar com Nadar: De modo geral indica- que voc\u00ea ter\u00e1 de lutar com grande esfor\u00e7o contra<\/p>\n","protected":false},"author":1,"featured_media":0,"parent":110,"menu_order":0,"comment_status":"closed","ping_status":"closed","template":"","meta":{"footnotes":""},"class_list":["post-1627","page","type-page","status-publish","hentry"],"_links":{"self":[{"href":"https:\/\/www.astrologosastrologia.com.pt\/blog\/wp-json\/wp\/v2\/pages\/1627","targetHints":{"allow":["GET"]}}],"collection":[{"href":"https:\/\/www.astrologosastrologia.com.pt\/blog\/wp-json\/wp\/v2\/pages"}],"about":[{"href":"https:\/\/www.astrologosastrologia.com.pt\/blog\/wp-json\/wp\/v2\/types\/page"}],"author":[{"embeddable":true,"href":"https:\/\/www.astrologosastrologia.com.pt\/blog\/wp-json\/wp\/v2\/users\/1"}],"replies":[{"embeddable":true,"href":"https:\/\/www.astrologosastrologia.com.pt\/blog\/wp-json\/wp\/v2\/comments?post=1627"}],"version-history":[{"count":1,"href":"https:\/\/www.astrologosastrologia.com.pt\/blog\/wp-json\/wp\/v2\/pages\/1627\/revisions"}],"predecessor-version":[{"id":1629,"href":"https:\/\/www.astrologosastrologia.com.pt\/blog\/wp-json\/wp\/v2\/pages\/1627\/revisions\/1629"}],"up":[{"embeddable":true,"href":"https:\/\/www.astrologosastrologia.com.pt\/blog\/wp-json\/wp\/v2\/pages\/110"}],"wp:attachment":[{"href":"https:\/\/www.astrologosastrologia.com.pt\/blog\/wp-json\/wp\/v2\/media?parent=1627"}],"curies":[{"name":"wp","href":"https:\/\/api.w.org\/{rel}","templated":true}]}}