{"id":1639,"date":"2015-05-16T07:58:47","date_gmt":"2015-05-16T07:58:47","guid":{"rendered":"http:\/\/www.astrologosastrologia.com.pt\/blog\/?page_id=1639"},"modified":"2015-05-16T07:58:47","modified_gmt":"2015-05-16T07:58:47","slug":"significado-dos-sonhos-letra-q","status":"publish","type":"page","link":"https:\/\/www.astrologosastrologia.com.pt\/blog\/sonhos\/significado-dos-sonhos-letra-q\/","title":{"rendered":"Significado dos sonhos &#8211; letra Q"},"content":{"rendered":"<p style=\"text-align: center;\"><a href=\"http:\/\/www.astrologosastrologia.com.pt\/blog\/wp-content\/uploads\/2015\/05\/Sonhos-significados.gif\"><img loading=\"lazy\" decoding=\"async\" class=\"alignnone size-full wp-image-1568\" src=\"http:\/\/www.astrologosastrologia.com.pt\/blog\/wp-content\/uploads\/2015\/05\/Sonhos-significados.gif\" alt=\"Sonhos-significados\" width=\"150\" height=\"43\" \/><\/a>\u00a0<a href=\"http:\/\/www.astrologosastrologia.com.pt\/blog\/wp-content\/uploads\/2015\/05\/sonhos-q1.gif\"><img loading=\"lazy\" decoding=\"async\" class=\"alignnone size-full wp-image-1640\" src=\"http:\/\/www.astrologosastrologia.com.pt\/blog\/wp-content\/uploads\/2015\/05\/sonhos-q1.gif\" alt=\"sonhos q\" width=\"51\" height=\"50\" \/><\/a><\/p>\n<p>&nbsp;<\/p>\n<p><strong>Significado dos <a href=\"http:\/\/www.astrologosastrologia.com.pt\/blog\/sonhos\/\" data-internallinksmanager029f6b8e52c=\"18\" title=\"Sonhos, saiba mais aqui\">Sonhos<\/a> &#8211;<\/strong><strong> <a href=\"http:\/\/www.astrologosastrologia.com.pt\/blog\/sonhos\/\" data-internallinksmanager029f6b8e52c=\"18\" title=\"Sonhos, saiba mais aqui\">Sonhar<\/a> com Quadrilha<\/strong><strong>: <\/strong>De bandidos- n\u00e3o se arrisque em projetos incertos; analise bem as pessoas antes de assumir compromissos, pois poder\u00e3o lhe prejudicar. De \u201c<a href=\"http:\/\/www.astrologosastrologia.com.pt\/blog\/santos\/\" data-internallinksmanager029f6b8e52c=\"9\" title=\"Santos e Santas, veja mais aqui\">S\u00e3o<\/a> Jo\u00e3o\u201d- harmonia e paz na fam\u00edlia.<\/p>\n<p>&nbsp;<\/p>\n<p><strong>Significado dos <a href=\"http:\/\/www.astrologosastrologia.com.pt\/blog\/sonhos\/\" data-internallinksmanager029f6b8e52c=\"18\" title=\"Sonhos, saiba mais aqui\">Sonhos<\/a> &#8211;<\/strong><strong> <a href=\"http:\/\/www.astrologosastrologia.com.pt\/blog\/sonhos\/\" data-internallinksmanager029f6b8e52c=\"18\" title=\"Sonhos, saiba mais aqui\">Sonhar<\/a> com Quadris: <\/strong>De modo geral- indica necessidade de aventuras, romances novos e sensuais. N\u00e3o seja t\u00e3o exclusivista em mat\u00e9ria de amor; procure pessoas est\u00e1veis e seguras para seus relacionamentos.<\/p>\n<p>&nbsp;<\/p>\n<p><strong>Significado dos <a href=\"http:\/\/www.astrologosastrologia.com.pt\/blog\/sonhos\/\" data-internallinksmanager029f6b8e52c=\"18\" title=\"Sonhos, saiba mais aqui\">Sonhos<\/a> &#8211;<\/strong><strong> <a href=\"http:\/\/www.astrologosastrologia.com.pt\/blog\/sonhos\/\" data-internallinksmanager029f6b8e52c=\"18\" title=\"Sonhos, saiba mais aqui\">Sonhar<\/a> com Quadros:<\/strong> V\u00ea-los- indica tend\u00eancia \u00e0 arte; procure se dedicar a esse ramo de atividade. Compr\u00e1-los- grandes chances de subir na vida. Vend\u00ea-los- perda de afeto.<\/p>\n<p>&nbsp;<\/p>\n<p><strong>Significado dos <a href=\"http:\/\/www.astrologosastrologia.com.pt\/blog\/sonhos\/\" data-internallinksmanager029f6b8e52c=\"18\" title=\"Sonhos, saiba mais aqui\">Sonhos<\/a> &#8211;<\/strong><strong> <a href=\"http:\/\/www.astrologosastrologia.com.pt\/blog\/sonhos\/\" data-internallinksmanager029f6b8e52c=\"18\" title=\"Sonhos, saiba mais aqui\">Sonhar<\/a> com Quartel:<\/strong> Estar num- indica que voc\u00ea deve ter cuidado ao expressar sua opini\u00e3o. Sair de um- resolu\u00e7\u00e3o de problema jur\u00eddico. Entrar num- seja mais positivo e enfrente as coisas com objetividade.<\/p>\n<p>&nbsp;<\/p>\n<p><strong>Significado dos <a href=\"http:\/\/www.astrologosastrologia.com.pt\/blog\/sonhos\/\" data-internallinksmanager029f6b8e52c=\"18\" title=\"Sonhos, saiba mais aqui\">Sonhos<\/a> &#8211;<\/strong><strong> <a href=\"http:\/\/www.astrologosastrologia.com.pt\/blog\/sonhos\/\" data-internallinksmanager029f6b8e52c=\"18\" title=\"Sonhos, saiba mais aqui\">Sonhar<\/a> com Quarto: <\/strong>Ver- paix\u00e3o repentina, poder\u00e1 lev\u00e1-lo ao casamento. Entrar num- problemas afetivos; procure ser menos impulsivo. Sair de um- viagem longa ao exterior, com mudan\u00e7a de atividade. Bem iluminado traduz sucessos e lucros. Vazio \u2013 falta de dinheiro.<\/p>\n<p>&nbsp;<\/p>\n<p><strong>Significado dos <a href=\"http:\/\/www.astrologosastrologia.com.pt\/blog\/sonhos\/\" data-internallinksmanager029f6b8e52c=\"18\" title=\"Sonhos, saiba mais aqui\">Sonhos<\/a> &#8211;<\/strong><strong> <a href=\"http:\/\/www.astrologosastrologia.com.pt\/blog\/sonhos\/\" data-internallinksmanager029f6b8e52c=\"18\" title=\"Sonhos, saiba mais aqui\">Sonhar<\/a> com Quebrar: <\/strong>De modo geral- indica que voc\u00ea deve ser mais male\u00e1vel e cuidadoso, no seu relacionamento familiar e afetivo; adapte melhor seus hor\u00e1rios; mudan\u00e7as financeiras para melhor.<\/p>\n<p>&nbsp;<\/p>\n<p><strong>Significado dos <a href=\"http:\/\/www.astrologosastrologia.com.pt\/blog\/sonhos\/\" data-internallinksmanager029f6b8e52c=\"18\" title=\"Sonhos, saiba mais aqui\">Sonhos<\/a> &#8211;<\/strong><strong> <a href=\"http:\/\/www.astrologosastrologia.com.pt\/blog\/sonhos\/\" data-internallinksmanager029f6b8e52c=\"18\" title=\"Sonhos, saiba mais aqui\">Sonhar<\/a> com Queda:<\/strong> Este <a href=\"http:\/\/www.astrologosastrologia.com.pt\/blog\/sonhos\/\" data-internallinksmanager029f6b8e52c=\"18\" title=\"Sonhos, saiba mais aqui\">sonho<\/a> foi muito analisado pelos mais antigos estudiosos do assunto, e as interpreta\u00e7\u00f5es levam sempre ao oposto do <a href=\"http:\/\/www.astrologosastrologia.com.pt\/blog\/sonhos\/\" data-internallinksmanager029f6b8e52c=\"18\" title=\"Sonhos, saiba mais aqui\">sonho<\/a>. Quem cair poder\u00e1 sofrer desonras, enfrentar\u00e1 perigos. Para os psicanalistas, este <a href=\"http:\/\/www.astrologosastrologia.com.pt\/blog\/sonhos\/\" data-internallinksmanager029f6b8e52c=\"18\" title=\"Sonhos, saiba mais aqui\">sonhos<\/a> indica ang\u00fastias e demonstra que a pessoa est\u00e1 querendo se livrar de alguns problemas do dia-a-dia. Para Freud, uma mulher que sonha com queda pode estar vivendo problemas \u00edntimos. H\u00e1 medos na sua vida, sensa\u00e7\u00f5es de desamparo. Examine os seus medos antigos, suas atuais dificuldades e situa\u00e7\u00f5es que o fazem sentir-se caindo numa espiral sem fim. Alguns acreditam que, se voc\u00ea n\u00e3o acordar, morrer\u00e1 na hora do impacto. N\u00e3o \u00e9 verdade. Voc\u00ea acorda de medo e n\u00e3o devido ao perigo da morte. Na \u00e1rea m\u00edstica, muitos acreditam que uma queda muito longa, que termina em ferimentos, \u00e9 sinal de coisas ruins que v\u00eam a\u00ed.<\/p>\n<p>&nbsp;<\/p>\n<p><strong>Significado dos <a href=\"http:\/\/www.astrologosastrologia.com.pt\/blog\/sonhos\/\" data-internallinksmanager029f6b8e52c=\"18\" title=\"Sonhos, saiba mais aqui\">Sonhos<\/a> &#8211;<\/strong><strong> <a href=\"http:\/\/www.astrologosastrologia.com.pt\/blog\/sonhos\/\" data-internallinksmanager029f6b8e52c=\"18\" title=\"Sonhos, saiba mais aqui\">Sonhar<\/a> com Queijo.<\/strong> V\u00ea-lo- sucesso em empreendimentos aut\u00f4nomos. Com\u00ea-lo- resolu\u00e7\u00e3o de problemas; todas as dificuldades ser\u00e3o superadas. Compr\u00e1-lo- dinheiro inesperado Ihe trar\u00e1 muita alegria.<\/p>\n<p>&nbsp;<\/p>\n<p><strong>Significado dos <a href=\"http:\/\/www.astrologosastrologia.com.pt\/blog\/sonhos\/\" data-internallinksmanager029f6b8e52c=\"18\" title=\"Sonhos, saiba mais aqui\">Sonhos<\/a> &#8211;<\/strong><strong> <a href=\"http:\/\/www.astrologosastrologia.com.pt\/blog\/sonhos\/\" data-internallinksmanager029f6b8e52c=\"18\" title=\"Sonhos, saiba mais aqui\">Sonhar<\/a> com Queimadura: <\/strong>\u00c9 um <a href=\"http:\/\/www.astrologosastrologia.com.pt\/blog\/sonhos\/\" data-internallinksmanager029f6b8e52c=\"18\" title=\"Sonhos, saiba mais aqui\">sonho<\/a> que denota de modo geral- doen\u00e7as na fam\u00edlia; problemas financeiros passageiros; viagens n\u00e3o <a href=\"http:\/\/www.astrologosastrologia.com.pt\/blog\/santos\/\" data-internallinksmanager029f6b8e52c=\"9\" title=\"Santos e Santas, veja mais aqui\">s\u00e3o<\/a> favorecidas. Cuidado com a inveja de falsos amigos.<\/p>\n<p>&nbsp;<\/p>\n<p><strong>Significado dos <a href=\"http:\/\/www.astrologosastrologia.com.pt\/blog\/sonhos\/\" data-internallinksmanager029f6b8e52c=\"18\" title=\"Sonhos, saiba mais aqui\">Sonhos<\/a> &#8211;<\/strong><strong> <a href=\"http:\/\/www.astrologosastrologia.com.pt\/blog\/sonhos\/\" data-internallinksmanager029f6b8e52c=\"18\" title=\"Sonhos, saiba mais aqui\">Sonhar<\/a> com Queixo:<\/strong> Seu pr\u00f3prio queixo: futuro promete lucros em bons neg\u00f3cios. Pessoa com dois queixos: a justi\u00e7a ser\u00e1 feita.<\/p>\n<p>&nbsp;<\/p>\n<p><strong>Significado dos <a href=\"http:\/\/www.astrologosastrologia.com.pt\/blog\/sonhos\/\" data-internallinksmanager029f6b8e52c=\"18\" title=\"Sonhos, saiba mais aqui\">Sonhos<\/a> &#8211;<\/strong><strong> <a href=\"http:\/\/www.astrologosastrologia.com.pt\/blog\/sonhos\/\" data-internallinksmanager029f6b8e52c=\"18\" title=\"Sonhos, saiba mais aqui\">Sonhar<\/a> com Quermesse:<\/strong> Estar numa quermesse: ser\u00e1 convidada(o) para um evento ou para um encontro importante. Ver uma quermesse, mas n\u00e3o participar dela: casamento em breve<\/p>\n<p>&nbsp;<\/p>\n<p><strong>Significado dos <a href=\"http:\/\/www.astrologosastrologia.com.pt\/blog\/sonhos\/\" data-internallinksmanager029f6b8e52c=\"18\" title=\"Sonhos, saiba mais aqui\">Sonhos<\/a> &#8211;<\/strong><strong> <a href=\"http:\/\/www.astrologosastrologia.com.pt\/blog\/sonhos\/\" data-internallinksmanager029f6b8e52c=\"18\" title=\"Sonhos, saiba mais aqui\">Sonhar<\/a> com Quintal:<\/strong> Um quintal significa noivado de pessoa amiga. Se estamos nele: um amigo indesej\u00e1vel vir\u00e1 nos visitar. Indica que voc\u00ea vencer\u00e1 dentro em breve obst\u00e1culos que se opunham \u00e0 sua realiza\u00e7\u00e3o material; mudan\u00e7a de resid\u00eancia ou de emprego; sucesso em demandas judiciais. \u00c9 limpo, bem cuidado, com grama e flores? Voc\u00ea vive bem, com carinho, tem energia suficiente para manter o que lhe pertence. Tamb\u00e9m mostra o cuidado e a efici\u00eancia com que voc\u00ea cuida do seu ambiente interno e externo. Tira da estante mem\u00f3rias da inf\u00e2ncia que t\u00eam lados positivos e negativos e o levam a se conhecer melhor.<br \/>\n<strong>Significado dos <a href=\"http:\/\/www.astrologosastrologia.com.pt\/blog\/sonhos\/\" data-internallinksmanager029f6b8e52c=\"18\" title=\"Sonhos, saiba mais aqui\">Sonhos<\/a> &#8211; <a href=\"http:\/\/www.astrologosastrologia.com.pt\/blog\/sonhos\/\" data-internallinksmanager029f6b8e52c=\"18\" title=\"Sonhos, saiba mais aqui\">Sonhar<\/a> com Quitanda. <\/strong>\u00c9 sempre um bom press\u00e1gio pois revela- sorte; prosperidade; fartura e paz no ambiente familiar. Pequenos problemas que vinham lhe afligindo ser\u00e3o resolvidos brevemente.<\/p>\n<p>&nbsp;<\/p>\n<p><strong><img decoding=\"async\" src=\"http:\/\/www.astrologosastrologia.com.pt\/blog\/wp-content\/uploads\/2015\/05\/Portal-ae.jpg\" alt=\"Portal a&amp;e\" \/>\u00ab\u00ab Voltar ao tema: <span style=\"color: #008000;\"><a style=\"color: #008000;\" href=\"http:\/\/www.astrologosastrologia.com.pt\/blog\/sonhos\/\">Sonhos \u2013 Significado dos Sonhos<\/a><\/span> |<\/strong><\/p>\n ","protected":false},"excerpt":{"rendered":"<p>\u00a0 &nbsp; Significado dos Sonhos &#8211; Sonhar com Quadrilha: De bandidos- n\u00e3o se arrisque em projetos incertos; analise bem as pessoas antes de assumir compromissos, pois poder\u00e3o lhe prejudicar. De \u201cS\u00e3o Jo\u00e3o\u201d- harmonia e paz na fam\u00edlia. &nbsp; Significado dos Sonhos &#8211; Sonhar com Quadris: De modo geral- indica necessidade de aventuras, romances novos e sensuais. N\u00e3o seja t\u00e3o exclusivista<\/p>\n","protected":false},"author":1,"featured_media":0,"parent":110,"menu_order":0,"comment_status":"closed","ping_status":"closed","template":"","meta":{"footnotes":""},"class_list":["post-1639","page","type-page","status-publish","hentry"],"_links":{"self":[{"href":"https:\/\/www.astrologosastrologia.com.pt\/blog\/wp-json\/wp\/v2\/pages\/1639","targetHints":{"allow":["GET"]}}],"collection":[{"href":"https:\/\/www.astrologosastrologia.com.pt\/blog\/wp-json\/wp\/v2\/pages"}],"about":[{"href":"https:\/\/www.astrologosastrologia.com.pt\/blog\/wp-json\/wp\/v2\/types\/page"}],"author":[{"embeddable":true,"href":"https:\/\/www.astrologosastrologia.com.pt\/blog\/wp-json\/wp\/v2\/users\/1"}],"replies":[{"embeddable":true,"href":"https:\/\/www.astrologosastrologia.com.pt\/blog\/wp-json\/wp\/v2\/comments?post=1639"}],"version-history":[{"count":1,"href":"https:\/\/www.astrologosastrologia.com.pt\/blog\/wp-json\/wp\/v2\/pages\/1639\/revisions"}],"predecessor-version":[{"id":1641,"href":"https:\/\/www.astrologosastrologia.com.pt\/blog\/wp-json\/wp\/v2\/pages\/1639\/revisions\/1641"}],"up":[{"embeddable":true,"href":"https:\/\/www.astrologosastrologia.com.pt\/blog\/wp-json\/wp\/v2\/pages\/110"}],"wp:attachment":[{"href":"https:\/\/www.astrologosastrologia.com.pt\/blog\/wp-json\/wp\/v2\/media?parent=1639"}],"curies":[{"name":"wp","href":"https:\/\/api.w.org\/{rel}","templated":true}]}}