{"id":1659,"date":"2015-05-16T08:57:53","date_gmt":"2015-05-16T08:57:53","guid":{"rendered":"http:\/\/www.astrologosastrologia.com.pt\/blog\/?page_id=1659"},"modified":"2015-05-16T08:57:53","modified_gmt":"2015-05-16T08:57:53","slug":"significado-dos-sonhos-letra-u","status":"publish","type":"page","link":"https:\/\/www.astrologosastrologia.com.pt\/blog\/sonhos\/significado-dos-sonhos-letra-u\/","title":{"rendered":"Significado dos sonhos &#8211; letra U"},"content":{"rendered":"<p style=\"text-align: center;\"><a href=\"http:\/\/www.astrologosastrologia.com.pt\/blog\/wp-content\/uploads\/2015\/05\/Sonhos-significados.gif\"><img loading=\"lazy\" decoding=\"async\" class=\"alignnone size-full wp-image-1568\" src=\"http:\/\/www.astrologosastrologia.com.pt\/blog\/wp-content\/uploads\/2015\/05\/Sonhos-significados.gif\" alt=\"Sonhos-significados\" width=\"150\" height=\"43\" \/><\/a>\u00a0<a href=\"http:\/\/www.astrologosastrologia.com.pt\/blog\/wp-content\/uploads\/2015\/05\/sonhos-u1.gif\"><img loading=\"lazy\" decoding=\"async\" class=\"alignnone size-full wp-image-1660\" src=\"http:\/\/www.astrologosastrologia.com.pt\/blog\/wp-content\/uploads\/2015\/05\/sonhos-u1.gif\" alt=\"sonhos u\" width=\"50\" height=\"50\" \/><\/a><\/p>\n<p style=\"text-align: center;\"><span style=\"color: #ff0000;\"><strong>Significado dos <a href=\"http:\/\/www.astrologosastrologia.com.pt\/blog\/sonhos\/\" data-internallinksmanager029f6b8e52c=\"18\" title=\"Sonhos, saiba mais aqui\">Sonhos<\/a> &#8211; letra U<\/strong><\/span><\/p>\n<p>&nbsp;<\/p>\n<p><strong>Significado dos <a href=\"http:\/\/www.astrologosastrologia.com.pt\/blog\/sonhos\/\" data-internallinksmanager029f6b8e52c=\"18\" title=\"Sonhos, saiba mais aqui\">sonhos<\/a> &#8211;<\/strong><strong> <a href=\"http:\/\/www.astrologosastrologia.com.pt\/blog\/sonhos\/\" data-internallinksmanager029f6b8e52c=\"18\" title=\"Sonhos, saiba mais aqui\">Sonhar<\/a> com <\/strong><strong>Uivo: <\/strong>Cachorros uivando: m\u00e1s not\u00edcias. Pessoas uivando: muito <a href=\"https:\/\/www.magianegra.com.pt\/\" data-internallinksmanager029f6b8e52c=\"2\" title=\"Trabalhos de magia negra, saiba tudo aqui\" target=\"_blank\" rel=\"noopener\">trabalho<\/a> pela frente.<\/p>\n<p>&nbsp;<\/p>\n<p><strong>Significado dos <a href=\"http:\/\/www.astrologosastrologia.com.pt\/blog\/sonhos\/\" data-internallinksmanager029f6b8e52c=\"18\" title=\"Sonhos, saiba mais aqui\">sonhos<\/a> &#8211;<\/strong><strong> <a href=\"http:\/\/www.astrologosastrologia.com.pt\/blog\/sonhos\/\" data-internallinksmanager029f6b8e52c=\"18\" title=\"Sonhos, saiba mais aqui\">Sonhar<\/a> com <\/strong><strong>\u00dalcera<\/strong><strong>: <\/strong>Estar com- problemas passageiros de sa\u00fade ligados ao sistema nervoso;relaxe mais. Ver algu\u00e9m com- doen\u00e7as e at\u00e9 risco de cirurgia em parentes e amigos queridos.<\/p>\n<p>&nbsp;<\/p>\n<p><strong>Significado dos <a href=\"http:\/\/www.astrologosastrologia.com.pt\/blog\/sonhos\/\" data-internallinksmanager029f6b8e52c=\"18\" title=\"Sonhos, saiba mais aqui\">sonhos<\/a> &#8211;<\/strong><strong> <a href=\"http:\/\/www.astrologosastrologia.com.pt\/blog\/sonhos\/\" data-internallinksmanager029f6b8e52c=\"18\" title=\"Sonhos, saiba mais aqui\">Sonhar<\/a> com <\/strong><strong>Ultrapassar: <\/strong>Felicidade. Se voc\u00ea for ultrapassada(o): cuidado com a guia.<\/p>\n<p>&nbsp;<\/p>\n<p><strong>Significado dos <a href=\"http:\/\/www.astrologosastrologia.com.pt\/blog\/sonhos\/\" data-internallinksmanager029f6b8e52c=\"18\" title=\"Sonhos, saiba mais aqui\">sonhos<\/a> &#8211;<\/strong><strong> <a href=\"http:\/\/www.astrologosastrologia.com.pt\/blog\/sonhos\/\" data-internallinksmanager029f6b8e52c=\"18\" title=\"Sonhos, saiba mais aqui\">Sonhar<\/a> com <\/strong><strong>Umbigo:<\/strong> De modo geral- \u00e9 um <a href=\"http:\/\/www.astrologosastrologia.com.pt\/blog\/sonhos\/\" data-internallinksmanager029f6b8e52c=\"18\" title=\"Sonhos, saiba mais aqui\">sonho<\/a> ligado ao seu lado er\u00f3tico, denotando assim desejos reprimidos necessidade de novas aventuras amorosas, mudan\u00e7as em seus h\u00e1bitos sexuais. Pode indicar contrariedades.<\/p>\n<p>&nbsp;<\/p>\n<p style=\"text-align: justify;\"><strong>Significado dos <a href=\"http:\/\/www.astrologosastrologia.com.pt\/blog\/sonhos\/\" data-internallinksmanager029f6b8e52c=\"18\" title=\"Sonhos, saiba mais aqui\">sonhos<\/a> &#8211;<\/strong><strong> <a href=\"http:\/\/www.astrologosastrologia.com.pt\/blog\/sonhos\/\" data-internallinksmanager029f6b8e52c=\"18\" title=\"Sonhos, saiba mais aqui\">Sonhar<\/a> com <\/strong><strong><a href=\"https:\/\/www.astrologosastrologia.com.pt\/blog\/beleza-bem-estar\/\" data-internallinksmanager029f6b8e52c=\"19\" title=\"Beleza e bem-estar, veja tudo aqui\">Unhas<\/a>: <\/strong>Representam a vitalidade, a energia, nossa capacidade de lutar. Se as vemos com um bom aspecto \u00e9 sinal de boa sa\u00fade, vitalidade, vida equilibrada. Sujas ou quebradas: mis\u00e9ria, falta de coragem, doen\u00e7a. Fortes como garras: coragem, for\u00e7a, energia, valentia para enfrentar as circunst\u00e2ncias. Tamb\u00e9m podem sinalizar o que estamos precisando em nossa personalidade. V\u00ea-las- trai\u00e7\u00e3o e persegui\u00e7\u00e3o no seu relacionamento afetivo; evite discuss\u00f5es com a pessoa amada. Cort\u00e1-las- fim de um relacionamento amoroso, por\u00e9m surgimento de outro amor breve.<\/p>\n<p>&nbsp;<\/p>\n<p style=\"text-align: justify;\"><strong>Significado dos <a href=\"http:\/\/www.astrologosastrologia.com.pt\/blog\/sonhos\/\" data-internallinksmanager029f6b8e52c=\"18\" title=\"Sonhos, saiba mais aqui\">sonhos<\/a> &#8211;<\/strong><strong> <a href=\"http:\/\/www.astrologosastrologia.com.pt\/blog\/sonhos\/\" data-internallinksmanager029f6b8e52c=\"18\" title=\"Sonhos, saiba mais aqui\">Sonhar<\/a> com <\/strong><strong>Uniforme<\/strong><strong>: <\/strong>Voc\u00ea ser\u00e1 valorizada(o) se estiver usando o uniforme. Ver algu\u00e9m uniformizado: boa sorte.<\/p>\n<p>&nbsp;<\/p>\n<p style=\"text-align: justify;\"><strong>Significado dos <a href=\"http:\/\/www.astrologosastrologia.com.pt\/blog\/sonhos\/\" data-internallinksmanager029f6b8e52c=\"18\" title=\"Sonhos, saiba mais aqui\">sonhos<\/a> &#8211;<\/strong><strong> <a href=\"http:\/\/www.astrologosastrologia.com.pt\/blog\/sonhos\/\" data-internallinksmanager029f6b8e52c=\"18\" title=\"Sonhos, saiba mais aqui\">Sonhar<\/a> com <\/strong><strong>Universidade<\/strong><strong>: <\/strong>Aprimore-se nos estudos. Freq\u00fcent\u00e1-la: voc\u00ea tem talento.<\/p>\n<p>&nbsp;<\/p>\n<p style=\"text-align: justify;\"><strong>Significado dos <a href=\"http:\/\/www.astrologosastrologia.com.pt\/blog\/sonhos\/\" data-internallinksmanager029f6b8e52c=\"18\" title=\"Sonhos, saiba mais aqui\">sonhos<\/a> &#8211;<\/strong><strong> <a href=\"http:\/\/www.astrologosastrologia.com.pt\/blog\/sonhos\/\" data-internallinksmanager029f6b8e52c=\"18\" title=\"Sonhos, saiba mais aqui\">Sonhar<\/a> com <\/strong><strong>Urina<\/strong><strong>. I<\/strong>ndica, na maioria das vezes, mudan\u00e7as imprevistas em sua vida profissional, mudan\u00e7a de emprego ou de <a href=\"https:\/\/www.astrologosastrologia.com.pt\/blog\/feng-shui\/\" data-internallinksmanager029f6b8e52c=\"22\" title=\"Fen Shui, veja mais aqui\">casa<\/a>; aja com muita cautela em suas atitudes e evite discuss\u00f5es e brigas.<\/p>\n<p>&nbsp;<\/p>\n<p style=\"text-align: justify;\"><strong>Significado dos <a href=\"http:\/\/www.astrologosastrologia.com.pt\/blog\/sonhos\/\" data-internallinksmanager029f6b8e52c=\"18\" title=\"Sonhos, saiba mais aqui\">sonhos<\/a> &#8211;<\/strong><strong> <a href=\"http:\/\/www.astrologosastrologia.com.pt\/blog\/sonhos\/\" data-internallinksmanager029f6b8e52c=\"18\" title=\"Sonhos, saiba mais aqui\">Sonhar<\/a> com <\/strong><strong>Urna: <\/strong>Se estiver vazia: enfrentar\u00e1 lutas; contrairia; vit\u00f3rias. Para as mulheres, \u00e9 sinal de dificuldade financeira.<\/p>\n<p>&nbsp;<\/p>\n<p style=\"text-align: justify;\"><strong>Significado dos <a href=\"http:\/\/www.astrologosastrologia.com.pt\/blog\/sonhos\/\" data-internallinksmanager029f6b8e52c=\"18\" title=\"Sonhos, saiba mais aqui\">sonhos<\/a> &#8211;<\/strong><strong> <a href=\"http:\/\/www.astrologosastrologia.com.pt\/blog\/sonhos\/\" data-internallinksmanager029f6b8e52c=\"18\" title=\"Sonhos, saiba mais aqui\">Sonhar<\/a> com <\/strong><strong>Urros: <\/strong>\u00c9 um <a href=\"http:\/\/www.astrologosastrologia.com.pt\/blog\/sonhos\/\" data-internallinksmanager029f6b8e52c=\"18\" title=\"Sonhos, saiba mais aqui\">sonho<\/a> que n\u00e3o traz muita felicidade, pois revela sempre desespero, aborrecimentos tristeza; sempre ligado a problemas de ordem sentimental e afetiva.<\/p>\n<p>&nbsp;<\/p>\n<p style=\"text-align: justify;\"><strong>Significado dos <a href=\"http:\/\/www.astrologosastrologia.com.pt\/blog\/sonhos\/\" data-internallinksmanager029f6b8e52c=\"18\" title=\"Sonhos, saiba mais aqui\">sonhos<\/a> &#8211;<\/strong><strong> <a href=\"http:\/\/www.astrologosastrologia.com.pt\/blog\/sonhos\/\" data-internallinksmanager029f6b8e52c=\"18\" title=\"Sonhos, saiba mais aqui\">Sonhar<\/a> com Urso:<\/strong> Alguns paj\u00e9s acreditam que o urso \u00e9 quem traz as mensagens do mundo dos esp\u00edritos e fala com os seres da natureza. Por isso, acreditavam que <a href=\"http:\/\/www.astrologosastrologia.com.pt\/blog\/sonhos\/\" data-internallinksmanager029f6b8e52c=\"18\" title=\"Sonhos, saiba mais aqui\">sonhar<\/a> com urso \u00e9 sinal de eleva\u00e7\u00e3o do esp\u00edrito e de que a pessoa est\u00e1 entrando em contato com uma nova dimens\u00e3o c\u00f3smica.<\/p>\n<p style=\"text-align: justify;\">Outras interpreta\u00e7\u00f5es: Ver um urso: sorte no jogo e no amor. Ver v\u00e1rios ursos: as pessoas falam sobre si\u2026 Ver um urso perseguindo voc\u00ea: problemas com rivais. Ver o urso enjaulado: exitos no futuro. Ser atacado por urso: dificuldades, percas, falsas amizades, problemas familiares. Lutar com um: sucesso nas finan\u00e7as. Ca\u00e7ar o urso: obst\u00e1culos ser\u00e3o vencidos. Mat\u00e1-lo: vit\u00f3rias. Ver um urso morto: voc\u00ea tem v\u00e1rios amigos ricos. <a href=\"http:\/\/www.astrologosastrologia.com.pt\/blog\/sonhos\/\" data-internallinksmanager029f6b8e52c=\"18\" title=\"Sonhos, saiba mais aqui\">Sonhar<\/a> com urso branco: melhoria no nivel de vida. <a href=\"http:\/\/www.astrologosastrologia.com.pt\/blog\/sonhos\/\" data-internallinksmanager029f6b8e52c=\"18\" title=\"Sonhos, saiba mais aqui\">Sonhar<\/a> que se transforma em urso: anuncia moticias tristes.<\/p>\n<p>&nbsp;<\/p>\n<p style=\"text-align: justify;\"><strong>Significado dos <a href=\"http:\/\/www.astrologosastrologia.com.pt\/blog\/sonhos\/\" data-internallinksmanager029f6b8e52c=\"18\" title=\"Sonhos, saiba mais aqui\">sonhos<\/a> &#8211;<\/strong><strong> <a href=\"http:\/\/www.astrologosastrologia.com.pt\/blog\/sonhos\/\" data-internallinksmanager029f6b8e52c=\"18\" title=\"Sonhos, saiba mais aqui\">Sonhar<\/a> com urtigas: <\/strong>simbolizam a falsidade e a trai\u00e7\u00e3o no \u00e2mbito de nossas rela\u00e7\u00f5es. Anuncia enganos por parte de pessoas de nosso relacionamento, que se traduzem em percas financeiras.<\/p>\n<p>&nbsp;<\/p>\n<p style=\"text-align: justify;\"><strong>Significado dos <a href=\"http:\/\/www.astrologosastrologia.com.pt\/blog\/sonhos\/\" data-internallinksmanager029f6b8e52c=\"18\" title=\"Sonhos, saiba mais aqui\">sonhos<\/a> &#8211;<\/strong><strong> <a href=\"http:\/\/www.astrologosastrologia.com.pt\/blog\/sonhos\/\" data-internallinksmanager029f6b8e52c=\"18\" title=\"Sonhos, saiba mais aqui\">Sonhar<\/a> com Urubu:<\/strong> Ver um urubu em <a href=\"http:\/\/www.astrologosastrologia.com.pt\/blog\/sonhos\/\" data-internallinksmanager029f6b8e52c=\"18\" title=\"Sonhos, saiba mais aqui\">sonhos<\/a>, anuncia not\u00edcias desagrad\u00e1veis, ligadas a parentes ou amigos e que ir\u00e3o lhe trazer grande pesar. V\u00ea-lo voando: infort\u00fanio, perigo de assalto e roubo, com perdas grandes; infelicidade no amor. Ver um urubu pousando: voc\u00ea est\u00e1 indecisa(o). Urubu com cores claras: acontecimento feliz em sua vida vai dar novo \u00e2nimo a voc\u00ea. Tamb\u00e9m pode significar limpeza da alma ou purifica\u00e7\u00e3o pelas caracter\u00edsticas desta ave.<\/p>\n<p style=\"text-align: justify;\">\n<strong>Significado dos <a href=\"http:\/\/www.astrologosastrologia.com.pt\/blog\/sonhos\/\" data-internallinksmanager029f6b8e52c=\"18\" title=\"Sonhos, saiba mais aqui\">sonhos<\/a> &#8211; <a href=\"http:\/\/www.astrologosastrologia.com.pt\/blog\/sonhos\/\" data-internallinksmanager029f6b8e52c=\"18\" title=\"Sonhos, saiba mais aqui\">Sonhar<\/a> com Uvas: <\/strong>As uvas <a href=\"http:\/\/www.astrologosastrologia.com.pt\/blog\/santos\/\" data-internallinksmanager029f6b8e52c=\"9\" title=\"Santos e Santas, veja mais aqui\">s\u00e3o<\/a> simbolo de alegria e desinibi\u00e7\u00e3o. Pressagiam tamb\u00e9m fertilidade e abund\u00e2ncia. V\u00ea-Ias: prazer, alegria. Com\u00ea-las ou esmag\u00e1-las: prazeres no amor. Uvas brancas ou uvas grandes e suculentas: bom pressagio, \u00eaxito nos neg\u00f3cios, vitoria sobre seus inimigos. Uvas pretas ou em m\u00e1s condi\u00e7\u00f5es: cautela nas transa\u00e7\u00f5es comerciais, preocupa\u00e7\u00f5es de dinheiro e doen\u00e7as.<\/p>\n<p style=\"text-align: justify;\">\n<p style=\"text-align: justify;\"><strong><img decoding=\"async\" src=\"http:\/\/www.astrologosastrologia.com.pt\/blog\/wp-content\/uploads\/2015\/05\/Portal-ae.jpg\" alt=\"Portal a&amp;e\" \/>\u00ab\u00ab Voltar ao tema:<span style=\"color: #008000;\"> <a style=\"color: #008000;\" href=\"http:\/\/www.astrologosastrologia.com.pt\/blog\/sonhos\/\">Sonhos \u2013 Significado dos Sonhos<\/a><\/span> |<\/strong><\/p>\n ","protected":false},"excerpt":{"rendered":"<p>\u00a0 Significado dos Sonhos &#8211; letra U &nbsp; Significado dos sonhos &#8211; Sonhar com Uivo: Cachorros uivando: m\u00e1s not\u00edcias. Pessoas uivando: muito trabalho pela frente. &nbsp; Significado dos sonhos &#8211; Sonhar com \u00dalcera: Estar com- problemas passageiros de sa\u00fade ligados ao sistema nervoso;relaxe mais. Ver algu\u00e9m com- doen\u00e7as e at\u00e9 risco de cirurgia em parentes e amigos queridos. &nbsp; Significado<\/p>\n","protected":false},"author":1,"featured_media":0,"parent":110,"menu_order":0,"comment_status":"closed","ping_status":"closed","template":"","meta":{"footnotes":""},"class_list":["post-1659","page","type-page","status-publish","hentry"],"_links":{"self":[{"href":"https:\/\/www.astrologosastrologia.com.pt\/blog\/wp-json\/wp\/v2\/pages\/1659","targetHints":{"allow":["GET"]}}],"collection":[{"href":"https:\/\/www.astrologosastrologia.com.pt\/blog\/wp-json\/wp\/v2\/pages"}],"about":[{"href":"https:\/\/www.astrologosastrologia.com.pt\/blog\/wp-json\/wp\/v2\/types\/page"}],"author":[{"embeddable":true,"href":"https:\/\/www.astrologosastrologia.com.pt\/blog\/wp-json\/wp\/v2\/users\/1"}],"replies":[{"embeddable":true,"href":"https:\/\/www.astrologosastrologia.com.pt\/blog\/wp-json\/wp\/v2\/comments?post=1659"}],"version-history":[{"count":1,"href":"https:\/\/www.astrologosastrologia.com.pt\/blog\/wp-json\/wp\/v2\/pages\/1659\/revisions"}],"predecessor-version":[{"id":1661,"href":"https:\/\/www.astrologosastrologia.com.pt\/blog\/wp-json\/wp\/v2\/pages\/1659\/revisions\/1661"}],"up":[{"embeddable":true,"href":"https:\/\/www.astrologosastrologia.com.pt\/blog\/wp-json\/wp\/v2\/pages\/110"}],"wp:attachment":[{"href":"https:\/\/www.astrologosastrologia.com.pt\/blog\/wp-json\/wp\/v2\/media?parent=1659"}],"curies":[{"name":"wp","href":"https:\/\/api.w.org\/{rel}","templated":true}]}}