{"id":1671,"date":"2015-05-16T09:16:25","date_gmt":"2015-05-16T09:16:25","guid":{"rendered":"http:\/\/www.astrologosastrologia.com.pt\/blog\/?page_id=1671"},"modified":"2015-05-16T09:16:25","modified_gmt":"2015-05-16T09:16:25","slug":"significado-dos-sonhos-letra-x","status":"publish","type":"page","link":"https:\/\/www.astrologosastrologia.com.pt\/blog\/sonhos\/significado-dos-sonhos-letra-x\/","title":{"rendered":"Significado dos sonhos &#8211; letra X"},"content":{"rendered":"<p style=\"text-align: center;\"><a href=\"http:\/\/www.astrologosastrologia.com.pt\/blog\/wp-content\/uploads\/2015\/05\/Sonhos-significados.gif\"><img loading=\"lazy\" decoding=\"async\" class=\"alignnone size-full wp-image-1568\" src=\"http:\/\/www.astrologosastrologia.com.pt\/blog\/wp-content\/uploads\/2015\/05\/Sonhos-significados.gif\" alt=\"Sonhos-significados\" width=\"150\" height=\"43\" \/><\/a>\u00a0<a href=\"http:\/\/www.astrologosastrologia.com.pt\/blog\/wp-content\/uploads\/2015\/05\/sonhos-x1.gif\"><img loading=\"lazy\" decoding=\"async\" class=\"alignnone size-full wp-image-1672\" src=\"http:\/\/www.astrologosastrologia.com.pt\/blog\/wp-content\/uploads\/2015\/05\/sonhos-x1.gif\" alt=\"sonhos x\" width=\"56\" height=\"50\" \/><\/a><\/p>\n<p style=\"text-align: center;\"><span style=\"color: #ff0000;\"><strong>Significado dos <a href=\"http:\/\/www.astrologosastrologia.com.pt\/blog\/sonhos\/\" data-internallinksmanager029f6b8e52c=\"18\" title=\"Sonhos, saiba mais aqui\">sonhos<\/a> &#8211; Letra X<\/strong><\/span><\/p>\n<p>&nbsp;<\/p>\n<p><strong>Significado dos <a href=\"http:\/\/www.astrologosastrologia.com.pt\/blog\/sonhos\/\" data-internallinksmanager029f6b8e52c=\"18\" title=\"Sonhos, saiba mais aqui\">sonhos<\/a> &#8211; <a href=\"http:\/\/www.astrologosastrologia.com.pt\/blog\/sonhos\/\" data-internallinksmanager029f6b8e52c=\"18\" title=\"Sonhos, saiba mais aqui\">sonhar<\/a> com<\/strong> xale:\u00a0Usar um: sorte no amor. Dar um xale de presente a algu\u00e9m: afei\u00e7\u00e3o da pessoa amada. Um xale pode indicar que uma pessoa pode lhe fazer mal.<\/p>\n<p>&nbsp;<\/p>\n<p><strong>Significado dos <a href=\"http:\/\/www.astrologosastrologia.com.pt\/blog\/sonhos\/\" data-internallinksmanager029f6b8e52c=\"18\" title=\"Sonhos, saiba mais aqui\">sonhos<\/a> &#8211; <a href=\"http:\/\/www.astrologosastrologia.com.pt\/blog\/sonhos\/\" data-internallinksmanager029f6b8e52c=\"18\" title=\"Sonhos, saiba mais aqui\">sonhar<\/a> com<\/strong> <strong>xampu:\u00a0<\/strong>Comprar: suas paix\u00f5es n\u00e3o v\u00e3o durar muito. Usar: sucesso em seus relacionamentos sociais. Ver sua cabe\u00e7a cheia de xampu: suas paix\u00f5es ser\u00e3o finalmente correspondidas.<\/p>\n<p>&nbsp;<\/p>\n<p><strong>Significado dos <a href=\"http:\/\/www.astrologosastrologia.com.pt\/blog\/sonhos\/\" data-internallinksmanager029f6b8e52c=\"18\" title=\"Sonhos, saiba mais aqui\">sonhos<\/a> &#8211; <a href=\"http:\/\/www.astrologosastrologia.com.pt\/blog\/sonhos\/\" data-internallinksmanager029f6b8e52c=\"18\" title=\"Sonhos, saiba mais aqui\">sonhar<\/a> com<\/strong> <strong>xang\u00f4:\u00a0<\/strong>\u00c9 um <a href=\"http:\/\/www.astrologosastrologia.com.pt\/blog\/sonhos\/\" data-internallinksmanager029f6b8e52c=\"18\" title=\"Sonhos, saiba mais aqui\">sonho<\/a> muito auspicioso, pois denota sucesso certo em assuntos financeiros, jur\u00eddicos, comerciais; fim para intrigas e concorr\u00eancias desleais; sorte no jogo.<\/p>\n<p>&nbsp;<\/p>\n<p><strong>Significado dos <a href=\"http:\/\/www.astrologosastrologia.com.pt\/blog\/sonhos\/\" data-internallinksmanager029f6b8e52c=\"18\" title=\"Sonhos, saiba mais aqui\">sonhos<\/a> &#8211; <a href=\"http:\/\/www.astrologosastrologia.com.pt\/blog\/sonhos\/\" data-internallinksmanager029f6b8e52c=\"18\" title=\"Sonhos, saiba mais aqui\">sonhar<\/a> com<\/strong> <strong>xarope:\u00a0<\/strong>Tom\u00e1-lo: restabelecimento de pessoa enferma. Dar xarope a algu\u00e9m: receber\u00e1 ajuda.<\/p>\n<p>&nbsp;<\/p>\n<p><strong>Significado dos <a href=\"http:\/\/www.astrologosastrologia.com.pt\/blog\/sonhos\/\" data-internallinksmanager029f6b8e52c=\"18\" title=\"Sonhos, saiba mais aqui\">sonhos<\/a> &#8211; <a href=\"http:\/\/www.astrologosastrologia.com.pt\/blog\/sonhos\/\" data-internallinksmanager029f6b8e52c=\"18\" title=\"Sonhos, saiba mais aqui\">sonhar<\/a> com<\/strong> <strong>xarque:\u00a0<\/strong>V\u00ea-lo- demora e atraso na resolu\u00e7\u00e3o de problemas financeiros; amea\u00e7a de perda de emprego. Com\u00ea-lo- realiza\u00e7\u00e3o de pequenos <a href=\"http:\/\/www.astrologosastrologia.com.pt\/blog\/sonhos\/\" data-internallinksmanager029f6b8e52c=\"18\" title=\"Sonhos, saiba mais aqui\">sonhos<\/a> trar\u00e1 alegria no ambiente familiar.<\/p>\n<p>&nbsp;<\/p>\n<p><strong>Significado dos <a href=\"http:\/\/www.astrologosastrologia.com.pt\/blog\/sonhos\/\" data-internallinksmanager029f6b8e52c=\"18\" title=\"Sonhos, saiba mais aqui\">sonhos<\/a> &#8211; <a href=\"http:\/\/www.astrologosastrologia.com.pt\/blog\/sonhos\/\" data-internallinksmanager029f6b8e52c=\"18\" title=\"Sonhos, saiba mais aqui\">sonhar<\/a> com<\/strong> <strong>x\u00edcara:\u00a0<\/strong>Vazia indica preju\u00edzos. Cheia de caf\u00e9, nervosismo. Com <a href=\"https:\/\/www.astrologosastrologia.com.pt\/blog\/mezinhas\/\" data-internallinksmanager029f6b8e52c=\"23\" title=\"Mezinhas, veja mais aqui\">ch\u00e1<\/a>, viagens alegres. Nova, gravidez ou casamento. Velha ou quebrada, discuss\u00f5es familiares. Ver \u2013 amizades sinceras o ajudar\u00e3o na realiza\u00e7\u00e3o de um projeto antigo. Quebrar- rompimento de namoro ou noivado; evite atitudes r\u00edspidas e discuss\u00f5es em fam\u00edlias.<\/p>\n<p>&nbsp;<\/p>\n<p><strong>Significado dos <a href=\"http:\/\/www.astrologosastrologia.com.pt\/blog\/sonhos\/\" data-internallinksmanager029f6b8e52c=\"18\" title=\"Sonhos, saiba mais aqui\">sonhos<\/a> &#8211; <a href=\"http:\/\/www.astrologosastrologia.com.pt\/blog\/sonhos\/\" data-internallinksmanager029f6b8e52c=\"18\" title=\"Sonhos, saiba mais aqui\">sonhar<\/a> com<\/strong> <strong>xingar:\u00a0<\/strong>Cautela nos neg\u00f3cios. Ser xingada(o): contratempos.<\/p>\n<p>&nbsp;<\/p>\n<p><strong><img decoding=\"async\" src=\"http:\/\/www.astrologosastrologia.com.pt\/blog\/wp-content\/uploads\/2015\/05\/Portal-ae.jpg\" alt=\"Portal a&amp;e\" \/>\u00ab\u00ab Voltar ao tema: <span style=\"color: #008000;\"><a style=\"color: #008000;\" href=\"http:\/\/www.astrologosastrologia.com.pt\/blog\/sonhos\/\">Sonhos \u2013 Significado dos Sonhos<\/a> <\/span>|<\/strong><\/p>\n ","protected":false},"excerpt":{"rendered":"<p>\u00a0 Significado dos sonhos &#8211; Letra X &nbsp; Significado dos sonhos &#8211; sonhar com xale:\u00a0Usar um: sorte no amor. Dar um xale de presente a algu\u00e9m: afei\u00e7\u00e3o da pessoa amada. Um xale pode indicar que uma pessoa pode lhe fazer mal. &nbsp; Significado dos sonhos &#8211; sonhar com xampu:\u00a0Comprar: suas paix\u00f5es n\u00e3o v\u00e3o durar muito. Usar: sucesso em seus relacionamentos<\/p>\n","protected":false},"author":1,"featured_media":0,"parent":110,"menu_order":0,"comment_status":"closed","ping_status":"closed","template":"","meta":{"footnotes":""},"class_list":["post-1671","page","type-page","status-publish","hentry"],"_links":{"self":[{"href":"https:\/\/www.astrologosastrologia.com.pt\/blog\/wp-json\/wp\/v2\/pages\/1671","targetHints":{"allow":["GET"]}}],"collection":[{"href":"https:\/\/www.astrologosastrologia.com.pt\/blog\/wp-json\/wp\/v2\/pages"}],"about":[{"href":"https:\/\/www.astrologosastrologia.com.pt\/blog\/wp-json\/wp\/v2\/types\/page"}],"author":[{"embeddable":true,"href":"https:\/\/www.astrologosastrologia.com.pt\/blog\/wp-json\/wp\/v2\/users\/1"}],"replies":[{"embeddable":true,"href":"https:\/\/www.astrologosastrologia.com.pt\/blog\/wp-json\/wp\/v2\/comments?post=1671"}],"version-history":[{"count":1,"href":"https:\/\/www.astrologosastrologia.com.pt\/blog\/wp-json\/wp\/v2\/pages\/1671\/revisions"}],"predecessor-version":[{"id":1673,"href":"https:\/\/www.astrologosastrologia.com.pt\/blog\/wp-json\/wp\/v2\/pages\/1671\/revisions\/1673"}],"up":[{"embeddable":true,"href":"https:\/\/www.astrologosastrologia.com.pt\/blog\/wp-json\/wp\/v2\/pages\/110"}],"wp:attachment":[{"href":"https:\/\/www.astrologosastrologia.com.pt\/blog\/wp-json\/wp\/v2\/media?parent=1671"}],"curies":[{"name":"wp","href":"https:\/\/api.w.org\/{rel}","templated":true}]}}