{"id":1675,"date":"2015-05-16T09:22:01","date_gmt":"2015-05-16T09:22:01","guid":{"rendered":"http:\/\/www.astrologosastrologia.com.pt\/blog\/?page_id=1675"},"modified":"2015-05-16T09:22:01","modified_gmt":"2015-05-16T09:22:01","slug":"significado-dos-sonhos-letra-y","status":"publish","type":"page","link":"https:\/\/www.astrologosastrologia.com.pt\/blog\/sonhos\/significado-dos-sonhos-letra-y\/","title":{"rendered":"Significado dos sonhos &#8211; letra Y"},"content":{"rendered":"<p style=\"text-align: center;\"><a href=\"http:\/\/www.astrologosastrologia.com.pt\/blog\/wp-content\/uploads\/2015\/05\/Sonhos-significados.gif\"><img loading=\"lazy\" decoding=\"async\" class=\"alignnone size-full wp-image-1568\" src=\"http:\/\/www.astrologosastrologia.com.pt\/blog\/wp-content\/uploads\/2015\/05\/Sonhos-significados.gif\" alt=\"Sonhos-significados\" width=\"150\" height=\"43\" \/><\/a>\u00a0<a href=\"http:\/\/www.astrologosastrologia.com.pt\/blog\/wp-content\/uploads\/2015\/05\/sonhos-y1.gif\"><img loading=\"lazy\" decoding=\"async\" class=\"alignnone size-full wp-image-1676\" src=\"http:\/\/www.astrologosastrologia.com.pt\/blog\/wp-content\/uploads\/2015\/05\/sonhos-y1.gif\" alt=\"sonhos y\" width=\"50\" height=\"50\" \/><\/a><\/p>\n<p style=\"text-align: center;\"><span style=\"color: #ff0000;\"><strong>Significados dos <a href=\"http:\/\/www.astrologosastrologia.com.pt\/blog\/sonhos\/\" data-internallinksmanager029f6b8e52c=\"18\" title=\"Sonhos, saiba mais aqui\">sonhos<\/a> &#8211; letra Y<\/strong><\/span><\/p>\n<p style=\"text-align: center;\">\n<p style=\"text-align: center;\">\n<p><strong>Significado dos <a href=\"http:\/\/www.astrologosastrologia.com.pt\/blog\/sonhos\/\" data-internallinksmanager029f6b8e52c=\"18\" title=\"Sonhos, saiba mais aqui\">sonhos<\/a> &#8211; <a href=\"http:\/\/www.astrologosastrologia.com.pt\/blog\/sonhos\/\" data-internallinksmanager029f6b8e52c=\"18\" title=\"Sonhos, saiba mais aqui\">sonhar<\/a> com Y<\/strong>:\u00a0Ver a letra Y em seu <a href=\"http:\/\/www.astrologosastrologia.com.pt\/blog\/sonhos\/\" data-internallinksmanager029f6b8e52c=\"18\" title=\"Sonhos, saiba mais aqui\">sonho<\/a> indica algumas decis\u00f5es que voc\u00ea precisa tomar. Pode representar uma bifurca\u00e7\u00e3o na estrada\u00a0ou caminho que voc\u00ea precisa escolher. A letra Y tamb\u00e9m pode ser um trocadilho com porqu\u00ea. Voc\u00ea precisa come\u00e7ar a questionar as coisas.<\/p>\n<p><strong>Significado dos <a href=\"http:\/\/www.astrologosastrologia.com.pt\/blog\/sonhos\/\" data-internallinksmanager029f6b8e52c=\"18\" title=\"Sonhos, saiba mais aqui\">sonhos<\/a> &#8211; <a href=\"http:\/\/www.astrologosastrologia.com.pt\/blog\/sonhos\/\" data-internallinksmanager029f6b8e52c=\"18\" title=\"Sonhos, saiba mais aqui\">sonhar<\/a> com Yang:\u00a0<\/strong><a href=\"http:\/\/www.astrologosastrologia.com.pt\/blog\/sonhos\/\" data-internallinksmanager029f6b8e52c=\"18\" title=\"Sonhos, saiba mais aqui\">Sonhar<\/a> que voc\u00ea est\u00e1 vendo o s\u00edmbolo do Yang indica que seus caminhos receber\u00e3o muita luz Divina. Ver uma foto ou um desenho do TAO significa que toler\u00e2ncia e criatividade n\u00e3o faltar\u00e3o no amor. <a href=\"http:\/\/www.astrologosastrologia.com.pt\/blog\/sonhos\/\" data-internallinksmanager029f6b8e52c=\"18\" title=\"Sonhos, saiba mais aqui\">Sonhar<\/a> com pingente do Yang indica que passar\u00e1 por um calor excessivo. N\u00fameros da sorte: 18, 21, 31, 54, 63, 90. Bicho: burro. Cor: azul-claro.<strong><\/p>\n<p><\/strong><\/p>\n<p><strong>Significado dos <a href=\"http:\/\/www.astrologosastrologia.com.pt\/blog\/sonhos\/\" data-internallinksmanager029f6b8e52c=\"18\" title=\"Sonhos, saiba mais aqui\">sonhos<\/a> &#8211; <a href=\"http:\/\/www.astrologosastrologia.com.pt\/blog\/sonhos\/\" data-internallinksmanager029f6b8e52c=\"18\" title=\"Sonhos, saiba mais aqui\">sonhar<\/a> com Yin:\u00a0<\/strong><a href=\"http:\/\/www.astrologosastrologia.com.pt\/blog\/sonhos\/\" data-internallinksmanager029f6b8e52c=\"18\" title=\"Sonhos, saiba mais aqui\">Sonhar<\/a> com o s\u00edmbolo Yin representado pela cor mais escura do TAO diz que voc\u00ea est\u00e1 amadurecendo espiritualmente. Ver o s\u00edmbolo Yin com outra pessoa significa que precisa de ajuda para melhorar a sua introvers\u00e3o. Jogar fora um TAO indica amor muito passivo. N\u00fameros da sorte: 05, 14, 19, 25, 30, 48. Bicho: cachorro. Cor: Lil\u00e1s.<strong><\/p>\n<p><\/strong><\/p>\n<p>&nbsp;<\/p>\n<p><strong><img decoding=\"async\" src=\"http:\/\/www.astrologosastrologia.com.pt\/blog\/wp-content\/uploads\/2015\/05\/Portal-ae.jpg\" alt=\"Portal a&amp;e\" \/>\u00ab\u00ab Voltar ao tema: <span style=\"color: #008000;\"><a style=\"color: #008000;\" href=\"http:\/\/www.astrologosastrologia.com.pt\/blog\/sonhos\/\">Sonhos \u2013 Significado dos Sonhos<\/a><\/span> |<\/strong><\/p>\n ","protected":false},"excerpt":{"rendered":"<p>\u00a0 Significados dos sonhos &#8211; letra Y Significado dos sonhos &#8211; sonhar com Y:\u00a0Ver a letra Y em seu sonho indica algumas decis\u00f5es que voc\u00ea precisa tomar. Pode representar uma bifurca\u00e7\u00e3o na estrada\u00a0ou caminho que voc\u00ea precisa escolher. A letra Y tamb\u00e9m pode ser um trocadilho com porqu\u00ea. Voc\u00ea precisa come\u00e7ar a questionar as coisas. Significado dos sonhos &#8211; sonhar<\/p>\n","protected":false},"author":1,"featured_media":0,"parent":110,"menu_order":0,"comment_status":"closed","ping_status":"closed","template":"","meta":{"footnotes":""},"class_list":["post-1675","page","type-page","status-publish","hentry"],"_links":{"self":[{"href":"https:\/\/www.astrologosastrologia.com.pt\/blog\/wp-json\/wp\/v2\/pages\/1675","targetHints":{"allow":["GET"]}}],"collection":[{"href":"https:\/\/www.astrologosastrologia.com.pt\/blog\/wp-json\/wp\/v2\/pages"}],"about":[{"href":"https:\/\/www.astrologosastrologia.com.pt\/blog\/wp-json\/wp\/v2\/types\/page"}],"author":[{"embeddable":true,"href":"https:\/\/www.astrologosastrologia.com.pt\/blog\/wp-json\/wp\/v2\/users\/1"}],"replies":[{"embeddable":true,"href":"https:\/\/www.astrologosastrologia.com.pt\/blog\/wp-json\/wp\/v2\/comments?post=1675"}],"version-history":[{"count":1,"href":"https:\/\/www.astrologosastrologia.com.pt\/blog\/wp-json\/wp\/v2\/pages\/1675\/revisions"}],"predecessor-version":[{"id":1677,"href":"https:\/\/www.astrologosastrologia.com.pt\/blog\/wp-json\/wp\/v2\/pages\/1675\/revisions\/1677"}],"up":[{"embeddable":true,"href":"https:\/\/www.astrologosastrologia.com.pt\/blog\/wp-json\/wp\/v2\/pages\/110"}],"wp:attachment":[{"href":"https:\/\/www.astrologosastrologia.com.pt\/blog\/wp-json\/wp\/v2\/media?parent=1675"}],"curies":[{"name":"wp","href":"https:\/\/api.w.org\/{rel}","templated":true}]}}