{"id":6030,"date":"2015-06-18T11:42:41","date_gmt":"2015-06-18T11:42:41","guid":{"rendered":"http:\/\/www.astrologosastrologia.com.pt\/blog\/?page_id=6030"},"modified":"2015-06-19T07:16:58","modified_gmt":"2015-06-19T07:16:58","slug":"oracoes-contra-feiticarias-e-bruxarias","status":"publish","type":"page","link":"https:\/\/www.astrologosastrologia.com.pt\/blog\/oracoes\/oracoes-contra-feiticarias-e-bruxarias\/","title":{"rendered":"Ora\u00e7\u00f5es contra feiti\u00e7arias e bruxarias"},"content":{"rendered":"<p style=\"text-align: center;\"><strong><a href=\"http:\/\/www.astrologosastrologia.com.pt\/blog\/wp-content\/uploads\/2015\/05\/Portal-ae3.jpg\"><img loading=\"lazy\" decoding=\"async\" class=\"alignnone size-full wp-image-2214\" src=\"http:\/\/www.astrologosastrologia.com.pt\/blog\/wp-content\/uploads\/2015\/05\/Portal-ae3.jpg\" alt=\"Portal a&amp;e\" width=\"47\" height=\"86\" \/><\/a><span style=\"color: #ff0000;\"><a href=\"http:\/\/www.astrologosastrologia.com.pt\/blog\/oracoes\/\" data-internallinksmanager029f6b8e52c=\"15\" title=\"Ora\u00e7\u00f5es, veja mais aqui\">Ora\u00e7\u00f5es<\/a> contra feiti\u00e7arias e <a href=\"https:\/\/www.magianegra.com.pt\/\" data-internallinksmanager029f6b8e52c=\"5\" title=\"Bruxaria, saiba tudo aqui\" target=\"_blank\" rel=\"noopener\">bruxarias<\/a><\/span><\/strong><\/p>\n<p style=\"text-align: center;\"><span style=\"color: #808000;\"><a href=\"http:\/\/www.astrologosastrologia.com.pt\/blog\/oracoes\/\" data-internallinksmanager029f6b8e52c=\"15\" title=\"Ora\u00e7\u00f5es, veja mais aqui\">Ora\u00e7\u00f5es<\/a> contra <a href=\"https:\/\/www.magianegra.com.pt\/\" data-internallinksmanager029f6b8e52c=\"5\" title=\"Bruxaria, saiba tudo aqui\" target=\"_blank\" rel=\"noopener\">feiti\u00e7os<\/a>, <a href=\"http:\/\/www.astrologosastrologia.com.pt\/blog\/oracoes\/\" data-internallinksmanager029f6b8e52c=\"15\" title=\"Ora\u00e7\u00f5es, veja mais aqui\">ora\u00e7\u00f5es<\/a> para desfazer <a href=\"https:\/\/www.magianegra.com.pt\/\" data-internallinksmanager029f6b8e52c=\"5\" title=\"Bruxaria, saiba tudo aqui\" target=\"_blank\" rel=\"noopener\">bruxarias<\/a>, <a href=\"http:\/\/www.astrologosastrologia.com.pt\/blog\/oracoes\/\" data-internallinksmanager029f6b8e52c=\"15\" title=\"Ora\u00e7\u00f5es, veja mais aqui\">ora\u00e7\u00f5es<\/a> para livrar de maleficios, <a href=\"http:\/\/www.astrologosastrologia.com.pt\/blog\/oracoes\/\" data-internallinksmanager029f6b8e52c=\"15\" title=\"Ora\u00e7\u00f5es, veja mais aqui\">ora\u00e7\u00f5es<\/a> para se livrar de maldi\u00e7oes e pragas, <a href=\"http:\/\/www.astrologosastrologia.com.pt\/blog\/oracoes\/\" data-internallinksmanager029f6b8e52c=\"15\" title=\"Ora\u00e7\u00f5es, veja mais aqui\">ora\u00e7\u00f5es<\/a> de liberta\u00e7\u00e3o, <a href=\"http:\/\/www.astrologosastrologia.com.pt\/blog\/oracoes\/\" data-internallinksmanager029f6b8e52c=\"15\" title=\"Ora\u00e7\u00f5es, veja mais aqui\">ora\u00e7\u00f5es<\/a> para afastar inimigos, <a href=\"http:\/\/www.astrologosastrologia.com.pt\/blog\/oracoes\/\" data-internallinksmanager029f6b8e52c=\"15\" title=\"Ora\u00e7\u00f5es, veja mais aqui\">ora\u00e7\u00f5es<\/a> de exorcismo, <a href=\"http:\/\/www.astrologosastrologia.com.pt\/blog\/oracoes\/\" data-internallinksmanager029f6b8e52c=\"15\" title=\"Ora\u00e7\u00f5es, veja mais aqui\">ora\u00e7\u00f5es<\/a> de prote\u00e7\u00e3o e defesa, <a href=\"http:\/\/www.astrologosastrologia.com.pt\/blog\/oracoes\/\" data-internallinksmanager029f6b8e52c=\"15\" title=\"Ora\u00e7\u00f5es, veja mais aqui\">ora\u00e7\u00f5es<\/a> contra maus espiritos&#8230;<\/span><\/p>\n<p style=\"text-align: center;\"><span style=\"color: #808000;\">Todas as <a href=\"http:\/\/www.astrologosastrologia.com.pt\/blog\/oracoes\/\" data-internallinksmanager029f6b8e52c=\"15\" title=\"Ora\u00e7\u00f5es, veja mais aqui\">ora\u00e7\u00f5es<\/a> para se livrar do mal!<\/span><\/p>\n<p>&nbsp;<\/p>\n<p>&nbsp;<\/p>\n<p><img decoding=\"async\" src=\"http:\/\/www.astrologosastrologia.com.pt\/blog\/wp-content\/uploads\/2015\/05\/Portal-ae.jpg\" alt=\"Portal a&amp;e\" \/><span style=\"color: #ff6600;\"><strong>R<\/strong><strong>ezas e <a href=\"http:\/\/www.astrologosastrologia.com.pt\/blog\/oracoes\/\" data-internallinksmanager029f6b8e52c=\"15\" title=\"Ora\u00e7\u00f5es, veja mais aqui\">benzeduras<\/a>\u00a0contra <a href=\"https:\/\/www.magianegra.com.pt\/\" data-internallinksmanager029f6b8e52c=\"5\" title=\"Bruxaria, saiba tudo aqui\" target=\"_blank\" rel=\"noopener\">feiti\u00e7os<\/a> e <a href=\"https:\/\/www.magianegra.com.pt\/\" data-internallinksmanager029f6b8e52c=\"5\" title=\"Bruxaria, saiba tudo aqui\" target=\"_blank\" rel=\"noopener\">bruxarias<\/a>, afastar o mal\u2026<\/strong><\/span><\/p>\n<p><a href=\"http:\/\/www.astrologosastrologia.com.pt\/blog\/benzeduras\/reza-contra-a-tentacao-do-demonio-rezas-e-benzeduras\/\" target=\"_blank\">Reza contra a tenta\u00e7\u00e3o do demonio<\/a><\/p>\n<p><a href=\"http:\/\/www.astrologosastrologia.com.pt\/blog\/benzeduras\/reza-contra-bruxas-e-bruxarias\/\" target=\"_blank\">Reza contra Bruxas e bruxarias<\/a><\/p>\n<p><a href=\"http:\/\/www.astrologosastrologia.com.pt\/blog\/benzeduras\/benzedura-contra-o-bruxedo-e-mau-olhado\/\" target=\"_blank\">Benzedura Contra o bruxedo e mau olhado<\/a><\/p>\n<p><a href=\"http:\/\/www.astrologosastrologia.com.pt\/blog\/benzeduras\/reza-para-afugentar-o-mal-da-casa\/\" target=\"_blank\">Reza para Afugentar o Mal da Casa<\/a><\/p>\n<p><a href=\"http:\/\/www.astrologosastrologia.com.pt\/blog\/benzeduras\/reza-quando-se-sai-das-portas-fora-para-ficar-protegido\/\" target=\"_blank\">Reza quando se sai das portas fora para ficar protegido<\/a><\/p>\n<p><a href=\"http:\/\/www.astrologosastrologia.com.pt\/blog\/benzeduras\/reza-para-abrandar-o-coracao-de-alguem\/\" target=\"_blank\">Reza para abrandar o cora\u00e7\u00e3o de algu\u00e9m<\/a><\/p>\n<p><a href=\"http:\/\/www.astrologosastrologia.com.pt\/blog\/benzeduras\/reza-antiga-para-cortar-qualquer-feitico\/\" target=\"_blank\">Reza antiga para cortar qualquer feiti\u00e7o<\/a><\/p>\n<p><a href=\"http:\/\/www.astrologosastrologia.com.pt\/blog\/benzeduras\/benzedura-para-afastar-um-mal\/\" target=\"_blank\">Benzedura para afastar um mal<\/a><\/p>\n<p><a href=\"http:\/\/www.astrologosastrologia.com.pt\/blog\/benzeduras\/reza-contra-os-perigos-e-inimigos\/\" target=\"_blank\">Reza Contra os perigos e inimigos<\/a><\/p>\n<p><a href=\"http:\/\/www.astrologosastrologia.com.pt\/blog\/benzeduras\/reza-contra-quem-nos-deseja-mal\/\" target=\"_blank\">Reza contra quem nos deseja mal<\/a><\/p>\n<p><a href=\"http:\/\/www.astrologosastrologia.com.pt\/blog\/benzeduras\/benzimento-para-endemoniados\/\" target=\"_blank\">Benzimento para endemoniados<\/a><\/p>\n<p><img decoding=\"async\" src=\"http:\/\/www.astrologosastrologia.com.pt\/blog\/wp-content\/uploads\/2015\/05\/Portal-ae.jpg\" alt=\"Portal a&amp;e\" \/><span style=\"color: #ff6600;\"><strong>R<\/strong><strong>ezas e <a href=\"http:\/\/www.astrologosastrologia.com.pt\/blog\/oracoes\/\" data-internallinksmanager029f6b8e52c=\"15\" title=\"Ora\u00e7\u00f5es, veja mais aqui\">benzeduras<\/a>\u00a0contra inveja, mau olhado, olho gordo<\/strong><\/span><\/p>\n<p><a href=\"http:\/\/www.astrologosastrologia.com.pt\/blog\/benzeduras\/benzedura-contra-mau-olhado\/\" target=\"_blank\">Benzedura contra\u00a0mau-olhado<\/a><\/p>\n<p><a href=\"http:\/\/www.astrologosastrologia.com.pt\/blog\/benzeduras\/benzedura-contra-mau-olhado-rezas-e-benzeduras\/\" target=\"_blank\">Benzedura contra\u00a0mau-olhado<\/a><\/p>\n<p><a href=\"http:\/\/www.astrologosastrologia.com.pt\/blog\/benzeduras\/benzedura-para-mau-olhado\/\" target=\"_blank\">Benzedura para\u00a0mau-olhado<\/a><\/p>\n<p><a href=\"http:\/\/www.astrologosastrologia.com.pt\/blog\/benzeduras\/benzedura-do-mau-olhado\/\" target=\"_blank\">Benzedura do\u00a0mau-olhado<\/a><\/p>\n<p><a href=\"http:\/\/www.astrologosastrologia.com.pt\/blog\/benzeduras\/benzedura-com-azeite-contra-mau-olhado\/\" target=\"_blank\">Benzedura\u00a0com azeite contra Mau olhado<\/a><\/p>\n<p><a href=\"http:\/\/www.astrologosastrologia.com.pt\/blog\/benzeduras\/benzedura-para-afastar-mau-olhado-e-quebranto\/\" target=\"_blank\">Benzedura para afastar\u00a0mau-olhado e quebranto<\/a><\/p>\n<p><a href=\"http:\/\/www.astrologosastrologia.com.pt\/blog\/oracoes\/oracao-de-sao-cipriano-contra-o-quebranto-oracoes-sao-cipriano\/\" target=\"_blank\">Ora\u00e7\u00e3o de S\u00e3o Cipriano contra o quebranto<\/a><\/p>\n<p><a href=\"http:\/\/www.astrologosastrologia.com.pt\/blog\/benzeduras\/benzedura-contra-quebranto-benzeduras-e-rezas-populares\/\" target=\"_blank\">Benzedura contra quebranto<\/a><\/p>\n<p><a href=\"http:\/\/www.astrologosastrologia.com.pt\/blog\/benzeduras\/benzedura-para-tirar-o-quebranto\/\" target=\"_blank\">Benzedura\u00a0para tirar o quebranto<\/a><\/p>\n<p><a href=\"http:\/\/www.astrologosastrologia.com.pt\/blog\/benzeduras\/reza-poderosa-para-tirar-o-quebranto\/\" target=\"_blank\">Reza poderosa para tirar o quebranto<\/a><\/p>\n<p><a href=\"http:\/\/www.astrologosastrologia.com.pt\/blog\/benzeduras\/reza-usada-na-benzedura-do-quebranto-de-sol-e-de-lua\/\" target=\"_blank\">Reza usada na benzedura do quebranto, de sol e de lua<\/a><\/p>\n<p><a href=\"http:\/\/www.astrologosastrologia.com.pt\/blog\/benzeduras\/benzedura-contra-a-inveja\/\" target=\"_blank\">Benzedura contra a inveja<\/a><\/p>\n<p><a href=\"http:\/\/www.astrologosastrologia.com.pt\/blog\/benzeduras\/benzedura-para-depressao-e-cansaco\/\" target=\"_blank\">Benzedura\u00a0para depress\u00e3o e cansa\u00e7o<\/a><\/p>\n<p><a href=\"http:\/\/www.astrologosastrologia.com.pt\/blog\/benzeduras\/benzedura-contra-mau-olhado-sobre-animais\/\" target=\"_blank\">Benzedura contra\u00a0mau-olhado sobre animais<\/a><\/p>\n<p><strong><a href=\"http:\/\/www.astrologosastrologia.com.pt\/blog\/wp-content\/uploads\/2015\/05\/Portal-ae3.jpg\"><img loading=\"lazy\" decoding=\"async\" class=\"alignnone size-full wp-image-2214\" src=\"http:\/\/www.astrologosastrologia.com.pt\/blog\/wp-content\/uploads\/2015\/05\/Portal-ae3.jpg\" alt=\"Portal a&amp;e\" width=\"47\" height=\"86\" \/><\/a><span style=\"color: #ff6600;\"><a href=\"http:\/\/www.astrologosastrologia.com.pt\/blog\/oracoes\/\" data-internallinksmanager029f6b8e52c=\"15\" title=\"Ora\u00e7\u00f5es, veja mais aqui\">Ora\u00e7\u00f5es<\/a> contra feiti\u00e7arias e <a href=\"https:\/\/www.magianegra.com.pt\/\" data-internallinksmanager029f6b8e52c=\"5\" title=\"Bruxaria, saiba tudo aqui\" target=\"_blank\" rel=\"noopener\">bruxarias<\/a>, <a href=\"http:\/\/www.astrologosastrologia.com.pt\/blog\/oracoes\/\" data-internallinksmanager029f6b8e52c=\"15\" title=\"Ora\u00e7\u00f5es, veja mais aqui\">ora\u00e7\u00f5es<\/a> de prote\u00e7\u00e3o e defesa<\/span><\/strong><\/p>\n<p><a href=\"http:\/\/www.astrologosastrologia.com.pt\/blog\/oracoes\/oracao-de-sao-cipriano-contra-os-maus-espiritos\/\" target=\"_blank\">Ora\u00e7\u00e3o de S\u00e3o Cipriano contra os maus esp\u00edritos<\/a><\/p>\n<p><a href=\"http:\/\/www.astrologosastrologia.com.pt\/blog\/oracoes\/oracao-de-sao-cipriano-para-desfazer-qualquer-tipo-de-feiticarias-e-para-esconjuracoes-de-espiritos-malignos\/\" target=\"_blank\">Ora\u00e7\u00e3o de S\u00e3o Cipriano para desfazer qualquer tipo de feiti\u00e7arias e para esconjura\u00e7\u00f5es de esp\u00edritos malignos<\/a><\/p>\n<p><a href=\"http:\/\/www.astrologosastrologia.com.pt\/blog\/oracoes\/oracao-a-sao-cipriano-contra-bruxarias-e-feiticarias-oracoes-a-sao-cipriano\/\" target=\"_blank\">Ora\u00e7\u00e3o a S\u00e3o Cipriano Contra bruxarias e feiti\u00e7arias<\/a><\/p>\n<p><a href=\"http:\/\/www.astrologosastrologia.com.pt\/blog\/oracoes\/oracao-de-sao-cipriano-contra-espiritos-obsessores-e-inimigos\/\" target=\"_blank\">Ora\u00e7\u00e3o de S\u00e3o Cipriano contra esp\u00edritos obsessores e inimigos<\/a><\/p>\n<p><a href=\"http:\/\/www.astrologosastrologia.com.pt\/blog\/oracoes\/oracao-a-sao-cipriano-para-fechar-o-corpo-contra-inimigos\/\" target=\"_blank\">Ora\u00e7\u00e3o a S\u00e3o Cipriano para fechar o corpo contra inimigos<\/a><\/p>\n<p><a href=\"http:\/\/www.astrologosastrologia.com.pt\/blog\/oracoes\/oracao-de-sao-cipriano-de-esconjuracao-contra-o-demonio\/\" target=\"_blank\">Ora\u00e7\u00e3o de S\u00e3o Cipriano de esconjura\u00e7\u00e3o contra o dem\u00f3nio<\/a><\/p>\n<p><a href=\"http:\/\/www.astrologosastrologia.com.pt\/blog\/oracoes\/oracao-de-sao-cipriano-para-enxotar-o-demonio\/\" target=\"_blank\">Ora\u00e7\u00e3o de S\u00e3o Cipriano para enxotar o dem\u00f3nio<\/a><\/p>\n<p><a href=\"http:\/\/www.astrologosastrologia.com.pt\/blog\/oracoes\/preceito-contra-o-demonio-oracao-de-sao-cipriano\/\" target=\"_blank\">Preceito contra o dem\u00f3nio<\/a><\/p>\n<p><a href=\"http:\/\/www.astrologosastrologia.com.pt\/blog\/oracoes\/reza-brava-de-sao-cipriano-para-repreender-um-espirito-imundo\/\" target=\"_blank\">Reza brava de S\u00e3o Cipriano para repreender um esp\u00edrito imundo<\/a><\/p>\n<p><a href=\"http:\/\/www.astrologosastrologia.com.pt\/blog\/oracoes\/oracao-de-sao-cipriano-para-fechar-o-corpo-contra-todos-os-males\/\" target=\"_blank\">Ora\u00e7\u00e3o de S\u00e3o Cipriano para fechar o corpo contra todos os males<\/a><\/p>\n<p><a href=\"http:\/\/www.astrologosastrologia.com.pt\/blog\/oracoes\/lenho-contra-feiticos-de-sao-cipriano\/\" target=\"_blank\">Lenho contra feiti\u00e7os de S\u00e3o Cipriano<\/a><\/p>\n<p><a href=\"http:\/\/www.astrologosastrologia.com.pt\/blog\/oracoes\/oracao-de-corte-ou-libertacao-de-maldicoes-feiticos-e-magias\/\" target=\"_blank\">Ora\u00e7\u00e3o de Corte ou Liberta\u00e7\u00e3o de Maldi\u00e7\u00f5es Feiti\u00e7os e Magias<\/a><\/p>\n<p><a href=\"http:\/\/www.astrologosastrologia.com.pt\/blog\/oracoes\/oracao-contra-todos-os-maleficios\/\" target=\"_blank\">Ora\u00e7\u00e3o Contra todos os Malef\u00edcios<\/a><\/p>\n<p><a href=\"http:\/\/www.astrologosastrologia.com.pt\/blog\/oracoes\/oracao-para-protecao\/\" target=\"_blank\">Ora\u00e7\u00e3o para prote\u00e7\u00e3o<\/a><\/p>\n<p><a href=\"http:\/\/www.astrologosastrologia.com.pt\/blog\/oracoes\/oracao-contra-feitico\/\" target=\"_blank\">Ora\u00e7\u00e3o contra feiti\u00e7o<\/a><\/p>\n<p><a href=\"http:\/\/www.astrologosastrologia.com.pt\/blog\/oracoes\/oracao-contra-todos-os-males\/\" target=\"_blank\">Ora\u00e7\u00e3o contra todos os males<\/a><\/p>\n<p><a href=\"http:\/\/www.astrologosastrologia.com.pt\/blog\/oracoes\/oracao-de-quebra-de-maldicao\/\" target=\"_blank\">Ora\u00e7\u00e3o de quebra de maldi\u00e7\u00e3o<\/a><\/p>\n<p><a href=\"http:\/\/www.astrologosastrologia.com.pt\/blog\/oracoes\/oracao-para-afastar-os-maus-espiritos\/\" target=\"_blank\">Ora\u00e7\u00e3o para afastar os maus Esp\u00edritos<\/a><\/p>\n<p><a href=\"http:\/\/www.astrologosastrologia.com.pt\/blog\/anjos\/oracao-aos-anjos-para-pedir-proteccao-contra-todos-os-males-e-inimigos\/\" target=\"_blank\">Ora\u00e7\u00e3o aos Anjos para Pedir Protec\u00e7\u00e3o Contra Todos os Males e Inimigos<\/a><\/p>\n<p><a href=\"http:\/\/www.astrologosastrologia.com.pt\/blog\/anjos\/oracao-dos-anjos-para-afastar-o-mal\/\" target=\"_blank\">Ora\u00e7\u00e3o dos Anjos para afastar o mal<\/a><\/p>\n<p>*<\/p>\n<p><a href=\"http:\/\/www.astrologosastrologia.com.pt\/oracoes=oracoes_contra_feiticos=oracao_a_sao_marcos_e_sao_manso_para_livrar_de_todos_os_maleficios.htm\" target=\"_blank\">Ora\u00e7\u00f5es a s\u00e3o Manso e s\u00e3o Marcos para livrar de malef\u00edcios<\/a><strong>\u00a0<\/strong><\/p>\n<p><a href=\"http:\/\/www.astrologosastrologia.com.pt\/oracoes=oracoes_contra_feiticos=oracao_aos_anjos_para_pedir_proteccao_contra_todos_os_males_e_inimigos.htm\" target=\"_blank\">Ora\u00e7\u00e3o aos anjos para protec\u00e7\u00e3o contra males e inimigos<\/a><\/p>\n<p><a href=\"http:\/\/www.astrologosastrologia.com.pt\/oracoes=oracoes_contra_feiticos=oracao_de_sao_patricio_contra_feiticos_e_maleficios.htm\" target=\"_blank\">Ora\u00e7\u00e3o de S\u00e3o Patr\u00edcio contra feiti\u00e7os e malef\u00edcios<\/a><\/p>\n<p><a href=\"http:\/\/www.astrologosastrologia.com.pt\/oracoes=oracoes_contra_feiticos=oracao_para_livrar_a_casa_de_bruxarias_e_feiti%C3%A7os.htm\" target=\"_blank\">Ora\u00e7\u00e3o para livrar a casa de bruxarias e feiti\u00e7os<\/a><\/p>\n<p><a href=\"http:\/\/www.astrologosastrologia.com.pt\/oracoes=oracoes_contra_feiticarias_e_bruxarias=prece_para_afastar_os_inimigos.htm\" target=\"_blank\">Prece para afastar inimigos<\/a><\/p>\n<p>&nbsp;<\/p>\n<p><strong><a href=\"http:\/\/www.astrologosastrologia.com.pt\/blog\/wp-content\/uploads\/2015\/05\/Portal-ae3.jpg\"><img loading=\"lazy\" decoding=\"async\" class=\"alignnone size-full wp-image-2214\" src=\"http:\/\/www.astrologosastrologia.com.pt\/blog\/wp-content\/uploads\/2015\/05\/Portal-ae3.jpg\" alt=\"Portal a&amp;e\" width=\"47\" height=\"86\" \/><\/a><span style=\"color: #ff6600;\"><a href=\"http:\/\/www.astrologosastrologia.com.pt\/blog\/oracoes\/\" data-internallinksmanager029f6b8e52c=\"15\" title=\"Ora\u00e7\u00f5es, veja mais aqui\">Ora\u00e7\u00f5es<\/a> de liberta\u00e7\u00e3o<\/span><\/strong><\/p>\n<p><a href=\"http:\/\/www.astrologosastrologia.com.pt\/oracoes=oracoes_de_libertacao=oracao_a_nossa_senhora_libertadora_dos_flagelos.htm\">Ora\u00e7\u00e3o a nossa senhora libertadora dos flagelos<\/a><\/p>\n<p><a href=\"http:\/\/www.astrologosastrologia.com.pt\/oracoes=oracoes_de_libertacao=oracao_de_libertacao&amp;1.htm\">Ora\u00e7\u00e3o de liberta\u00e7\u00e3o I<\/a><\/p>\n<p><a href=\"http:\/\/www.astrologosastrologia.com.pt\/oracoes=oracoes_de_libertacao=oracao_de_libertacao&amp;2.htm\">Ora\u00e7\u00e3o de liberta\u00e7\u00e3o II<\/a><\/p>\n<p><a href=\"http:\/\/www.astrologosastrologia.com.pt\/oracoes=oracoes_de_libertacao=oracao_de_libertacao&amp;intercessao_para_a_libertacao_da_casa.htm\">Ora\u00e7\u00e3o para liberta\u00e7\u00e3o da casa<\/a><\/p>\n<p><a href=\"http:\/\/www.astrologosastrologia.com.pt\/oracoes=oracoes_de_libertacao=oracao_de_libertacao&amp;para_nao_se_deixar_vencer_pelo_maligno.htm\">Ora\u00e7\u00e3o para n\u00e3o se deixar vencer pelo maligno<\/a><\/p>\n<p><a href=\"http:\/\/www.astrologosastrologia.com.pt\/oracoes=oracoes_de_libertacao=oracao_de_libertacao&amp;purificacao.htm\">Ora\u00e7\u00e3o de liberta\u00e7\u00e3o e purifica\u00e7\u00e3o<\/a><\/p>\n<p><a href=\"http:\/\/www.astrologosastrologia.com.pt\/oracoes=oracoes_de_libertacao=oracao_de_libertacao&amp;resistencia.htm\">Ora\u00e7\u00e3o de liberta\u00e7\u00e3o e resist\u00eancia<\/a><\/p>\n<p><a href=\"http:\/\/www.astrologosastrologia.com.pt\/oracoes=oracoes_de_libertacao=oracao_de_libertacao_a_santissima_trindadel.htm\">Ora\u00e7\u00e3o de liberta\u00e7\u00e3o \u00e1 sant\u00edssima trindade<\/a><\/p>\n<p><a href=\"http:\/\/www.astrologosastrologia.com.pt\/oracoes=oracoes_de_libertacao=oracao_de_libertacao_a_sao_miguel.htm\">Ora\u00e7\u00e3o de liberta\u00e7\u00e3o a S\u00e3o Miguel<\/a><\/p>\n<p><a href=\"http:\/\/www.astrologosastrologia.com.pt\/oracoes=oracoes_de_libertacao=oracao_de_libertacao_ao_senhor_jesus.htm\">Ora\u00e7\u00e3o de liberta\u00e7\u00e3o ao senhor Jesus<\/a><\/p>\n<p><a href=\"http:\/\/www.astrologosastrologia.com.pt\/oracoes=oracoes_de_libertacao=oracao_de_libertacao_com_maria.htm\">Ora\u00e7\u00e3o de liberta\u00e7\u00e3o com Maria<\/a><\/p>\n<p><a href=\"http:\/\/www.astrologosastrologia.com.pt\/oracoes=oracoes_de_libertacao=oracao_de_libertacao_e_cura.htm\">Ora\u00e7\u00e3o de liberta\u00e7\u00e3o e cura<\/a><\/p>\n<p><a href=\"http:\/\/www.astrologosastrologia.com.pt\/oracoes=oracoes_de_libertacao=oracao_de_libertacao_vocacional.htm\">Ora\u00e7\u00e3o de liberta\u00e7\u00e3o vocacional<\/a><\/p>\n<p><a href=\"http:\/\/www.astrologosastrologia.com.pt\/oracoes=oracoes_de_libertacao=oracao_de_pedido_de_libertacao_ao_senhor_jesus.htm\">Ora\u00e7\u00e3o de pedido de liberta\u00e7\u00e3o ao senhor Jesus<\/a><\/p>\n<p><a href=\"http:\/\/www.astrologosastrologia.com.pt\/oracoes=oracoes_de_libertacao=oracao_pela_cura_e_libertacao_de_alguem.htm\">Ora\u00e7\u00e3o pela cura e liberta\u00e7\u00e3o de algu\u00e9m<\/a><\/p>\n<p><a href=\"http:\/\/www.astrologosastrologia.com.pt\/oracoes=oracoes_de_libertacao=oracoes_de_libertacao_do_maligno&amp;1.htm\">Ora\u00e7\u00e3o de liberta\u00e7\u00e3o do maligno I<\/a><\/p>\n<p><a href=\"http:\/\/www.astrologosastrologia.com.pt\/oracoes=oracoes_de_libertacao=oracoes_de_libertacao_do_maligno&amp;2_cont.htm\">Ora\u00e7\u00f5es de liberta\u00e7\u00e3o do maligno II<\/a><\/p>\n<p><a href=\"http:\/\/www.astrologosastrologia.com.pt\/oracoes=oracoes_de_libertacao=oracoes_de_libertacao_do_maligno&amp;3_cont.htm\">Ora\u00e7\u00f5es de liberta\u00e7\u00e3o do maligno III<\/a><\/p>\n<p><a href=\"http:\/\/www.astrologosastrologia.com.pt\/oracoes=oracoes_de_libertacao=oracoes_de_libertacao_do_maligno&amp;4_cont.htm\">Ora\u00e7\u00f5es de liberta\u00e7\u00e3o do maligno IV<\/a><\/p>\n<p><a href=\"http:\/\/www.astrologosastrologia.com.pt\/oracoes=oracoes_de_libertacao=oracoes_de_libertacao_do_maligno&amp;5_cont.htm\">Ora\u00e7\u00f5es de liberta\u00e7\u00e3o do maligno V<\/a><\/p>\n<p><a href=\"http:\/\/www.astrologosastrologia.com.pt\/oracoes=oracoes_de_libertacao=oracoes_de_libertacao_do_maligno&amp;6_cont.htm\">Ora\u00e7\u00f5es de liberta\u00e7\u00e3o do maligno VI<\/a><\/p>\n<p><a href=\"http:\/\/www.astrologosastrologia.com.pt\/oracoes=oracoes_de_libertacao=oracoes_de_libertacao_do_maligno&amp;7_cont.htm\">Ora\u00e7\u00f5es de liberta\u00e7\u00e3o do maligno VII<\/a><\/p>\n<p><a href=\"http:\/\/www.astrologosastrologia.com.pt\/oracoes=oracoes_de_libertacao=oracoes_de_libertacao_do_maligno&amp;8_cont.htm\">Ora\u00e7\u00f5es de liberta\u00e7\u00e3o do maligno VIII<\/a><\/p>\n ","protected":false},"excerpt":{"rendered":"<p>Ora\u00e7\u00f5es contra feiti\u00e7arias e bruxarias Ora\u00e7\u00f5es contra feiti\u00e7os, ora\u00e7\u00f5es para desfazer bruxarias, ora\u00e7\u00f5es para livrar de maleficios, ora\u00e7\u00f5es para se livrar de maldi\u00e7oes e pragas, ora\u00e7\u00f5es de liberta\u00e7\u00e3o, ora\u00e7\u00f5es para afastar inimigos, ora\u00e7\u00f5es de exorcismo, ora\u00e7\u00f5es de prote\u00e7\u00e3o e defesa, ora\u00e7\u00f5es contra maus espiritos&#8230; Todas as ora\u00e7\u00f5es para se livrar do mal! &nbsp; &nbsp; Rezas e benzeduras\u00a0contra feiti\u00e7os e bruxarias,<\/p>\n","protected":false},"author":1,"featured_media":0,"parent":103,"menu_order":0,"comment_status":"closed","ping_status":"closed","template":"","meta":{"footnotes":""},"class_list":["post-6030","page","type-page","status-publish","hentry"],"_links":{"self":[{"href":"https:\/\/www.astrologosastrologia.com.pt\/blog\/wp-json\/wp\/v2\/pages\/6030","targetHints":{"allow":["GET"]}}],"collection":[{"href":"https:\/\/www.astrologosastrologia.com.pt\/blog\/wp-json\/wp\/v2\/pages"}],"about":[{"href":"https:\/\/www.astrologosastrologia.com.pt\/blog\/wp-json\/wp\/v2\/types\/page"}],"author":[{"embeddable":true,"href":"https:\/\/www.astrologosastrologia.com.pt\/blog\/wp-json\/wp\/v2\/users\/1"}],"replies":[{"embeddable":true,"href":"https:\/\/www.astrologosastrologia.com.pt\/blog\/wp-json\/wp\/v2\/comments?post=6030"}],"version-history":[{"count":13,"href":"https:\/\/www.astrologosastrologia.com.pt\/blog\/wp-json\/wp\/v2\/pages\/6030\/revisions"}],"predecessor-version":[{"id":6077,"href":"https:\/\/www.astrologosastrologia.com.pt\/blog\/wp-json\/wp\/v2\/pages\/6030\/revisions\/6077"}],"up":[{"embeddable":true,"href":"https:\/\/www.astrologosastrologia.com.pt\/blog\/wp-json\/wp\/v2\/pages\/103"}],"wp:attachment":[{"href":"https:\/\/www.astrologosastrologia.com.pt\/blog\/wp-json\/wp\/v2\/media?parent=6030"}],"curies":[{"name":"wp","href":"https:\/\/api.w.org\/{rel}","templated":true}]}}