{"id":627,"date":"2015-05-11T11:17:36","date_gmt":"2015-05-11T11:17:36","guid":{"rendered":"http:\/\/www.astrologosastrologia.com.pt\/blog\/?page_id=627"},"modified":"2015-05-11T11:18:11","modified_gmt":"2015-05-11T11:18:11","slug":"gnosticismo","status":"publish","type":"page","link":"https:\/\/www.astrologosastrologia.com.pt\/blog\/religiao\/gnosticismo\/","title":{"rendered":"Gnosticismo"},"content":{"rendered":"<p style=\"text-align: center;\"><a href=\"http:\/\/www.astrologosastrologia.com.pt\/blog\/wp-content\/uploads\/2015\/05\/Gnosticismo-gn\u00f3sticos.jpg\"><img loading=\"lazy\" decoding=\"async\" class=\"alignnone size-full wp-image-629\" src=\"http:\/\/www.astrologosastrologia.com.pt\/blog\/wp-content\/uploads\/2015\/05\/Gnosticismo-gn\u00f3sticos.jpg\" alt=\"Gnosticismo, gn\u00f3sticos\" width=\"136\" height=\"115\" \/><\/a><\/p>\n<p style=\"text-align: center;\"><span style=\"color: #ff0000;\"><strong>Gnosticismo, gn\u00f3sticos<\/strong><\/span><\/p>\n<p>&nbsp;<\/p>\n<p><a href=\"http:\/\/www.astrologosastrologia.com.pt\/gnosticismo_gnosticos.htm\">Gnosticismo. Quem s\u00e3o os Gn\u00f3sticos?<\/a><\/p>\n<p>&nbsp;<\/p>\n<p><a href=\"http:\/\/www.astrologosastrologia.com.pt\/gnosticismo_EvangelhoApocrifoBartolomeu.htm\">Gnosticismo, o evangelho ap\u00f3crifo de Bartolomeu<\/a><\/p>\n<p>&nbsp;<\/p>\n<p><a href=\"http:\/\/www.astrologosastrologia.com.pt\/gnosticismo_epistolaBarnabe.htm\">Gnosticismo, a epistola de Barnab\u00e9<\/a><\/p>\n<p>&nbsp;<\/p>\n<p><a href=\"http:\/\/www.astrologosastrologia.com.pt\/gnosticismo_apocrifos_SophiadeJesus.htm\">Gnosticismo, ap\u00f3crifo da Sophia de Jesus<\/a><\/p>\n<p>&nbsp;<\/p>\n<p><a href=\"http:\/\/www.astrologosastrologia.com.pt\/gnosticismo_SeteSermoesaosMortos.htm\">Gnosticismo, os sete serm\u00f5es aos Mortos<\/a><\/p>\n<p>&nbsp;<\/p>\n<p><a href=\"http:\/\/www.astrologosastrologia.com.pt\/gnosticismo_evangelho+Jose.htm\">Gnosticismo, o Evangelho de Jos\u00e9<\/a><\/p>\n<p>&nbsp;<\/p>\n<p><a href=\"http:\/\/www.astrologosastrologia.com.pt\/gnosticismo_Livros+Apocrifos.htm\">Gnosticismo, lista de Livros Ap\u00f3crifos<\/a><\/p>\n<p>&nbsp;<\/p>\n<p><a href=\"http:\/\/www.astrologosastrologia.com.pt\/gnosticismo_Salmo151_Salmo&amp;Apocrifo.htm\">Gnosticismo, o Salmo 151, o salmo ap\u00f3crifo <\/a><\/p>\n<p>&nbsp;<\/p>\n<p><a href=\"http:\/\/www.astrologosastrologia.com.pt\/Gnosticismo_Religioes+Misterios&amp;Cristianismo+Esoterico.htm\">Gnosticismo, as religi\u00f5es dos mist\u00e9rios, o cristianismo esot\u00e9rico<\/a><\/p>\n<p>&nbsp;<\/p>\n<p><a href=\"http:\/\/www.astrologosastrologia.com.pt\/gnosticismo_livro+apocrifo+genesis.htm\">Gnosticismo, o livro ap\u00f3crifo de G\u00e9nesis<\/a><\/p>\n<p>&nbsp;<\/p>\n<p><a href=\"http:\/\/www.astrologosastrologia.com.pt\/gnosticismo_evangelho+apocrifo+tome.htm\">Gnosticismo, o evangelho ap\u00f3crifo de Tom\u00e9<\/a><\/p>\n<p>&nbsp;<\/p>\n<p><a href=\"http:\/\/www.astrologosastrologia.com.pt\/gnosticismo&amp;apocrifos=evangelho+nicodemus.htm\">Gnosticismo, o evangelho de Nicodemus<\/a><\/p>\n<p>&nbsp;<\/p>\n<p><a href=\"http:\/\/www.astrologosastrologia.com.pt\/gnosticismo&amp;apocrifos=evangelho+nicodemus2.htm\">Gnosticismo, o evangelho de Nicodemus II<\/a><\/p>\n<p>&nbsp;<\/p>\n<p><a href=\"http:\/\/www.astrologosastrologia.com.pt\/gnosticismo&amp;apocrifos=evangelho+agrapha.htm\">Gnosticismo, o evangelho de Agrapha<\/a><\/p>\n<p>&nbsp;<\/p>\n<p><a href=\"http:\/\/www.astrologosastrologia.com.pt\/gnosticismo&amp;apocrifos=epistola+rei+abgaro.htm\">Gnosticismo, o epistola Rei Abgaro<\/a><\/p>\n<p>&nbsp;<\/p>\n<p><a href=\"http:\/\/www.astrologosastrologia.com.pt\/gnosticismo&amp;apocrifos=epistola+diogneto.htm\">Gnosticismo, epistola Diogneto<\/a><\/p>\n<p>&nbsp;<\/p>\n<p><a href=\"http:\/\/www.astrologosastrologia.com.pt\/gnosticismo&amp;apocrifos=epistola+jose+arimateia.htm\">Gnosticismo, epistola Jos\u00e9 Arimateia<\/a><\/p>\n<p>&nbsp;<\/p>\n<p><a href=\"http:\/\/www.astrologosastrologia.com.pt\/gnosticismo&amp;apocrifos=epistola+laodicenses.htm\">Ap\u00f3crifos, epistola aos Laodicenses<\/a><\/p>\n<p>&nbsp;<\/p>\n<p><a href=\"http:\/\/www.astrologosastrologia.com.pt\/gnosticismo&amp;apocrifos=evangelho+maria+madalena.htm\">Ap\u00f3crifos, Evangelho Maria Madalena<\/a><\/p>\n<p>&nbsp;<\/p>\n<p><a href=\"http:\/\/www.astrologosastrologia.com.pt\/gnosticismo&amp;apocrifos=proto+evangelho+tiago.htm\">Ap\u00f3crifos, proto evangelho de Tiago<\/a><\/p>\n<p>&nbsp;<\/p>\n<p><a href=\"http:\/\/www.astrologosastrologia.com.pt\/gnosticismo&amp;apocrifos=epistola+pilatos.htm\">Gnosticismo, epistola Pilatos<\/a><\/p>\n<p>&nbsp;<\/p>\n<p><strong><a href=\"http:\/\/www.astrologosastrologia.com.pt\/blog\/oracoes\/\" data-internallinksmanager029f6b8e52c=\"15\" title=\"Ora\u00e7\u00f5es, veja mais aqui\">Ora\u00e7\u00f5es<\/a> Gn\u00f3sticas<\/strong><\/p>\n<p>&nbsp;<\/p>\n<p><a href=\"http:\/\/www.astrologosastrologia.com.pt\/53\/oracoes=oracoes_gnosticas=a_oracao_de_jesus.htm\">Ora\u00e7\u00e3o de Jesus<\/a><\/p>\n<p>&nbsp;<\/p>\n<p><a href=\"http:\/\/www.astrologosastrologia.com.pt\/53\/oracoes=oracoes_gnosticas=a_oracao_do_apostolo_paulo.htm\">Ora\u00e7\u00e3o do apostolo Paulo<\/a><\/p>\n<p>&nbsp;<\/p>\n<p><a href=\"http:\/\/www.astrologosastrologia.com.pt\/53\/oracoes=oracoes_gnosticas=a_oracao_gnostica_para_os_doentes_pedirem_ajuda.htm\">Ora\u00e7\u00e3o para os doentes<\/a><\/p>\n<p>&nbsp;<\/p>\n<p><a href=\"http:\/\/www.astrologosastrologia.com.pt\/53\/oracoes=oracoes_gnosticas=a_oracao_individual_conforme_a_tradicao_gnostica.htm\">Ora\u00e7\u00e3o individual segundo tradi\u00e7\u00e3o gn\u00f3stica<\/a><\/p>\n<p>&nbsp;<\/p>\n<p><a href=\"http:\/\/www.astrologosastrologia.com.pt\/53\/oracoes=oracoes_gnosticas=oracao_de_acao_de_gracas.htm\">Ora\u00e7\u00e3o de ac\u00e7\u00e3o de gra\u00e7as<\/a><\/p>\n<p>&nbsp;<\/p>\n<p><a href=\"http:\/\/www.astrologosastrologia.com.pt\/53\/oracoes=oracoes_gnosticas=oracoes_sagradas_dos_7_planetas.htm\">Ora\u00e7\u00f5es sagradas dos sete planetas<\/a><\/p>\n<p>&nbsp;<\/p>\n<p><a href=\"http:\/\/www.astrologosastrologia.com.pt\/53\/oracoes=oracoes_gnosticas=paulo_gnostico.htm\">Paulo Gn\u00f3stico<\/a><\/p>\n ","protected":false},"excerpt":{"rendered":"<p>Gnosticismo, gn\u00f3sticos &nbsp; Gnosticismo. Quem s\u00e3o os Gn\u00f3sticos? &nbsp; Gnosticismo, o evangelho ap\u00f3crifo de Bartolomeu &nbsp; Gnosticismo, a epistola de Barnab\u00e9 &nbsp; Gnosticismo, ap\u00f3crifo da Sophia de Jesus &nbsp; Gnosticismo, os sete serm\u00f5es aos Mortos &nbsp; Gnosticismo, o Evangelho de Jos\u00e9 &nbsp; Gnosticismo, lista de Livros Ap\u00f3crifos &nbsp; Gnosticismo, o Salmo 151, o salmo ap\u00f3crifo &nbsp; Gnosticismo, as religi\u00f5es dos<\/p>\n","protected":false},"author":1,"featured_media":0,"parent":143,"menu_order":0,"comment_status":"closed","ping_status":"closed","template":"","meta":{"footnotes":""},"class_list":["post-627","page","type-page","status-publish","hentry"],"_links":{"self":[{"href":"https:\/\/www.astrologosastrologia.com.pt\/blog\/wp-json\/wp\/v2\/pages\/627","targetHints":{"allow":["GET"]}}],"collection":[{"href":"https:\/\/www.astrologosastrologia.com.pt\/blog\/wp-json\/wp\/v2\/pages"}],"about":[{"href":"https:\/\/www.astrologosastrologia.com.pt\/blog\/wp-json\/wp\/v2\/types\/page"}],"author":[{"embeddable":true,"href":"https:\/\/www.astrologosastrologia.com.pt\/blog\/wp-json\/wp\/v2\/users\/1"}],"replies":[{"embeddable":true,"href":"https:\/\/www.astrologosastrologia.com.pt\/blog\/wp-json\/wp\/v2\/comments?post=627"}],"version-history":[{"count":2,"href":"https:\/\/www.astrologosastrologia.com.pt\/blog\/wp-json\/wp\/v2\/pages\/627\/revisions"}],"predecessor-version":[{"id":630,"href":"https:\/\/www.astrologosastrologia.com.pt\/blog\/wp-json\/wp\/v2\/pages\/627\/revisions\/630"}],"up":[{"embeddable":true,"href":"https:\/\/www.astrologosastrologia.com.pt\/blog\/wp-json\/wp\/v2\/pages\/143"}],"wp:attachment":[{"href":"https:\/\/www.astrologosastrologia.com.pt\/blog\/wp-json\/wp\/v2\/media?parent=627"}],"curies":[{"name":"wp","href":"https:\/\/api.w.org\/{rel}","templated":true}]}}