{"id":6401,"date":"2015-06-22T07:41:59","date_gmt":"2015-06-22T07:41:59","guid":{"rendered":"http:\/\/www.astrologosastrologia.com.pt\/blog\/?page_id=6401"},"modified":"2015-06-27T10:36:30","modified_gmt":"2015-06-27T10:36:30","slug":"oracoes-com-indulgencias","status":"publish","type":"page","link":"https:\/\/www.astrologosastrologia.com.pt\/blog\/oracoes\/oracoes-com-indulgencias\/","title":{"rendered":"Ora\u00e7\u00f5es com indulg\u00eancias"},"content":{"rendered":"<p style=\"text-align: center;\"><img decoding=\"async\" src=\"http:\/\/www.astrologosastrologia.com.pt\/blog\/wp-content\/uploads\/2015\/06\/ora%C3%A7oes.jpg\" alt=\"ora\u00e7oes\" \/><\/p>\n<p style=\"text-align: center;\"><strong><a href=\"http:\/\/www.astrologosastrologia.com.pt\/blog\/oracoes\/\" data-internallinksmanager029f6b8e52c=\"15\" title=\"Ora\u00e7\u00f5es, veja mais aqui\">Ora\u00e7\u00f5es<\/a> com indulg\u00eancias<\/strong><\/p>\n<p>&nbsp;<\/p>\n<p style=\"text-align: justify;\"><strong>O que <a href=\"http:\/\/www.astrologosastrologia.com.pt\/blog\/santos\/\" data-internallinksmanager029f6b8e52c=\"9\" title=\"Santos e Santas, veja mais aqui\">s\u00e3o<\/a> as indulg\u00eancias?<\/strong><\/p>\n<p>A indulg\u00eancia \u00e9 a supress\u00e3o da pena devida pelos pecados que a Igreja outorga a quem realize determinadas a\u00e7\u00f5es.<br \/>\nA indulg\u00eancia \u00e9 a remiss\u00e3o, diante de <a href=\"http:\/\/www.astrologosastrologia.com.pt\/blog\/deuses\/\" data-internallinksmanager029f6b8e52c=\"10\" title=\"Deuses e Deusas, veja mais aqui\">Deus<\/a>, da pena temporal pelos pecados j\u00e1 perdoados quanto \u00e0 culpa, que um fiel disposto e cumprindo determinadas condi\u00e7\u00f5es consegue por media\u00e7\u00e3o da Igreja, a qual, como administradora da reden\u00e7\u00e3o, distribui e aplica, com autoridade, os tesouros das repara\u00e7\u00f5es de Cristo e dos <a href=\"http:\/\/www.astrologosastrologia.com.pt\/blog\/santos\/\" data-internallinksmanager029f6b8e52c=\"9\" title=\"Santos e Santas, veja mais aqui\">santos<\/a> (cfr. Mt 16, 19).<\/p>\n<p>As indulg\u00eancias podem aplicar-se aos defuntos?<\/p>\n<p>As indulg\u00eancias sempre <a href=\"http:\/\/www.astrologosastrologia.com.pt\/blog\/santos\/\" data-internallinksmanager029f6b8e52c=\"9\" title=\"Santos e Santas, veja mais aqui\">s\u00e3o<\/a> aplicadas a si mesmo ou \u00e0s almas dos defuntos, mas n\u00e3o <a href=\"http:\/\/www.astrologosastrologia.com.pt\/blog\/santos\/\" data-internallinksmanager029f6b8e52c=\"9\" title=\"Santos e Santas, veja mais aqui\">s\u00e3o<\/a> aplic\u00e1veis a outras pessoas vivas na terra. Algumas indulg\u00eancias s\u00f3 podem aplicar-se aos defuntos: por exemplo, rezando por eles num cemit\u00e9rio consegue-se uma indulg\u00eancia parcial, que ser\u00e1 plen\u00e1ria se essa <a href=\"http:\/\/www.astrologosastrologia.com.pt\/blog\/oracoes\/\" data-internallinksmanager029f6b8e52c=\"15\" title=\"Ora\u00e7\u00f5es, veja mais aqui\">ora\u00e7\u00e3o<\/a> \u00e9 feita dos dias 1 a 8 de novembro (uma em cada dia).<\/p>\n<p>Tipos de indulg\u00eancias.<\/p>\n<p>As indulg\u00eancias agrupam-se em dois tipos:<\/p>\n<p><strong>Indulg\u00eancias plen\u00e1rias:<\/strong> apagam todo o resto de pecado deixado na alma disposta a entrar imediatamente no c\u00e9u.<\/p>\n<p><strong>Indulg\u00eancias parciais:<\/strong> apagam parte das penas que os pecados cometidos reclamam.<\/p>\n<p>&nbsp;<\/p>\n<p style=\"text-align: justify;\"><strong><span style=\"color: #ff6600;\">Algumas <a href=\"http:\/\/www.astrologosastrologia.com.pt\/blog\/oracoes\/\" data-internallinksmanager029f6b8e52c=\"15\" title=\"Ora\u00e7\u00f5es, veja mais aqui\">ora\u00e7\u00f5es<\/a> com indulg\u00eancias:<\/span><\/strong><\/p>\n<p style=\"text-align: justify;\"><a href=\"http:\/\/www.astrologosastrologia.com.pt\/blog\/oracoes\/suplica-a-virgem-santissima-das-gracas-pedindo-se-uma-graca\/\" target=\"_blank\">S\u00faplica \u00e0 Virgem Sant\u00edssima das Gra\u00e7as pedindo-se uma gra\u00e7a (ora\u00e7\u00e3o com 200 dias de indulg\u00eancias)<\/a><\/p>\n<p style=\"text-align: justify;\"><a href=\"http:\/\/www.astrologosastrologia.com.pt\/blog\/oracoes\/terco-pelas-almas-oracao-com-indulgencia\/\" target=\"_blank\">Ter\u00e7o pelas almas (310 mil dias de indulg\u00eancia, aplic\u00e1veis \u00e0s almas do Purgat\u00f3rio)<\/a><\/p>\n<p style=\"text-align: justify;\">\n<p style=\"text-align: justify;\"><strong>INDULG\u00caNCIAS PLEN\u00c1RIAS<\/strong><\/p>\n<p>Condi\u00e7\u00f5es para ganhar uma indulg\u00eancia plen\u00e1ria.<br \/>\nEsta indulg\u00eancia tem um valor muito grande e requer v\u00e1rias condi\u00e7\u00f5es:<\/p>\n<p>Os mesmos requisitos que nas indulg\u00eancias parciais:<br \/>\n. realizar a a\u00e7\u00e3o que a Igreja contempla com esta indulg\u00eancia.<br \/>\n. estar na gra\u00e7a de <a href=\"http:\/\/www.astrologosastrologia.com.pt\/blog\/deuses\/\" data-internallinksmanager029f6b8e52c=\"10\" title=\"Deuses e Deusas, veja mais aqui\">Deus<\/a> antes de terminar a obra contemplada.<br \/>\n. ter inten\u00e7\u00e3o, pelo menos geral, de ganhar a indulg\u00eancia.<br \/>\nS\u00f3 se pode ganhar uma indulg\u00eancia plen\u00e1ria por dia.<br \/>\nTer a disposi\u00e7\u00e3o interior de avers\u00e3o total ao pecado, inclusive venial.<br \/>\nConfessar-se, pelo menos vinte dias antes ou depois de realizar a a\u00e7\u00e3o escolhida (sem esquecer que tem de se estar na gra\u00e7a de <a href=\"http:\/\/www.astrologosastrologia.com.pt\/blog\/deuses\/\" data-internallinksmanager029f6b8e52c=\"10\" title=\"Deuses e Deusas, veja mais aqui\">Deus<\/a> antes de terminar a a\u00e7\u00e3o). Uma s\u00f3 confiss\u00e3o pode servir para ganhar v\u00e1rias indulg\u00eancias plen\u00e1rias.<br \/>\nComungar, nesse mesmo per\u00edodo de tempo. \u00c9 necess\u00e1rio uma comunh\u00e3o para cada indulg\u00eancia plen\u00e1ria.<br \/>\n<a href=\"http:\/\/www.astrologosastrologia.com.pt\/blog\/oracoes\/\" data-internallinksmanager029f6b8e52c=\"15\" title=\"Ora\u00e7\u00f5es, veja mais aqui\">Rezar<\/a> pelas inten\u00e7\u00f5es do Papa um Pai Nosso e uma Av\u00e9 Maria, ou outras <a href=\"http:\/\/www.astrologosastrologia.com.pt\/blog\/oracoes\/\" data-internallinksmanager029f6b8e52c=\"15\" title=\"Ora\u00e7\u00f5es, veja mais aqui\">ora\u00e7\u00f5es<\/a> que podem fazer-se tamb\u00e9m nesses per\u00edodos. \u00c9 necess\u00e1ria uma <a href=\"http:\/\/www.astrologosastrologia.com.pt\/blog\/oracoes\/\" data-internallinksmanager029f6b8e52c=\"15\" title=\"Ora\u00e7\u00f5es, veja mais aqui\">ora\u00e7\u00e3o<\/a> para cada indulg\u00eancia plen\u00e1ria.<\/p>\n<p><strong>Que a\u00e7\u00f5es est\u00e3o contempladas com indulg\u00eancia plen\u00e1ria?<\/strong><\/p>\n<p>Qualquer dia \u00e9 bom para se obter uma indulg\u00eancia plen\u00e1ria nestes casos:<br \/>\nAdora\u00e7\u00e3o \u00e0 Eucaristia durante meia hora.<br \/>\nRealiza\u00e7\u00e3o da Via Sacra percorrendo as catorze esta\u00e7\u00f5es erigidas meditando na Paix\u00e3o do Senhor.<br \/>\nRecita\u00e7\u00e3o do <a href=\"http:\/\/www.astrologosastrologia.com.pt\/blog\/santos\/\" data-internallinksmanager029f6b8e52c=\"9\" title=\"Santos e Santas, veja mais aqui\">santo<\/a> ros\u00e1rio (5 mist\u00e9rios seguidos) numa igreja, ou em fam\u00edlia, ou acompanhado por outras pessoas.<br \/>\nLeitura ou audi\u00e7\u00e3o da Sagrada escritura durante meia hora.<\/p>\n<p><strong>Indulg\u00eancias plen\u00e1rias em circunst\u00e2ncias especiais.<\/strong><\/p>\n<p style=\"text-align: justify;\">Em determinadas ocasi\u00f5es podem ganhar-se indulg\u00eancias plen\u00e1rias. Por exemplo:<br \/>\nNo momento da morte a quem tiver <a href=\"http:\/\/www.astrologosastrologia.com.pt\/blog\/oracoes\/\" data-internallinksmanager029f6b8e52c=\"15\" title=\"Ora\u00e7\u00f5es, veja mais aqui\">rezado<\/a> algo durante a sua vida (o que \u00e9 muito consolador). Neste caso n\u00e3o \u00e9 necess\u00e1ria a confiss\u00e3o, nem a comunh\u00e3o, nem a <a href=\"http:\/\/www.astrologosastrologia.com.pt\/blog\/oracoes\/\" data-internallinksmanager029f6b8e52c=\"15\" title=\"Ora\u00e7\u00f5es, veja mais aqui\">ora\u00e7\u00e3o<\/a> pelo Papa; mas \u00e9 necess\u00e1rio manter as disposi\u00e7\u00f5es necess\u00e1rias: em gra\u00e7a de <a href=\"http:\/\/www.astrologosastrologia.com.pt\/blog\/deuses\/\" data-internallinksmanager029f6b8e52c=\"10\" title=\"Deuses e Deusas, veja mais aqui\">Deus<\/a>, recusando qualquer pecado e ter desejado alguma vez ganhar esta indulg\u00eancia.<br \/>\n<a href=\"http:\/\/www.astrologosastrologia.com.pt\/blog\/oracoes\/\" data-internallinksmanager029f6b8e52c=\"15\" title=\"Ora\u00e7\u00f5es, veja mais aqui\">Rezar<\/a> um Pai Nosso e um Credo num santu\u00e1rio ou bas\u00edlica (concede-se uma vez por ano por santu\u00e1rio; santu\u00e1rio \u00e9 uma igreja com muitos peregrinos, aprovada como tal pelo Bispo correspondente).<br \/>\nReceber a b\u00ean\u00e7\u00e3o papal Urbi et Orbi (no local ou via radio ou televis\u00e3o, em direto).<br \/>\nRealizar exerc\u00edcios espirituais de pelo menos tr\u00eas dias completos.<br \/>\nAssistir a uma primeira Comunh\u00e3o.<\/p>\n<p><strong>Indulg\u00eancias plen\u00e1rias em datas especiais.<\/strong><\/p>\n<p style=\"text-align: justify;\">H\u00e1 v\u00e1rios dias no ano em que se podem ganhar indulg\u00eancia plen\u00e1rias com certas condi\u00e7\u00f5es. Por exemplo:<br \/>\n31 de dezembro: recitando solenemente um &#8220;Te Deum&#8221; numa igreja, dando gra\u00e7as a <a href=\"http:\/\/www.astrologosastrologia.com.pt\/blog\/deuses\/\" data-internallinksmanager029f6b8e52c=\"10\" title=\"Deuses e Deusas, veja mais aqui\">Deus<\/a> pelos benef\u00edcios recebido no \u00faltimo ano.<br \/>\n1 de janeiro: recitando solenemente o &#8220;Veni Creator&#8221; numa igreja.<br \/>\nNas sextas-feiras da Quaresma: depois de comungar, rezando diante de um crucifixo a <a href=\"http:\/\/www.astrologosastrologia.com.pt\/blog\/oracoes\/\" data-internallinksmanager029f6b8e52c=\"15\" title=\"Ora\u00e7\u00f5es, veja mais aqui\">ora\u00e7\u00e3o<\/a> \u201cOlhai-me \u00f3 meu amado e bom Jesus\u201d.<br \/>\nNos of\u00edcios da Semana <a href=\"http:\/\/www.astrologosastrologia.com.pt\/blog\/santos\/\" data-internallinksmanager029f6b8e52c=\"9\" title=\"Santos e Santas, veja mais aqui\">Santa<\/a>:<br \/>\n. Quinta-feira <a href=\"http:\/\/www.astrologosastrologia.com.pt\/blog\/santos\/\" data-internallinksmanager029f6b8e52c=\"9\" title=\"Santos e Santas, veja mais aqui\">Santa<\/a>: recitando o &#8220;Tantum ergo&#8221; durante a exposi\u00e7\u00e3o que se segue \u00e0 Missa.<br \/>\n. Sexta-feira <a href=\"http:\/\/www.astrologosastrologia.com.pt\/blog\/santos\/\" data-internallinksmanager029f6b8e52c=\"9\" title=\"Santos e Santas, veja mais aqui\">Santa<\/a>: assistindo \u00e0s Cerim\u00f3nias.<br \/>\n. S\u00e1bado <a href=\"http:\/\/www.astrologosastrologia.com.pt\/blog\/santos\/\" data-internallinksmanager029f6b8e52c=\"9\" title=\"Santos e Santas, veja mais aqui\">Santo<\/a>: renovando as promessas batismais na Vig\u00edlia Pascal.<br \/>\nPentecostes: recitando solenemente o &#8220;Veni Creator&#8221; numa igreja.<br \/>\nCorpus Christi (Corpo de <a href=\"http:\/\/www.astrologosastrologia.com.pt\/blog\/deuses\/\" data-internallinksmanager029f6b8e52c=\"10\" title=\"Deuses e Deusas, veja mais aqui\">Deus<\/a>): participando na prociss\u00e3o eucar\u00edstica (dentro ou fora da igreja).<br \/>\n2 Agosto: rezando um Pai Nosso e um Credo numa Catedral ou par\u00f3quia.<\/p>\n<p><strong>Indulg\u00eancias plen\u00e1rias particulares.<\/strong><\/p>\n<p>Muitas institui\u00e7\u00f5es gozam de indulg\u00eancias em determinados dias do ano, coincidindo normalmente com datas ou <a href=\"http:\/\/www.astrologosastrologia.com.pt\/blog\/santos\/\" data-internallinksmanager029f6b8e52c=\"9\" title=\"Santos e Santas, veja mais aqui\">santos<\/a> pr\u00f3prios. H\u00e1 um caso particularmente interessante, pois aqueles que usam o escapul\u00e1rio do Carmo se unem \u00e0 fam\u00edlia carmelita e podem ganhar indulg\u00eancia plen\u00e1ria no dia da imposi\u00e7\u00e3o do escapul\u00e1rio e nos seguintes dias:<br \/>\n16 de maio (<a href=\"http:\/\/www.astrologosastrologia.com.pt\/blog\/santos\/\" data-internallinksmanager029f6b8e52c=\"9\" title=\"Santos e Santas, veja mais aqui\">S\u00e3o<\/a> Sim\u00e3o Stock).<br \/>\n16 de julho (Virgem do Carmo).<br \/>\n20 de julho (<a href=\"http:\/\/www.astrologosastrologia.com.pt\/blog\/santos\/\" data-internallinksmanager029f6b8e52c=\"9\" title=\"Santos e Santas, veja mais aqui\">Santo<\/a> Elias Profeta).<br \/>\n1 de outubro (<a href=\"http:\/\/www.astrologosastrologia.com.pt\/blog\/santos\/\" data-internallinksmanager029f6b8e52c=\"9\" title=\"Santos e Santas, veja mais aqui\">Santa<\/a> Teresa de Lisieux).<br \/>\n15 de outubro (<a href=\"http:\/\/www.astrologosastrologia.com.pt\/blog\/santos\/\" data-internallinksmanager029f6b8e52c=\"9\" title=\"Santos e Santas, veja mais aqui\">Santa<\/a> Teresa de Jesus).<br \/>\n14 de novembro (Todos los <a href=\"http:\/\/www.astrologosastrologia.com.pt\/blog\/santos\/\" data-internallinksmanager029f6b8e52c=\"9\" title=\"Santos e Santas, veja mais aqui\">Santos<\/a> Carmelitas).<br \/>\n14 de dezembro (<a href=\"http:\/\/www.astrologosastrologia.com.pt\/blog\/santos\/\" data-internallinksmanager029f6b8e52c=\"9\" title=\"Santos e Santas, veja mais aqui\">S\u00e3o<\/a> Jo\u00e3o da Cruz).<\/p>\n<p><strong>\u00a0INDULG\u00caNCIAS PARCIAIS<\/strong><\/p>\n<p>Condi\u00e7\u00f5es para conseguir uma indulg\u00eancia parcial.<\/p>\n<p>Todos os dias se podem ganhar muitas indulg\u00eancias parciais cumprindo apenas tr\u00eas condi\u00e7\u00f5es: estar na gra\u00e7a de <a href=\"http:\/\/www.astrologosastrologia.com.pt\/blog\/deuses\/\" data-internallinksmanager029f6b8e52c=\"10\" title=\"Deuses e Deusas, veja mais aqui\">Deus<\/a>, fazer o que a Igreja indica para ganhar essa indulg\u00eancia e ter inten\u00e7\u00e3o de pelo menos ganhar a indulg\u00eancia.<\/p>\n<p>A que pr\u00e9mios se referem as indulg\u00eancias parciais?<br \/>\nAs indulg\u00eancias parciais proporcionam uma remiss\u00e3o da pena no mesmo valor que tem a a\u00e7\u00e3o praticada. Dito de outro modo: nas indulg\u00eancias parciais, a Igreja duplica o m\u00e9rito dessas a\u00e7\u00f5es.<\/p>\n<p><strong><a href=\"http:\/\/www.astrologosastrologia.com.pt\/blog\/oracoes\/\" data-internallinksmanager029f6b8e52c=\"15\" title=\"Ora\u00e7\u00f5es, veja mais aqui\">Ora\u00e7\u00f5es<\/a> premiadas com indulg\u00eancia parcial.<\/strong><\/p>\n<p>Digamos umas quantas (todas elas devem <a href=\"http:\/\/www.astrologosastrologia.com.pt\/blog\/oracoes\/\" data-internallinksmanager029f6b8e52c=\"15\" title=\"Ora\u00e7\u00f5es, veja mais aqui\">rezar<\/a>-se piedosamente, como \u00e9 l\u00f3gico):<\/p>\n<p>O Angelus, o Magnificat, a Salve Rainha, o Lembrai-vos, as Lada\u00ednhas ou outras <a href=\"http:\/\/www.astrologosastrologia.com.pt\/blog\/oracoes\/\" data-internallinksmanager029f6b8e52c=\"15\" title=\"Ora\u00e7\u00f5es, veja mais aqui\">ora\u00e7\u00f5es<\/a> marianas aprovadas. O mesmo em rela\u00e7\u00e3o a <a href=\"http:\/\/www.astrologosastrologia.com.pt\/blog\/santos\/\" data-internallinksmanager029f6b8e52c=\"9\" title=\"Santos e Santas, veja mais aqui\">S\u00e3o<\/a> Jos\u00e9 ou ao pr\u00f3prio <a href=\"http:\/\/www.astrologosastrologia.com.pt\/blog\/anjos\/\" data-internallinksmanager029f6b8e52c=\"8\" title=\"Anjos, veja mais aqui\">anjo<\/a> da guarda. O mesmo acontece com o Credo.<br \/>\n<a href=\"http:\/\/www.astrologosastrologia.com.pt\/blog\/oracoes\/\" data-internallinksmanager029f6b8e52c=\"15\" title=\"Ora\u00e7\u00f5es, veja mais aqui\">Rezar<\/a>, com devo\u00e7\u00e3o filial, pelo Papa uma <a href=\"http:\/\/www.astrologosastrologia.com.pt\/blog\/oracoes\/\" data-internallinksmanager029f6b8e52c=\"15\" title=\"Ora\u00e7\u00f5es, veja mais aqui\">ora\u00e7\u00e3o<\/a> aprovada.<br \/>\n<a href=\"http:\/\/www.astrologosastrologia.com.pt\/blog\/oracoes\/\" data-internallinksmanager029f6b8e52c=\"15\" title=\"Ora\u00e7\u00f5es, veja mais aqui\">Rezar<\/a>, agradecido, a <a href=\"http:\/\/www.astrologosastrologia.com.pt\/blog\/oracoes\/\" data-internallinksmanager029f6b8e52c=\"15\" title=\"Ora\u00e7\u00f5es, veja mais aqui\">ora\u00e7\u00e3o<\/a> pelos benfeitores.<br \/>\n<a href=\"http:\/\/www.astrologosastrologia.com.pt\/blog\/oracoes\/\" data-internallinksmanager029f6b8e52c=\"15\" title=\"Ora\u00e7\u00f5es, veja mais aqui\">Rezar<\/a>, antes e depois, das refei\u00e7\u00f5es, uma <a href=\"http:\/\/www.astrologosastrologia.com.pt\/blog\/oracoes\/\" data-internallinksmanager029f6b8e52c=\"15\" title=\"Ora\u00e7\u00f5es, veja mais aqui\">ora\u00e7\u00e3o<\/a> aprovada de s\u00faplica e de a\u00e7\u00e3o de gra\u00e7as. Da mesma forma, ao come\u00e7ar e ao terminar o dia de <a href=\"https:\/\/www.magianegra.com.pt\/\" data-internallinksmanager029f6b8e52c=\"2\" title=\"Trabalhos de magia negra, saiba tudo aqui\" target=\"_blank\" rel=\"noopener\">trabalho<\/a>.<br \/>\nVisitar o <a href=\"http:\/\/www.astrologosastrologia.com.pt\/blog\/santos\/\" data-internallinksmanager029f6b8e52c=\"9\" title=\"Santos e Santas, veja mais aqui\">Sant\u00edssimo<\/a> Sacramento adorando-o; <a href=\"http:\/\/www.astrologosastrologia.com.pt\/blog\/oracoes\/\" data-internallinksmanager029f6b8e52c=\"15\" title=\"Ora\u00e7\u00f5es, veja mais aqui\">rezar<\/a> uma comunh\u00e3o espiritual; recitar uma das <a href=\"http:\/\/www.astrologosastrologia.com.pt\/blog\/oracoes\/\" data-internallinksmanager029f6b8e52c=\"15\" title=\"Ora\u00e7\u00f5es, veja mais aqui\">ora\u00e7\u00f5es<\/a> aprovadas de a\u00e7\u00e3o de gra\u00e7as depois da comunh\u00e3o (ex.: Alma de Cristo, Olhai-me o meu amado e bom Jesus).<br \/>\nFazer exame de consci\u00eancia com prop\u00f3sito de emendar-se; <a href=\"http:\/\/www.astrologosastrologia.com.pt\/blog\/oracoes\/\" data-internallinksmanager029f6b8e52c=\"15\" title=\"Ora\u00e7\u00f5es, veja mais aqui\">rezar<\/a> o Confesso a <a href=\"http:\/\/www.astrologosastrologia.com.pt\/blog\/deuses\/\" data-internallinksmanager029f6b8e52c=\"10\" title=\"Deuses e Deusas, veja mais aqui\">Deus<\/a> ou outro ato de contri\u00e7\u00e3o aprovado.<br \/>\nFazer o sinal da cruz dizendo Em nome do Pai e do Filho e do Espirito <a href=\"http:\/\/www.astrologosastrologia.com.pt\/blog\/santos\/\" data-internallinksmanager029f6b8e52c=\"9\" title=\"Santos e Santas, veja mais aqui\">Santo<\/a>.<\/p>\n<p><strong>Outros exemplos de indulg\u00eancias parciais.<\/strong><\/p>\n<p>Se falta algum requisito a uma indulg\u00eancia plen\u00e1ria, costuma ganhar-se uma indulg\u00eancia parcial. Al\u00e9m disto, h\u00e1 muitas a\u00e7\u00f5es premiadas com a indulg\u00eancia parcial. Digamos umas quantas:<\/p>\n<p>Dizer mentalmente uma <a href=\"http:\/\/www.astrologosastrologia.com.pt\/blog\/oracoes\/\" data-internallinksmanager029f6b8e52c=\"15\" title=\"Ora\u00e7\u00f5es, veja mais aqui\">ora\u00e7\u00e3o<\/a> breve ao trabalhar ou ao suportar os sofrimentos da vida.<br \/>\nDedicar-se pessoalmente ou gastar bens ao servi\u00e7o dos outros por amor a <a href=\"http:\/\/www.astrologosastrologia.com.pt\/blog\/deuses\/\" data-internallinksmanager029f6b8e52c=\"10\" title=\"Deuses e Deusas, veja mais aqui\">Deus<\/a>.<br \/>\nPrivar-se livremente de algo grato e correto, com esp\u00edrito de penit\u00eancia.<br \/>\nDar testemunho da pr\u00f3pria f\u00e9: trabalhar no ensino ou transmiss\u00e3o da doutrina crist\u00e3.<br \/>\nUsar piedosamente um objeto de piedade benzido (crucifixo, ter\u00e7o, escapul\u00e1rio ou medalha).<br \/>\nDedicar um tempo \u00e0 <a href=\"http:\/\/www.astrologosastrologia.com.pt\/blog\/oracoes\/\" data-internallinksmanager029f6b8e52c=\"15\" title=\"Ora\u00e7\u00f5es, veja mais aqui\">ora\u00e7\u00e3o<\/a>.<br \/>\nAssistir devotamente a qualquer prega\u00e7\u00e3o da palavra de <a href=\"http:\/\/www.astrologosastrologia.com.pt\/blog\/deuses\/\" data-internallinksmanager029f6b8e52c=\"10\" title=\"Deuses e Deusas, veja mais aqui\">Deus<\/a>.<br \/>\nAssistir piedosamente a una novena p\u00fablica (ex.: Novena da Imaculada).<\/p>\n<p>[slideshow_deploy id=&#8217;1704&#8242;]<\/p>\n ","protected":false},"excerpt":{"rendered":"<p>Ora\u00e7\u00f5es com indulg\u00eancias &nbsp; O que s\u00e3o as indulg\u00eancias? A indulg\u00eancia \u00e9 a supress\u00e3o da pena devida pelos pecados que a Igreja outorga a quem realize determinadas a\u00e7\u00f5es. A indulg\u00eancia \u00e9 a remiss\u00e3o, diante de Deus, da pena temporal pelos pecados j\u00e1 perdoados quanto \u00e0 culpa, que um fiel disposto e cumprindo determinadas condi\u00e7\u00f5es consegue por media\u00e7\u00e3o da Igreja, a<\/p>\n","protected":false},"author":1,"featured_media":0,"parent":103,"menu_order":0,"comment_status":"closed","ping_status":"closed","template":"","meta":{"footnotes":""},"class_list":["post-6401","page","type-page","status-publish","hentry"],"_links":{"self":[{"href":"https:\/\/www.astrologosastrologia.com.pt\/blog\/wp-json\/wp\/v2\/pages\/6401","targetHints":{"allow":["GET"]}}],"collection":[{"href":"https:\/\/www.astrologosastrologia.com.pt\/blog\/wp-json\/wp\/v2\/pages"}],"about":[{"href":"https:\/\/www.astrologosastrologia.com.pt\/blog\/wp-json\/wp\/v2\/types\/page"}],"author":[{"embeddable":true,"href":"https:\/\/www.astrologosastrologia.com.pt\/blog\/wp-json\/wp\/v2\/users\/1"}],"replies":[{"embeddable":true,"href":"https:\/\/www.astrologosastrologia.com.pt\/blog\/wp-json\/wp\/v2\/comments?post=6401"}],"version-history":[{"count":3,"href":"https:\/\/www.astrologosastrologia.com.pt\/blog\/wp-json\/wp\/v2\/pages\/6401\/revisions"}],"predecessor-version":[{"id":6788,"href":"https:\/\/www.astrologosastrologia.com.pt\/blog\/wp-json\/wp\/v2\/pages\/6401\/revisions\/6788"}],"up":[{"embeddable":true,"href":"https:\/\/www.astrologosastrologia.com.pt\/blog\/wp-json\/wp\/v2\/pages\/103"}],"wp:attachment":[{"href":"https:\/\/www.astrologosastrologia.com.pt\/blog\/wp-json\/wp\/v2\/media?parent=6401"}],"curies":[{"name":"wp","href":"https:\/\/api.w.org\/{rel}","templated":true}]}}