{"id":716,"date":"2015-05-11T20:12:38","date_gmt":"2015-05-11T20:12:38","guid":{"rendered":"http:\/\/www.astrologosastrologia.com.pt\/blog\/?page_id=716"},"modified":"2015-05-11T20:13:31","modified_gmt":"2015-05-11T20:13:31","slug":"livros-letras","status":"publish","type":"page","link":"https:\/\/www.astrologosastrologia.com.pt\/blog\/saber\/livros-letras\/","title":{"rendered":"Livros &#038; Letras"},"content":{"rendered":"<p><a href=\"http:\/\/www.astrologosastrologia.com.pt\/blog\/wp-content\/uploads\/2015\/05\/livros3.gif\"><img loading=\"lazy\" decoding=\"async\" class=\"alignnone size-full wp-image-719 aligncenter\" src=\"http:\/\/www.astrologosastrologia.com.pt\/blog\/wp-content\/uploads\/2015\/05\/livros3.gif\" alt=\"livros3\" width=\"200\" height=\"71\" \/><\/a><\/p>\n<p style=\"text-align: center;\"><span style=\"color: #ff0000;\"><strong>L<\/strong><strong>I<\/strong><strong>V<\/strong><strong>R<\/strong><strong>O<\/strong><strong>S<\/strong> <strong>&amp; <\/strong><strong>L<\/strong><strong>E<\/strong><strong>T<\/strong><strong>RAS<\/strong><\/span><\/p>\n<p><span style=\"color: #ff0000;\"><strong><em>\u00a0\u00a0<\/em><\/strong><\/span><\/p>\n<p><span style=\"color: #ff0000;\"><strong>Espa\u00e7o com livros, poesia, e textos de dom\u00ednio p\u00fablico.<\/strong><\/span><\/p>\n<p><span style=\"color: #ff0000;\"><strong>Espa\u00e7o igualmente com cita\u00e7\u00f5es e proverbios.<\/strong><\/span><\/p>\n<p><strong>\u00a0<\/strong><strong>\u00a0<\/strong><\/p>\n<table>\n<tbody>\n<tr>\n<td width=\"200\">\u00a0<a href=\"http:\/\/www.astrologosastrologia.com.pt\/blog\/wp-content\/uploads\/2015\/05\/livros2.gif\"><img loading=\"lazy\" decoding=\"async\" class=\"alignnone size-full wp-image-717\" src=\"http:\/\/www.astrologosastrologia.com.pt\/blog\/wp-content\/uploads\/2015\/05\/livros2.gif\" alt=\"livros2\" width=\"200\" height=\"33\" \/><\/a><\/td>\n<td width=\"281\">\u00a0<a href=\"http:\/\/www.astrologosastrologia.com.pt\/blog\/wp-content\/uploads\/2015\/05\/livros4.gif\"><img loading=\"lazy\" decoding=\"async\" class=\"alignnone size-full wp-image-718\" src=\"http:\/\/www.astrologosastrologia.com.pt\/blog\/wp-content\/uploads\/2015\/05\/livros4.gif\" alt=\"livros4\" width=\"200\" height=\"34\" \/><\/a><\/td>\n<\/tr>\n<tr>\n<td width=\"200\"><strong>\u00a0<\/strong><strong>Nomes Autores:<\/strong><strong>\u00a0<\/strong><strong>Letra A <\/strong><strong>&#8211;\u00bb <\/strong><strong><a href=\"http:\/\/www.astrologosastrologia.com.pt\/livros&amp;letras\/livros&amp;letras=autores-letra-a.htm\">ver<\/a><\/strong><\/p>\n<p><strong>Letra B <\/strong><strong>&#8211;\u00bb ver<\/strong><\/p>\n<p><strong>Letra C <\/strong><strong>&#8211;\u00bb ver<\/strong><\/p>\n<p><strong>Letra D <\/strong><strong>&#8211;\u00bb ver<\/strong><\/p>\n<p><strong>Letra E <\/strong><strong>&#8211;\u00bb ver<\/strong><\/p>\n<p><strong>Letra F <\/strong><strong>&#8211;\u00bb ver<\/strong><\/p>\n<p><strong>Letra G <\/strong><strong>&#8211;\u00bb ver<\/strong><\/p>\n<p><strong>Letra H <\/strong><strong>&#8211;\u00bb ver<\/strong><\/p>\n<p><strong>Letra I <\/strong><strong>&#8211;\u00bb ver<\/strong><\/p>\n<p><strong>Letra J <\/strong><strong>&#8211;\u00bb ver<\/strong><\/p>\n<p><strong>Letra K <\/strong><strong>&#8211;\u00bb ver<\/strong><\/p>\n<p><strong>Letra L <\/strong><strong>&#8211;\u00bb ver<\/strong><\/p>\n<p><strong>Letra M <\/strong><strong>&#8211;\u00bb ver<\/strong><\/p>\n<p><strong>Letra N <\/strong><strong>&#8211;\u00bb ver<\/strong><\/p>\n<p><strong>Letra O <\/strong><strong>&#8211;\u00bb ver<\/strong><\/p>\n<p><strong>Letra P <\/strong><strong>&#8211;\u00bb ver<\/strong><\/p>\n<p><strong>Letra Q <\/strong><strong>&#8211;\u00bb ver<\/strong><\/p>\n<p><strong>Letra R <\/strong><strong>&#8211;\u00bb ver<\/strong><\/p>\n<p><strong>Letra S <\/strong><strong>&#8211;\u00bb ver<\/strong><\/p>\n<p><strong>Letra T <\/strong><strong>&#8211;\u00bb ver<\/strong><\/p>\n<p><strong>Letra U <\/strong><strong>&#8211;\u00bb ver<\/strong><\/p>\n<p><strong>Letra V <\/strong><strong>&#8211;\u00bb ver<\/strong><\/p>\n<p><strong>Letra W <\/strong><strong>&#8211;\u00bb ver<\/strong><\/p>\n<p><strong>Letra X <\/strong><strong>&#8211;\u00bb ver<\/strong><\/p>\n<p><strong>Letra Y <\/strong><strong>&#8211;\u00bb ver<\/strong><\/p>\n<p><strong>Letra Z <\/strong><strong>&#8211;\u00bb ver<\/strong><\/p>\n<p><strong>\u00a0<\/strong><\/td>\n<td width=\"281\"><strong>\u00a0<\/strong><strong>Livros sagrados:<\/strong><strong>\u00a0<\/strong><strong><a href=\"http:\/\/www.astrologosastrologia.com.pt\/bibliaonline1\/biblia_on-line=biblia-biblia_sagrada_on-line=index.htm\">BIBLIA ON-LINE<\/a><\/strong><\/p>\n<p><strong>\u00a0<\/strong><\/p>\n<p><strong>\u00a0<\/strong><\/p>\n<p><strong>Biblioteca Online gratuita &#8211;\u00bb <\/strong><strong><a href=\"http:\/\/www.astrologosastrologia.com.pt\/BibliotecaOnLine_LivrosOnline.htm\">ver<\/a><\/strong><\/p>\n<p><strong>\u00a0<\/strong><\/p>\n<p><strong>Dicionarios espirituais &#8211;\u00bb <\/strong><strong><a href=\"http:\/\/www.astrologosastrologia.com.pt\/Dicionarios+Magia&amp;Esoterismo&amp;Astrologia.htm\">ver<\/a><\/strong><\/p>\n<p><strong>\u00a0<\/strong><\/p>\n<p><strong>\u00a0<\/strong><\/p>\n<p><strong><a href=\"http:\/\/www.astrologosastrologia.com.pt\/sabedorias_proverbios.htm\">Sabedorias e prov\u00e9rbios<\/a><\/strong><\/p>\n<p><strong>\u00a0<\/strong><\/p>\n<p><strong>Literatura infantil:<\/strong> <strong>&#8211;\u00bb <\/strong><strong><a href=\"http:\/\/www.astrologosastrologia.com.pt\/literatura=literatura&amp;infantil\/livros&amp;letras=literatura_infantil=index_de_temas.htm\">ver<\/a><\/strong><\/p>\n<p><strong>\u00a0<\/strong><\/p>\n<p><strong>Poesia er\u00f3tica:<\/strong> <strong>&#8211;\u00bb <\/strong><strong><a href=\"http:\/\/www.astrologosastrologia.com.pt\/literatura=poesia&amp;erotica\/livros&amp;letras=poesia_erotica=index.htm\">ver<\/a><\/strong><\/p>\n<p>&nbsp;<\/p>\n<p>&nbsp;<\/p>\n<p>&nbsp;<\/p>\n<p>&nbsp;<\/p>\n<p>&nbsp;<\/p>\n<p>&nbsp;<\/p>\n<p>&nbsp;<\/p>\n<p>&nbsp;<\/p>\n<p>&nbsp;<\/p>\n<p>&nbsp;<\/p>\n<p>&nbsp;<\/p>\n<p>&nbsp;<\/p>\n<p>&nbsp;<\/p>\n<p>&nbsp;<\/p>\n<p>&nbsp;<\/td>\n<\/tr>\n<\/tbody>\n<\/table>\n ","protected":false},"excerpt":{"rendered":"<p>LIVROS &amp; LETRAS \u00a0\u00a0 Espa\u00e7o com livros, poesia, e textos de dom\u00ednio p\u00fablico. Espa\u00e7o igualmente com cita\u00e7\u00f5es e proverbios. \u00a0\u00a0 \u00a0 \u00a0 \u00a0Nomes Autores:\u00a0Letra A &#8211;\u00bb ver Letra B &#8211;\u00bb ver Letra C &#8211;\u00bb ver Letra D &#8211;\u00bb ver Letra E &#8211;\u00bb ver Letra F &#8211;\u00bb ver Letra G &#8211;\u00bb ver Letra H &#8211;\u00bb ver Letra I &#8211;\u00bb ver Letra<\/p>\n","protected":false},"author":1,"featured_media":0,"parent":240,"menu_order":0,"comment_status":"closed","ping_status":"closed","template":"","meta":{"footnotes":""},"class_list":["post-716","page","type-page","status-publish","hentry"],"_links":{"self":[{"href":"https:\/\/www.astrologosastrologia.com.pt\/blog\/wp-json\/wp\/v2\/pages\/716","targetHints":{"allow":["GET"]}}],"collection":[{"href":"https:\/\/www.astrologosastrologia.com.pt\/blog\/wp-json\/wp\/v2\/pages"}],"about":[{"href":"https:\/\/www.astrologosastrologia.com.pt\/blog\/wp-json\/wp\/v2\/types\/page"}],"author":[{"embeddable":true,"href":"https:\/\/www.astrologosastrologia.com.pt\/blog\/wp-json\/wp\/v2\/users\/1"}],"replies":[{"embeddable":true,"href":"https:\/\/www.astrologosastrologia.com.pt\/blog\/wp-json\/wp\/v2\/comments?post=716"}],"version-history":[{"count":3,"href":"https:\/\/www.astrologosastrologia.com.pt\/blog\/wp-json\/wp\/v2\/pages\/716\/revisions"}],"predecessor-version":[{"id":722,"href":"https:\/\/www.astrologosastrologia.com.pt\/blog\/wp-json\/wp\/v2\/pages\/716\/revisions\/722"}],"up":[{"embeddable":true,"href":"https:\/\/www.astrologosastrologia.com.pt\/blog\/wp-json\/wp\/v2\/pages\/240"}],"wp:attachment":[{"href":"https:\/\/www.astrologosastrologia.com.pt\/blog\/wp-json\/wp\/v2\/media?parent=716"}],"curies":[{"name":"wp","href":"https:\/\/api.w.org\/{rel}","templated":true}]}}