{"id":731,"date":"2015-05-11T20:35:19","date_gmt":"2015-05-11T20:35:19","guid":{"rendered":"http:\/\/www.astrologosastrologia.com.pt\/blog\/?page_id=731"},"modified":"2015-07-23T07:54:43","modified_gmt":"2015-07-23T07:54:43","slug":"dicionarios-magicos","status":"publish","type":"page","link":"https:\/\/www.astrologosastrologia.com.pt\/blog\/saber\/dicionarios-magicos\/","title":{"rendered":"Dicion\u00e1rios m\u00e1gicos"},"content":{"rendered":"<p style=\"text-align: center;\"><a href=\"http:\/\/www.astrologosastrologia.com.pt\/blog\/wp-content\/uploads\/2015\/05\/Dicion\u00e1rios-M\u00e1gicos.jpg\"><img loading=\"lazy\" decoding=\"async\" class=\"alignnone size-full wp-image-732\" src=\"http:\/\/www.astrologosastrologia.com.pt\/blog\/wp-content\/uploads\/2015\/05\/Dicion\u00e1rios-M\u00e1gicos.jpg\" alt=\"Dicion\u00e1rios M\u00e1gicos\" width=\"179\" height=\"98\" \/><\/a><\/p>\n<p style=\"text-align: center;\"><span style=\"color: #ff0000;\"><strong><u>Dicion\u00e1rios M\u00e1gicos<\/u><\/strong><\/span><\/p>\n<p style=\"text-align: center;\">Veja todos os dicion\u00e1rios m\u00e1gicos e m\u00edsticos que revelamos para si<\/p>\n<p>&nbsp;<\/p>\n<p><a href=\"http:\/\/www.astrologosastrologia.com.pt\/dicionario+magico+wicca.htm\">Dicion\u00e1rio Magico<\/a><\/p>\n<p>&nbsp;<\/p>\n<p><a href=\"http:\/\/www.astrologosastrologia.com.pt\/dicionarios1\/dicionarios=glossario_buddista.htm\">Dicion\u00e1rio Budista<\/a><\/p>\n<p>&nbsp;<\/p>\n<p><a href=\"http:\/\/www.astrologosastrologia.com.pt\/dicionarios1\/dicionarios=pequeno_glossario_de_feng_shui.htm\">Dicion\u00e1rio Feng Shui<\/a><\/p>\n<p>&nbsp;<\/p>\n<p><a href=\"http:\/\/www.astrologosastrologia.com.pt\/blog\/magia\/guia-magico-das-flores-a-magia-das-flores\/\" target=\"_blank\">Guia m\u00e1gico das flores<\/a><\/p>\n<p>&nbsp;<\/p>\n<p>Dicion\u00e1rio secreto da Ma\u00e7onaria \u2013 <a href=\"http:\/\/www.astrologosastrologia.com.pt\/dicionarios2\/dicionarios=dicionario_secreto_da_maconaria-index.htm\">Ver<\/a><\/p>\n<p>&nbsp;<\/p>\n<p>Dicion\u00e1rio de dem\u00f3nios Go\u00e9ticos \u2013 <a href=\"http:\/\/www.astrologosastrologia.com.pt\/demonologia1\/diabo-demonios-demonologia=goetia_demonios-goeticos.htm\">Ver<\/a><\/p>\n<p>&nbsp;<\/p>\n<p>Apostilha de <a href=\"http:\/\/www.astrologosastrologia.com.pt\/blog\/anjos\/\" data-internallinksmanager029f6b8e52c=\"8\" title=\"Anjos, veja mais aqui\">Anjos<\/a> e dem\u00f3nios \u2013 <a href=\"http:\/\/www.astrologosastrologia.com.pt\/demonologia1\/diabo-demonios-demonologia=apostila_de_angeologia&amp;demonologia.htm\">Ver<\/a><\/p>\n<p>&nbsp;<\/p>\n<p><a href=\"http:\/\/www.astrologosastrologia.com.pt\/demonologia_dicionario.htm\">Dicion\u00e1rio de Dem\u00f3nios<\/a><\/p>\n<p>&nbsp;<\/p>\n<p><a href=\"http:\/\/www.astrologosastrologia.com.pt\/Vampiros_DicionarioVampirico.htm\">Dicion\u00e1rio de Termos Vamp\u00edricos<\/a><\/p>\n<p>&nbsp;<\/p>\n<p><a href=\"http:\/\/www.astrologosastrologia.com.pt\/glossario_palavras+conceitos_Magia.htm\">Gloss\u00e1rio de Magia<\/a><\/p>\n<p>&nbsp;<\/p>\n<p><a href=\"http:\/\/www.astrologosastrologia.com.pt\/oculto_dicionario.htm\">Pequeno Gloss\u00e1rio do Oculto<\/a><\/p>\n<p>&nbsp;<\/p>\n<p><a href=\"http:\/\/www.astrologosastrologia.com.pt\/dicionario_Umbanda.htm\">Dicion\u00e1rio de Umbanda<\/a><\/p>\n<p>&nbsp;<\/p>\n<p><a href=\"http:\/\/www.astrologosastrologia.com.pt\/sonhos;pequeno+dicionario=sonhos&amp;significados.htm\">Pequeno Dicion\u00e1rio de Sonhos<\/a><\/p>\n<p>&nbsp;<\/p>\n<p><a href=\"http:\/\/www.astrologosastrologia.com.pt\/glossario=deusas&amp;deusas.htm\">Gloss\u00e1rio de Deuses e Deusas<\/a><\/p>\n<p>&nbsp;<\/p>\n<p><a href=\"http:\/\/www.astrologosastrologia.com.pt\/blog\/dicionarios\/mitologia-egipcia-deuses-egipcios-dicionario-da-mitologia-egipcia\/\" target=\"_blank\">Dicion\u00e1rio da Mitologia Eg\u00edpcia<\/a><\/p>\n<p>&nbsp;<\/p>\n<p><a href=\"http:\/\/www.astrologosastrologia.com.pt\/supersticoes.htm\">Pequeno Gloss\u00e1rio de supersti\u00e7\u00f5es<\/a><\/p>\n<p>&nbsp;<\/p>\n<p><a href=\"http:\/\/www.astrologosastrologia.com.pt\/dicionario=mitologia+babilonica.htm\">Dicion\u00e1rio Mitologia Babil\u00f3nica<\/a><\/p>\n<p>&nbsp;<\/p>\n<p><a href=\"http:\/\/www.astrologosastrologia.com.pt\/deuses&amp;magia_celta&amp;mitologia=mitologia_celta.htm\">Dicion\u00e1rio de Mitologia Celta<\/a><\/p>\n<p>&nbsp;<\/p>\n<p><a href=\"http:\/\/www.astrologosastrologia.com.pt\/deuses&amp;magia_celta=as_deusas_celtas.htm\">Pequeno Gloss\u00e1rio de Deusas Celtas<\/a><\/p>\n<p>&nbsp;<\/p>\n<p><a href=\"http:\/\/www.astrologosastrologia.com.pt\/Nomes_Significado+Nomes+Onomastica.htm\">Dicion\u00e1rio de nomes<\/a><\/p>\n<p>&nbsp;<\/p>\n<p>Gloss\u00e1rio de Strengheria \u2013 <a href=\"http:\/\/www.astrologosastrologia.com.pt\/dicionarios1\/dicionarios=glossario_de_strengheria.htm\">Ver<\/a><\/p>\n<p>&nbsp;<\/p>\n<p><a href=\"http:\/\/www.astrologosastrologia.com.pt\/blog\/wp-content\/uploads\/2015\/05\/Portal-AE-Portal-Astrologia-Esoterismo.jpg\"><img loading=\"lazy\" decoding=\"async\" class=\" size-medium wp-image-733 aligncenter\" src=\"http:\/\/www.astrologosastrologia.com.pt\/blog\/wp-content\/uploads\/2015\/05\/Portal-AE-Portal-Astrologia-Esoterismo-300x59.jpg\" alt=\"Portal A&amp;E-Portal Astrologia &amp; Esoterismo\" width=\"300\" height=\"59\" srcset=\"https:\/\/www.astrologosastrologia.com.pt\/blog\/wp-content\/uploads\/2015\/05\/Portal-AE-Portal-Astrologia-Esoterismo-300x59.jpg 300w, https:\/\/www.astrologosastrologia.com.pt\/blog\/wp-content\/uploads\/2015\/05\/Portal-AE-Portal-Astrologia-Esoterismo.jpg 485w\" sizes=\"auto, (max-width: 300px) 100vw, 300px\" \/><\/a><\/p>\n ","protected":false},"excerpt":{"rendered":"<p>Dicion\u00e1rios M\u00e1gicos Veja todos os dicion\u00e1rios m\u00e1gicos e m\u00edsticos que revelamos para si &nbsp; Dicion\u00e1rio Magico &nbsp; Dicion\u00e1rio Budista &nbsp; Dicion\u00e1rio Feng Shui &nbsp; Guia m\u00e1gico das flores &nbsp; Dicion\u00e1rio secreto da Ma\u00e7onaria \u2013 Ver &nbsp; Dicion\u00e1rio de dem\u00f3nios Go\u00e9ticos \u2013 Ver &nbsp; Apostilha de Anjos e dem\u00f3nios \u2013 Ver &nbsp; Dicion\u00e1rio de Dem\u00f3nios &nbsp; Dicion\u00e1rio de Termos Vamp\u00edricos &nbsp;<\/p>\n","protected":false},"author":1,"featured_media":0,"parent":240,"menu_order":0,"comment_status":"closed","ping_status":"closed","template":"","meta":{"footnotes":""},"class_list":["post-731","page","type-page","status-publish","hentry"],"_links":{"self":[{"href":"https:\/\/www.astrologosastrologia.com.pt\/blog\/wp-json\/wp\/v2\/pages\/731","targetHints":{"allow":["GET"]}}],"collection":[{"href":"https:\/\/www.astrologosastrologia.com.pt\/blog\/wp-json\/wp\/v2\/pages"}],"about":[{"href":"https:\/\/www.astrologosastrologia.com.pt\/blog\/wp-json\/wp\/v2\/types\/page"}],"author":[{"embeddable":true,"href":"https:\/\/www.astrologosastrologia.com.pt\/blog\/wp-json\/wp\/v2\/users\/1"}],"replies":[{"embeddable":true,"href":"https:\/\/www.astrologosastrologia.com.pt\/blog\/wp-json\/wp\/v2\/comments?post=731"}],"version-history":[{"count":3,"href":"https:\/\/www.astrologosastrologia.com.pt\/blog\/wp-json\/wp\/v2\/pages\/731\/revisions"}],"predecessor-version":[{"id":7137,"href":"https:\/\/www.astrologosastrologia.com.pt\/blog\/wp-json\/wp\/v2\/pages\/731\/revisions\/7137"}],"up":[{"embeddable":true,"href":"https:\/\/www.astrologosastrologia.com.pt\/blog\/wp-json\/wp\/v2\/pages\/240"}],"wp:attachment":[{"href":"https:\/\/www.astrologosastrologia.com.pt\/blog\/wp-json\/wp\/v2\/media?parent=731"}],"curies":[{"name":"wp","href":"https:\/\/api.w.org\/{rel}","templated":true}]}}