{"id":753,"date":"2015-05-12T06:39:03","date_gmt":"2015-05-12T06:39:03","guid":{"rendered":"http:\/\/www.astrologosastrologia.com.pt\/blog\/?page_id=753"},"modified":"2015-05-12T06:39:03","modified_gmt":"2015-05-12T06:39:03","slug":"espiritismo","status":"publish","type":"page","link":"https:\/\/www.astrologosastrologia.com.pt\/blog\/religiao\/espiritismo\/","title":{"rendered":"Espiritismo"},"content":{"rendered":"<p style=\"text-align: center;\"><a href=\"http:\/\/www.astrologosastrologia.com.pt\/blog\/wp-content\/uploads\/2015\/05\/Espiritismo.jpg\"><img loading=\"lazy\" decoding=\"async\" class=\"alignnone size-full wp-image-754\" src=\"http:\/\/www.astrologosastrologia.com.pt\/blog\/wp-content\/uploads\/2015\/05\/Espiritismo.jpg\" alt=\"Espiritismo\" width=\"135\" height=\"106\" \/><\/a><\/p>\n<p style=\"text-align: center;\"><span style=\"color: #ff0000;\"><b>Espiritismo. O que \u00e9?<\/b><\/span><\/p>\n<p style=\"text-align: center;\"><span style=\"color: #ff0000;\"><b>Espiritismo, incorpora\u00e7\u00e3o, channeling, possess\u00e3o, religi\u00e3o esp\u00edrita<\/b><\/span><\/p>\n<p>&nbsp;<\/p>\n<p>O espiritismo \u00e9 um assunto longe de ser pac\u00edfico \u00e1 luz da doutrina crista. A teologia crista mais ortodoxa, tende a identificar a \u00abocupa\u00e7\u00e3o tempor\u00e1ria\u00bb do corpo de uma pessoa fisicamente viva por parte de um esp\u00edrito alheio a esse corpo, enquanto um fen\u00f3meno de \u00abpossess\u00e3o\u00bb. As vis\u00f5es mais ortodoxas da teologia cat\u00f3lica, tendem mesmo a entender o espiritismo enquanto uma forma de necromancia, e por isso uma pratica espiritual proibida.<\/p>\n<p>&nbsp;<\/p>\n<p>Contudo, a doutrina \u00abesp\u00edrita\u00bb tende a defender que, ao contr\u00e1rio, esse fen\u00f3meno \u00e9 um instrumento perfeitamente normal de comunica\u00e7\u00e3o com o mundo dos mortos, ou o mundo dos esp\u00edritos.<\/p>\n<p>&nbsp;<\/p>\n<p>O fen\u00f3meno descrito e defendido pelas doutrinas esp\u00edritas, n\u00e3o \u00e9 contudo original, mas antes \u00e9 imensamente antigo e remonta aos prim\u00f3rdios da hist\u00f3ria da espiritualidade humana.<\/p>\n<p>&nbsp;<\/p>\n<p>Na antiguidade eg\u00edpcia, os fara\u00f3s eram tidos como algu\u00e9m em cujo o corpo habitava o esp\u00edrito de um <a href=\"http:\/\/www.astrologosastrologia.com.pt\/blog\/deuses\/\" data-internallinksmanager029f6b8e52c=\"10\" title=\"Deuses e Deusas, veja mais aqui\">Deus<\/a>.<\/p>\n<p>&nbsp;<\/p>\n<p>Nos prim\u00f3rdios da religi\u00e3o hebraica, os sacerdotes masculinos e femininos da <a href=\"http:\/\/www.astrologosastrologia.com.pt\/blog\/deuses\/\" data-internallinksmanager029f6b8e52c=\"10\" title=\"Deuses e Deusas, veja mais aqui\">Deusa<\/a> Aser\u00e1, ( na altura tida como a consorte do <a href=\"http:\/\/www.astrologosastrologia.com.pt\/blog\/deuses\/\" data-internallinksmanager029f6b8e52c=\"10\" title=\"Deuses e Deusas, veja mais aqui\">Deus<\/a> Jav\u00e9), eram tidos como pessoas pass\u00edveis de serem \u00abinvadidos\u00bb pelo esp\u00edrito da <a href=\"http:\/\/www.astrologosastrologia.com.pt\/blog\/deuses\/\" data-internallinksmanager029f6b8e52c=\"10\" title=\"Deuses e Deusas, veja mais aqui\">Deusa<\/a>.<\/p>\n<p>&nbsp;<\/p>\n<p>Na Europa, as <a href=\"https:\/\/www.magianegra.com.pt\/\" data-internallinksmanager029f6b8e52c=\"4\" title=\"Bruxas e Bruxos, saiba tudo aqui\" target=\"_blank\" rel=\"noopener\">bruxas<\/a> e os <a href=\"https:\/\/www.magianegra.com.pt\/\" data-internallinksmanager029f6b8e52c=\"4\" title=\"Bruxas e Bruxos, saiba tudo aqui\" target=\"_blank\" rel=\"noopener\">bruxos<\/a>, (sacerdotes da religi\u00f5es pagas), eram igualmente considerados como pessoas detentoras da capacidade de receber no seu corpo o divino esp\u00edrito da <a href=\"http:\/\/www.astrologosastrologia.com.pt\/blog\/deuses\/\" data-internallinksmanager029f6b8e52c=\"10\" title=\"Deuses e Deusas, veja mais aqui\">Deusa<\/a> e do <a href=\"http:\/\/www.astrologosastrologia.com.pt\/blog\/deuses\/\" data-internallinksmanager029f6b8e52c=\"10\" title=\"Deuses e Deusas, veja mais aqui\">Deus<\/a>.<\/p>\n<p>&nbsp;<\/p>\n<p>Nas religi\u00f5es de origem africana, \u00e9 perfeitamente comum que no decorrer de certas cerim\u00f3nias, esp\u00edritos ancestrais e poderosos incorporem no corpo de uma sacerdote ou sacerdotisa, ou ate mesmo no corpo de um dos fieis.<\/p>\n<p>&nbsp;<\/p>\n<p>Na pr\u00f3pria B\u00edblia, \u00e9 registado o facto do rei Saul ter sido atormentado por um esp\u00edrito mau que <a href=\"http:\/\/www.astrologosastrologia.com.pt\/blog\/deuses\/\" data-internallinksmanager029f6b8e52c=\"10\" title=\"Deuses e Deusas, veja mais aqui\">Deus<\/a> lhe enviava, ( I Samuel 16,23), ao mesmo tempo que tamb\u00e9m \u00e9 descrito como esp\u00edritos de <a href=\"http:\/\/www.astrologosastrologia.com.pt\/blog\/deuses\/\" data-internallinksmanager029f6b8e52c=\"10\" title=\"Deuses e Deusas, veja mais aqui\">Deus<\/a> podem \u00abentrar\u00bb temporariamente numa pessoa, falando atraves dela e assim levando-a a profetizar &#8211; <i>2 Cr\u00f3nicas\u00a0 24, 19-20<\/i>. \u00c8 mesmo descrito a forma como um esp\u00edrito enviado por <a href=\"http:\/\/www.astrologosastrologia.com.pt\/blog\/deuses\/\" data-internallinksmanager029f6b8e52c=\"10\" title=\"Deuses e Deusas, veja mais aqui\">Deus<\/a> podia fortemente apoderar de um corpo &#8211; <i>Ezequiel\u00a03,24<\/i><\/p>\n<p>&nbsp;<\/p>\n<p>Os evangelhos, descrevem igualmente como ap\u00f3s a morte e ressurrei\u00e7\u00e3o de Jesus, um esp\u00edrito se apoderou dos ap\u00f3stolos, permitindo que eles passassem a falar l\u00ednguas que desconheciam, algo que mais tarde, ( e inexplicavelmente), a teologia cat\u00f3lica veio a conotar com fen\u00f3menos de possess\u00e3o demon\u00edaca.<\/p>\n<p>&nbsp;<\/p>\n<p>Contudo, em certos pensamentos e sistemas religiosos, ( como o Hindu), ser possu\u00eddo esta imensamente longe de ser um fen\u00f3meno demon\u00edaco, mas \u00e9 antes condiderado enquanto um fen\u00f3meno divino. Como afirma a autora Rosemary Ellen Guiley:<\/p>\n<p>&nbsp;<\/p>\n<p>\u00ab Ser possu\u00eddo, [ nessas religi\u00f5es] , significa que um <a href=\"http:\/\/www.astrologosastrologia.com.pt\/blog\/deuses\/\" data-internallinksmanager029f6b8e52c=\"10\" title=\"Deuses e Deusas, veja mais aqui\">Deus<\/a> encontrou algu\u00e9m digno de receber o seu esp\u00edrito\u00bb<\/p>\n<p>&nbsp;<\/p>\n<p>\u00c8 por isso claro que o processo atrav\u00e9s do qual um esp\u00edrito \u00abentra\u00bb num corpo de uma pessoa viva para contactar com este mundo f\u00edsico, \u00e9 um fen\u00f3meno espiritualmente universal, que toca transversalmente imensas culturas pelo mundo, e que \u00e9 visto de formas diametralmente opostas conforme a raiz cultural e antropol\u00f3gica onde ocorre.<\/p>\n<p>&nbsp;<\/p>\n<p>Os exemplos de \u00abpossess\u00e3o\u00bb tempor\u00e1ria de um corpo por parte de um esp\u00edrito, ou mesmo relatos de esp\u00edritos que coabitam e residem num corpo humano,\u00a0 <a href=\"http:\/\/www.astrologosastrologia.com.pt\/blog\/santos\/\" data-internallinksmanager029f6b8e52c=\"9\" title=\"Santos e Santas, veja mais aqui\">s\u00e3o<\/a> in\u00fameros e encontram-se documentados na maioria dos textos sagrados.<\/p>\n<p>&nbsp;<\/p>\n<p>A doutrina esp\u00edrita genericamente professa que esse fen\u00f3meno de \u00abpossess\u00e3o\u00bb \u00e9 na verdade de um processo de \u00abincorpora\u00e7\u00e3o\u00bb, ou seja, uma ocorr\u00eancia perfeitamente natural e atrav\u00e9s do qual um esp\u00edrito pode temporariamente ocupar, ( parcial ou totalmente), o corpo de um \u00abm\u00e9dium\u00bb, a fim de comunicar com este mundo.<\/p>\n<p>&nbsp;<\/p>\n<p>Normalmente, o espiritismo professa que nem todos possuem evolu\u00e7\u00e3o espiritual ou uma sensibilidade suficientemente apurada para conseguir ser receptores dos esp\u00edritos. \u00c0quelas pessoas com essa capacidade e evolu\u00e7\u00e3o espiritual, chamam-se \u00abm\u00e9diuns\u00bb ou \u00abvidentes\u00bb.<\/p>\n<p>&nbsp;<\/p>\n<p>No espiritismo, \u00e9 igualmente professado que a comunica\u00e7\u00e3o com os esp\u00edritos pode ocorrer de duas formas, ou seja, os esp\u00edritos, podem incorporar-se numa pessoa de forma total ou parcial.<\/p>\n<p>&nbsp;<\/p>\n<p>Se a incorpora\u00e7\u00e3o ocorre de forma total,\u00a0 a pessoa \u00abocupada\u00bb pelo esp\u00edrito perde a consci\u00eancia durante a \u00abpossess\u00e3o\u00bb, sendo que n\u00e3o ter\u00e1 memorias sobre o sucedido, nem ter\u00e1 qualquer controlo sob o seu corpo enquanto decorre o processo espiritual.<\/p>\n<p>&nbsp;<\/p>\n<p>Se a incorpora\u00e7\u00e3o ocorre parcialmente, a pessoa fica consciente e aperceber-se-\u00e1 de tudo aquilo que o esp\u00edrito comunicar, e pode mesmo em certos casos intervir minimamente no di\u00e1logo.<\/p>\n<p>&nbsp;<\/p>\n<p>\u00abChanneling\u00bb, \u00e9 o termo normalmente usa para definir o processo de invoca\u00e7\u00e3o de esp\u00edritos, assim como o consequente fen\u00f3meno incorporat\u00f3rio e de dialogo dos esp\u00edritos com este mundo atrav\u00e9s de um m\u00e9dium.<\/p>\n<p>&nbsp;<\/p>\n<p>O termo \u00abespiritismo\u00bb foi criado por Hipplyte Leon D. Rivail, mais conhecido pelo seu mundialmente famoso pseud\u00f3nimo, ou seja: Allan Kardec<\/p>\n<p>&nbsp;<\/p>\n<p>O termo \u00abespiritismo\u00bb, visa representar o conjunto de estudos, sistematiza\u00e7\u00f5es e cren\u00e7as espirituais professadas por Allan Kardec, conforme expressadas na sua vasta obra liter\u00e1ria.<\/p>\n<p>&nbsp;<\/p>\n<p>O pensamento filos\u00f3fico e religioso de Allan Kardec, ( que hoje em dia \u00e9 um dos pilares fundamentais de imensos movimentos religiosos de natureza esp\u00edrita), \u00e9 imensamente complexo, contudo podemos afirmar que consiste em 9 pontos fundamentais:<\/p>\n<p>&nbsp;<\/p>\n<p align=\"center\"><b>I<\/b><\/p>\n<p>O ser humano \u00e9 constitu\u00eddo por um corpo material aliado a um esp\u00edrito.<\/p>\n<p align=\"center\"><b>II<\/b><\/p>\n<p>O corpo f\u00edsico \u00e9 mortal, contudo o esp\u00edrito \u00e9 imortal<\/p>\n<p align=\"center\"><b>III<\/b><\/p>\n<p>O fen\u00f3meno da vida, seja ela f\u00edsica ou espiritual, n\u00e3o \u00e9 exclusivo do planeta terra, sendo que ocorre por todo o universo e \u00e9 parte da grande Cria\u00e7\u00e3o de <a href=\"http:\/\/www.astrologosastrologia.com.pt\/blog\/deuses\/\" data-internallinksmanager029f6b8e52c=\"10\" title=\"Deuses e Deusas, veja mais aqui\">Deus<\/a>.<\/p>\n<p align=\"center\"><b>IV<\/b><\/p>\n<p>Jesus, era um ser espiritual imensamente evolu\u00eddo, que atingiu as metas da virtude e da bondade, emanando luz e ilumina\u00e7\u00e3o para o mundo. Jesus foi por isso, o \u00ab<i>Esp\u00edrito mais perfeito que <a href=\"http:\/\/www.astrologosastrologia.com.pt\/blog\/deuses\/\" data-internallinksmanager029f6b8e52c=\"10\" title=\"Deuses e Deusas, veja mais aqui\">Deus<\/a> ofereceu aos homens para servir-lhes de modelo e guia<\/i>\u00bb<\/p>\n<p align=\"center\"><b>V<\/b><\/p>\n<p>O corpo f\u00edsico \u00e9 um recept\u00e1culo do esp\u00edrito, que atrav\u00e9s de um processo de reencarna\u00e7\u00f5es, vem a este mundo a fim de realizar um aprendizagem espiritual.<\/p>\n<p align=\"center\"><b>VI<\/b><\/p>\n<p>O objectivo deste processo de reencarna\u00e7\u00f5es, \u00e9 a evolu\u00e7\u00e3o espiritual at\u00e9 que seja alcan\u00e7ada a plenitude do ser espiritual. O ciclo de reencarna\u00e7\u00f5es e aperfei\u00e7oamento visa atingir a virtude e o bem, um estado celestial de luz e ilumina\u00e7\u00e3o.<\/p>\n<p align=\"center\"><b>VII<\/b><\/p>\n<p>A alma, \u00e9 o esp\u00edrito enquanto ligado a um corpo f\u00edsico<\/p>\n<p align=\"center\"><b>VIII<\/b><\/p>\n<p>O esp\u00edrito encontra-se ligado ao corpo f\u00edsico na forma de um inv\u00f3lucro denominado perispirito, sendo que esse \u00e9 muitas vezes observado e chamado de \u00abfantasma\u00bb<\/p>\n<p align=\"center\"><b>IX<\/b><\/p>\n<p>Os esp\u00edritos desencarnados, ( comummente conhecidos por \u00abesp\u00edritos dos mortos\u00bb), e os esp\u00edritos encarnados, ( vulgarmente conhecidos pelos \u00abvivos\u00bb),\u00a0 podem comunicar-se atrav\u00e9s do processo denominado \u00abchanneling\u00bb, ou em portugu\u00eas: \u00abmediunidade\u00bb.<\/p>\n<p>&nbsp;<\/p>\n<p><i>Fontes Bibliogr\u00e1ficas:<\/i><\/p>\n<p><i>\u00a0<\/i><i>B\u00edblia Sagrada, Edi\u00e7\u00e3o Pastoral da Pia sociedade de <a href=\"http:\/\/www.astrologosastrologia.com.pt\/blog\/santos\/\" data-internallinksmanager029f6b8e52c=\"9\" title=\"Santos e Santas, veja mais aqui\">S\u00e3o<\/a> Paulo \u2013 Brasil, subscrita pelo Secretario da Conferencia Episcopal Portuguesa;\u00a0<\/i><i>\u00a0<\/i><i>Guia (\u2026) sobre fantasmas e o <a href=\"http:\/\/www.astrologosastrologia.com.pt\/blog\/esoterismo\/\" data-internallinksmanager029f6b8e52c=\"11\" title=\"Esoterismo, veja mais aqui\">sobrenatural<\/a>, by Dunwich Gerina<\/i><\/p>\n ","protected":false},"excerpt":{"rendered":"<p>Espiritismo. O que \u00e9? Espiritismo, incorpora\u00e7\u00e3o, channeling, possess\u00e3o, religi\u00e3o esp\u00edrita &nbsp; O espiritismo \u00e9 um assunto longe de ser pac\u00edfico \u00e1 luz da doutrina crista. A teologia crista mais ortodoxa, tende a identificar a \u00abocupa\u00e7\u00e3o tempor\u00e1ria\u00bb do corpo de uma pessoa fisicamente viva por parte de um esp\u00edrito alheio a esse corpo, enquanto um fen\u00f3meno de \u00abpossess\u00e3o\u00bb. As vis\u00f5es mais<\/p>\n","protected":false},"author":1,"featured_media":0,"parent":143,"menu_order":0,"comment_status":"closed","ping_status":"closed","template":"","meta":{"footnotes":""},"class_list":["post-753","page","type-page","status-publish","hentry"],"_links":{"self":[{"href":"https:\/\/www.astrologosastrologia.com.pt\/blog\/wp-json\/wp\/v2\/pages\/753","targetHints":{"allow":["GET"]}}],"collection":[{"href":"https:\/\/www.astrologosastrologia.com.pt\/blog\/wp-json\/wp\/v2\/pages"}],"about":[{"href":"https:\/\/www.astrologosastrologia.com.pt\/blog\/wp-json\/wp\/v2\/types\/page"}],"author":[{"embeddable":true,"href":"https:\/\/www.astrologosastrologia.com.pt\/blog\/wp-json\/wp\/v2\/users\/1"}],"replies":[{"embeddable":true,"href":"https:\/\/www.astrologosastrologia.com.pt\/blog\/wp-json\/wp\/v2\/comments?post=753"}],"version-history":[{"count":1,"href":"https:\/\/www.astrologosastrologia.com.pt\/blog\/wp-json\/wp\/v2\/pages\/753\/revisions"}],"predecessor-version":[{"id":755,"href":"https:\/\/www.astrologosastrologia.com.pt\/blog\/wp-json\/wp\/v2\/pages\/753\/revisions\/755"}],"up":[{"embeddable":true,"href":"https:\/\/www.astrologosastrologia.com.pt\/blog\/wp-json\/wp\/v2\/pages\/143"}],"wp:attachment":[{"href":"https:\/\/www.astrologosastrologia.com.pt\/blog\/wp-json\/wp\/v2\/media?parent=753"}],"curies":[{"name":"wp","href":"https:\/\/api.w.org\/{rel}","templated":true}]}}