{"id":760,"date":"2015-05-12T07:56:10","date_gmt":"2015-05-12T07:56:10","guid":{"rendered":"http:\/\/www.astrologosastrologia.com.pt\/blog\/?page_id=760"},"modified":"2015-05-18T15:11:04","modified_gmt":"2015-05-18T15:11:04","slug":"calendarios","status":"publish","type":"page","link":"https:\/\/www.astrologosastrologia.com.pt\/blog\/saber\/calendarios\/","title":{"rendered":"Calend\u00e1rios"},"content":{"rendered":"<p style=\"text-align: center;\">\n<p style=\"text-align: center;\">\n<p style=\"text-align: center;\">[slideshow_deploy id=&#8217;2318&#8242;]<\/p>\n<p style=\"text-align: center;\"><span style=\"color: #ff0000;\"><strong><a href=\"http:\/\/www.astrologosastrologia.com.pt\/blog\/wp-content\/uploads\/2015\/05\/CALEND\u00c1RIOS.jpg\"><img loading=\"lazy\" decoding=\"async\" class=\"alignnone size-full wp-image-761\" src=\"http:\/\/www.astrologosastrologia.com.pt\/blog\/wp-content\/uploads\/2015\/05\/CALEND\u00c1RIOS.jpg\" alt=\"CALEND\u00c1RIOS\" width=\"140\" height=\"148\" \/><\/a>CALEND\u00c1RIOS<\/strong><\/span><\/p>\n<p><strong><em>\u00a0<\/em><\/strong><\/p>\n<p>Calend\u00e1rio \u00e9 um sistema para contagem e agrupamento de dias que visa atender, principalmente, \u00e0s necessidades civis e religiosas de uma cultura. A palavra deriva do latim <em>calendarium<\/em> ou livro de registro, que por sua vez derivou de <em>calendae<\/em>, que indicava o primeiro dia de um m\u00eas romano. As unidades principais de agrupamento <a href=\"http:\/\/www.astrologosastrologia.com.pt\/blog\/santos\/\" data-internallinksmanager029f6b8e52c=\"9\" title=\"Santos e Santas, veja mais aqui\">s\u00e3o<\/a> o m\u00eas e o ano.<\/p>\n<p>Veja os calend\u00e1rios que temos \u00e1 sua disposi\u00e7\u00e3o:<\/p>\n<p>&nbsp;<\/p>\n<p>&nbsp;<\/p>\n<p><a href=\"http:\/\/www.astrologosastrologia.com.pt\/Nossa_Senhora_calendario.htm\" target=\"_blank\">Calend\u00e1rio<\/a> das Nossas Senhoras<\/p>\n<p><a href=\"http:\/\/www.astrologosastrologia.com.pt\/calendarios1\/calendarios=calendario_liturgico_portugues.htm\" target=\"_blank\">Calend\u00e1rio<\/a> lit\u00fargico portugu\u00eas<\/p>\n<p><a href=\"http:\/\/www.astrologosastrologia.com.pt\/calendarios2\/calendarios=calendario_judaico_2009.htm\" target=\"_blank\">Calend\u00e1rio<\/a> Judaico<\/p>\n<p>&nbsp;<\/p>\n ","protected":false},"excerpt":{"rendered":"<p>[slideshow_deploy id=&#8217;2318&#8242;] CALEND\u00c1RIOS \u00a0 Calend\u00e1rio \u00e9 um sistema para contagem e agrupamento de dias que visa atender, principalmente, \u00e0s necessidades civis e religiosas de uma cultura. A palavra deriva do latim calendarium ou livro de registro, que por sua vez derivou de calendae, que indicava o primeiro dia de um m\u00eas romano. As unidades principais de agrupamento s\u00e3o o m\u00eas<\/p>\n","protected":false},"author":1,"featured_media":0,"parent":240,"menu_order":0,"comment_status":"closed","ping_status":"closed","template":"","meta":{"footnotes":""},"class_list":["post-760","page","type-page","status-publish","hentry"],"_links":{"self":[{"href":"https:\/\/www.astrologosastrologia.com.pt\/blog\/wp-json\/wp\/v2\/pages\/760","targetHints":{"allow":["GET"]}}],"collection":[{"href":"https:\/\/www.astrologosastrologia.com.pt\/blog\/wp-json\/wp\/v2\/pages"}],"about":[{"href":"https:\/\/www.astrologosastrologia.com.pt\/blog\/wp-json\/wp\/v2\/types\/page"}],"author":[{"embeddable":true,"href":"https:\/\/www.astrologosastrologia.com.pt\/blog\/wp-json\/wp\/v2\/users\/1"}],"replies":[{"embeddable":true,"href":"https:\/\/www.astrologosastrologia.com.pt\/blog\/wp-json\/wp\/v2\/comments?post=760"}],"version-history":[{"count":3,"href":"https:\/\/www.astrologosastrologia.com.pt\/blog\/wp-json\/wp\/v2\/pages\/760\/revisions"}],"predecessor-version":[{"id":2323,"href":"https:\/\/www.astrologosastrologia.com.pt\/blog\/wp-json\/wp\/v2\/pages\/760\/revisions\/2323"}],"up":[{"embeddable":true,"href":"https:\/\/www.astrologosastrologia.com.pt\/blog\/wp-json\/wp\/v2\/pages\/240"}],"wp:attachment":[{"href":"https:\/\/www.astrologosastrologia.com.pt\/blog\/wp-json\/wp\/v2\/media?parent=760"}],"curies":[{"name":"wp","href":"https:\/\/api.w.org\/{rel}","templated":true}]}}