{"id":764,"date":"2015-05-12T08:01:33","date_gmt":"2015-05-12T08:01:33","guid":{"rendered":"http:\/\/www.astrologosastrologia.com.pt\/blog\/?page_id=764"},"modified":"2015-05-12T08:02:07","modified_gmt":"2015-05-12T08:02:07","slug":"profecias","status":"publish","type":"page","link":"https:\/\/www.astrologosastrologia.com.pt\/blog\/religiao\/profecias\/","title":{"rendered":"Profecias"},"content":{"rendered":"<p style=\"text-align: center;\"><a href=\"http:\/\/www.astrologosastrologia.com.pt\/blog\/wp-content\/uploads\/2015\/05\/Portal-ae.jpg\"><img loading=\"lazy\" decoding=\"async\" class=\"alignnone size-full wp-image-218\" src=\"http:\/\/www.astrologosastrologia.com.pt\/blog\/wp-content\/uploads\/2015\/05\/Portal-ae.jpg\" alt=\"Portal a&amp;e\" width=\"47\" height=\"86\" \/><\/a><\/p>\n<p style=\"text-align: center;\"><span style=\"color: #ff0000;\"><strong>Nostradamus e profecias<\/strong><\/span><\/p>\n<p>&nbsp;<\/p>\n<p><a href=\"http:\/\/www.astrologosastrologia.com.pt\/Nostradamus_profecias_misterios.htm\" target=\"_blank\">Nostradamus,mist\u00e9rios,profecias<\/a><\/p>\n<p>&nbsp;<\/p>\n<p><a href=\"http:\/\/www.astrologosastrologia.com.pt\/Nostradamus_Centurias_Quadras_Profecias.htm\" target=\"_blank\">Nostradamus, as cent\u00farias e profecias<\/a><\/p>\n<p>&nbsp;<\/p>\n<p><a href=\"http:\/\/www.astrologosastrologia.com.pt\/profecias.htm\" target=\"_blank\">Profecias na historia<\/a><\/p>\n<p>&nbsp;<\/p>\n<p><a href=\"http:\/\/www.astrologosastrologia.com.pt\/profecias_oraculos.htm\" target=\"_blank\">Or\u00e1culos<\/a><\/p>\n<p>&nbsp;<\/p>\n<p><a href=\"http:\/\/www.astrologosastrologia.com.pt\/fim_do_mundo_escatologia.htm\" target=\"_blank\">Fim do mundo<\/a><\/p>\n<p>&nbsp;<\/p>\n ","protected":false},"excerpt":{"rendered":"<p>Nostradamus e profecias &nbsp; Nostradamus,mist\u00e9rios,profecias &nbsp; Nostradamus, as cent\u00farias e profecias &nbsp; Profecias na historia &nbsp; Or\u00e1culos &nbsp; Fim do mundo &nbsp;<\/p>\n","protected":false},"author":1,"featured_media":0,"parent":143,"menu_order":0,"comment_status":"closed","ping_status":"closed","template":"","meta":{"footnotes":""},"class_list":["post-764","page","type-page","status-publish","hentry"],"_links":{"self":[{"href":"https:\/\/www.astrologosastrologia.com.pt\/blog\/wp-json\/wp\/v2\/pages\/764","targetHints":{"allow":["GET"]}}],"collection":[{"href":"https:\/\/www.astrologosastrologia.com.pt\/blog\/wp-json\/wp\/v2\/pages"}],"about":[{"href":"https:\/\/www.astrologosastrologia.com.pt\/blog\/wp-json\/wp\/v2\/types\/page"}],"author":[{"embeddable":true,"href":"https:\/\/www.astrologosastrologia.com.pt\/blog\/wp-json\/wp\/v2\/users\/1"}],"replies":[{"embeddable":true,"href":"https:\/\/www.astrologosastrologia.com.pt\/blog\/wp-json\/wp\/v2\/comments?post=764"}],"version-history":[{"count":2,"href":"https:\/\/www.astrologosastrologia.com.pt\/blog\/wp-json\/wp\/v2\/pages\/764\/revisions"}],"predecessor-version":[{"id":766,"href":"https:\/\/www.astrologosastrologia.com.pt\/blog\/wp-json\/wp\/v2\/pages\/764\/revisions\/766"}],"up":[{"embeddable":true,"href":"https:\/\/www.astrologosastrologia.com.pt\/blog\/wp-json\/wp\/v2\/pages\/143"}],"wp:attachment":[{"href":"https:\/\/www.astrologosastrologia.com.pt\/blog\/wp-json\/wp\/v2\/media?parent=764"}],"curies":[{"name":"wp","href":"https:\/\/api.w.org\/{rel}","templated":true}]}}