{"id":85,"date":"2015-05-09T09:16:55","date_gmt":"2015-05-09T09:16:55","guid":{"rendered":"http:\/\/www.astrologosastrologia.com.pt\/blog\/?page_id=85"},"modified":"2015-07-23T08:29:53","modified_gmt":"2015-07-23T08:29:53","slug":"simpatias-amor","status":"publish","type":"page","link":"https:\/\/www.astrologosastrologia.com.pt\/blog\/simpatias\/simpatias-amor\/","title":{"rendered":"Simpatias Amor"},"content":{"rendered":"<p style=\"text-align: center;\"><a href=\"http:\/\/www.astrologosastrologia.com.pt\/blog\/wp-content\/uploads\/2015\/05\/simpatias.gif\"><img loading=\"lazy\" decoding=\"async\" class=\"alignnone size-full wp-image-12\" src=\"http:\/\/www.astrologosastrologia.com.pt\/blog\/wp-content\/uploads\/2015\/05\/simpatias.gif\" alt=\"simpatias\" width=\"200\" height=\"61\" \/><\/a><a href=\"http:\/\/www.astrologosastrologia.com.pt\/blog\/wp-content\/uploads\/2015\/05\/Magia-vermelha.jpg\"><img loading=\"lazy\" decoding=\"async\" class=\"alignnone size-full wp-image-276\" src=\"http:\/\/www.astrologosastrologia.com.pt\/blog\/wp-content\/uploads\/2015\/05\/Magia-vermelha.jpg\" alt=\"Magia vermelha\" width=\"143\" height=\"100\" \/><\/a><\/p>\n<p style=\"text-align: center;\"><strong><span style=\"color: #ff0000;\"><a href=\"http:\/\/www.astrologosastrologia.com.pt\/blog\/simpatias\/\" data-internallinksmanager029f6b8e52c=\"13\" title=\"Simpatias, veja mais aqui\">Simpatias<\/a> Amor- <a href=\"http:\/\/www.astrologosastrologia.com.pt\/blog\/simpatias\/\" data-internallinksmanager029f6b8e52c=\"13\" title=\"Simpatias, veja mais aqui\">Simpatias<\/a> para o amor, <a href=\"http:\/\/www.astrologosastrologia.com.pt\/blog\/simpatias\/\" data-internallinksmanager029f6b8e52c=\"13\" title=\"Simpatias, veja mais aqui\">simpatias<\/a> amorosas, <a href=\"http:\/\/www.astrologosastrologia.com.pt\/blog\/simpatias\/\" data-internallinksmanager029f6b8e52c=\"13\" title=\"Simpatias, veja mais aqui\">simpatias<\/a> para ter amor, <a href=\"http:\/\/www.astrologosastrologia.com.pt\/blog\/simpatias\/\" data-internallinksmanager029f6b8e52c=\"13\" title=\"Simpatias, veja mais aqui\">simpatias<\/a> para arranjar namorado, <a href=\"http:\/\/www.astrologosastrologia.com.pt\/blog\/simpatias\/\" data-internallinksmanager029f6b8e52c=\"13\" title=\"Simpatias, veja mais aqui\">simpatias<\/a> para trazer amor de volta&#8230;<\/span><\/strong><\/p>\n<p style=\"text-align: center;\">\u00bb\u00bb<span style=\"color: #008000;\"> <a style=\"color: #008000;\" href=\"http:\/\/www.astrologosastrologia.com.pt\/blog\/amarracoes-2\/\" target=\"_blank\">Para ver Amarra\u00e7\u00f5es: AQUI<\/a><\/span><\/p>\n<p>&nbsp;<\/p>\n<p><a href=\"http:\/\/www.astrologosastrologia.com.pt\/blog\/simpatias-amor\/o-significado-da-simpatia\/\" target=\"_blank\">O significado da Simpatia<\/a><\/p>\n<p><a href=\"http:\/\/www.astrologosastrologia.com.pt\/blog\/garrafinhas-magicas\/garrafa-de-bruxa-para-amor\/\">Garrafa de Bruxa para o amor<\/a><\/p>\n<p><a href=\"http:\/\/www.astrologosastrologia.com.pt\/blog\/simpatias-ciganas\/garrafa-do-amor-da-bruxa-cigana\/\">Garrafa do amor da bruxa cigana<\/a><\/p>\n<p><a href=\"http:\/\/www.astrologosastrologia.com.pt\/blog\/simpatias-amor\/garrafinha-magica-para-o-amor\/\">Garrafinha m\u00e1gica para o amor<\/a><\/p>\n<p><a href=\"http:\/\/www.astrologosastrologia.com.pt\/blog\/simpatias-amor\/feitico-para-vingar-um-coracao-partido\/\" target=\"_blank\">Feiti\u00e7o para vingar um cora\u00e7\u00e3o partido<\/a><\/p>\n<p><a href=\"http:\/\/www.astrologosastrologia.com.pt\/blog\/amarracoes\/simpatia-do-sal-grosso-para-amarracao-amorosa\/\" target=\"_blank\">Simpatia do sal grosso para amarra\u00e7\u00e3o amorosa<\/a><\/p>\n<p><a href=\"http:\/\/www.astrologosastrologia.com.pt\/blog\/amarracoes\/bruxaria-africana-para-dominar-homem\/\" target=\"_blank\">Bruxaria africana para dominar homem<\/a><\/p>\n<p><a href=\"http:\/\/www.astrologosastrologia.com.pt\/blog\/simpatias-amor\/cha-para-realizar-desejos-amorosos\/\" target=\"_blank\">Ch\u00e1 para realizar desejos amorosos<\/a><\/p>\n<p><a href=\"http:\/\/www.astrologosastrologia.com.pt\/blog\/encantamentos\/encantamento-de-amor-com-arvores\/\" target=\"_blank\">Encantamento de Amor com \u00c1rvores<\/a><\/p>\n<p><a href=\"http:\/\/www.astrologosastrologia.com.pt\/blog\/encantamentos\/encantamento-de-amor-para-gays\/\" target=\"_blank\">Encantamento de Amor para Gays<\/a><\/p>\n<p><a href=\"http:\/\/www.astrologosastrologia.com.pt\/blog\/encantamentos\/encantamento-de-amor\/\" target=\"_blank\">Encantamento de amor<\/a><\/p>\n<p><a href=\"http:\/\/www.astrologosastrologia.com.pt\/blog\/encantamentos\/encantamento-de-amor-do-unicornio\/\" target=\"_blank\">Encantamento de amor do unic\u00f3rnio<\/a><\/p>\n<p><a href=\"http:\/\/www.astrologosastrologia.com.pt\/blog\/encantamentos\/encanto-indiano-para-despertar-o-amor-de-um-homem\/\" target=\"_blank\">Encanto indiano para despertar o amor de um homem<\/a><\/p>\n<p><span style=\"color: #ff6600;\">Publicidade a&amp;e<\/span><\/p>\n<table class=\" aligncenter\" style=\"border-color: #f7f7f2;\">\n<tbody>\n<tr>\n<td><\/td>\n<td><span style=\"color: #000000;\"><strong><a style=\"color: #000000;\" href=\"http:\/\/www.magianegra.com.pt\/novo\/altar-cipriano\/altar-blog\/\" target=\"_blank\">Trabalhos de Magia Branca e magia negra<\/a><\/strong><\/span><\/p>\n<p style=\"text-align: center;\"><a href=\"http:\/\/www.magianegra.com.pt\/novo\/altar-cipriano\/altar-blog\/\" target=\"_blank\">***<\/a><\/p>\n<p><span style=\"color: #0000ff;\"><a style=\"color: #0000ff;\" href=\"http:\/\/www.magianegra.com.pt\/novo\/altar-cipriano\/altar-blog\/\" target=\"_blank\">Amarra\u00e7\u00f5es amorosas, magia para casamento.<\/a><\/span><\/p>\n<p><span style=\"color: #0000ff;\"><a style=\"color: #0000ff;\" href=\"http:\/\/www.magianegra.com.pt\/novo\/altar-cipriano\/altar-blog\/\" target=\"_blank\">Afastamento de rivais e pessoas indesej\u00e1veis.<\/a><\/span><\/p>\n<p><span style=\"color: #0000ff;\"><a style=\"color: #0000ff;\" href=\"http:\/\/www.magianegra.com.pt\/novo\/altar-cipriano\/altar-blog\/\" target=\"_blank\">Trabalhos para dinheiro, limpezas espirituais&#8230;<\/a><\/span><\/p>\n<p><span style=\"color: #0000ff;\"><a style=\"color: #0000ff;\" href=\"http:\/\/www.magianegra.com.pt\/novo\/altar-cipriano\/altar-blog\/\" target=\"_blank\">Consulte-nos: AQUI<\/a><\/span><\/td>\n<\/tr>\n<\/tbody>\n<\/table>\n<p><a href=\"http:\/\/www.astrologosastrologia.com.pt\/blog\/encantamentos\/encantamento-de-amor-cigano\/\" target=\"_blank\">Encantamento de amor cigano<\/a><\/p>\n<p><a href=\"http:\/\/www.astrologosastrologia.com.pt\/blog\/simpatias-amor\/simpatias-amor-feitico-do-no-de-salgueiro-para-o-amor\/\" target=\"_blank\">Feiti\u00e7o do N\u00f3 de Salgueiro para o amor<\/a><\/p>\n<p><a href=\"http:\/\/www.astrologosastrologia.com.pt\/blog\/simpatias\/simpatias-amor-feitico-de-amor-com-foto-e-alfinetes\/\" target=\"_blank\">Feiti\u00e7o de amor com foto e alfinetes<\/a><\/p>\n<p><a href=\"http:\/\/www.astrologosastrologia.com.pt\/blog\/simpatias\/simpatias-amor-feitico-protetor-dos-apaixonados\/\" target=\"_blank\">Feiti\u00e7o protetor dos apaixonados<\/a><\/p>\n<p><a href=\"http:\/\/www.astrologosastrologia.com.pt\/blog\/simpatias\/simpatias-amor-feitico-de-afrodite-para-reavivar-o-casamento\/\" target=\"_blank\">Feiti\u00e7o de Afrodite para reavivar o casamento<\/a><\/p>\n<p><a href=\"http:\/\/www.astrologosastrologia.com.pt\/blog\/simpatias\/simpatias-amor-feitico-para-melhorar-a-sorte-no-amor\/\" target=\"_blank\">Feiti\u00e7o para melhorar a sorte no amor<\/a><\/p>\n<p><a href=\"http:\/\/www.astrologosastrologia.com.pt\/blog\/simpatias\/simpatias-amor-feitico-da-uniao-eterna\/\" target=\"_blank\">Feiti\u00e7o da uni\u00e3o eterna<\/a><\/p>\n<p><a href=\"http:\/\/www.astrologosastrologia.com.pt\/blog\/simpatias\/simpatias-para-o-amor-feitico-do-amor-com-amuleto\/\" target=\"_blank\">Feiti\u00e7o do amor com amuleto<\/a><\/p>\n<p><span lang=\"PT-BR\"><a href=\"http:\/\/www.astrologosastrologia.com.pt\/blog\/simpatias\/simpatias-amor-feitico-para-atrair-um-amor\/\" target=\"_blank\">Feiti\u00e7o para atrair um amor<\/a><\/span><\/p>\n<p><a href=\"http:\/\/www.astrologosastrologia.com.pt\/blog\/simpatias\/simpatias-amor-feitico-para-encontrar-um-grande-amor\/\" target=\"_blank\">Feiti\u00e7o para encontrar um grande amor<\/a><\/p>\n<p><a href=\"http:\/\/www.astrologosastrologia.com.pt\/blog\/simpatias\/simpatias-para-amor-feitico-para-atrair-um-novo-amor\/\" target=\"_blank\">Feiti\u00e7o para atrair um novo amor<\/a><\/p>\n<p><a href=\"http:\/\/www.astrologosastrologia.com.pt\/blog\/simpatias\/feitico-wicca-para-atrair-o-amor\/\" target=\"_blank\">Feiti\u00e7o wicca para atrair o amor<\/a><\/p>\n<p><a href=\"http:\/\/www.astrologosastrologia.com.pt\/blog\/simpatias\/simpatias-amor-feitico-da-paixao-ardente\/\" target=\"_blank\">Feiti\u00e7o da Paix\u00e3o Ardente<\/a><\/p>\n<p><a href=\"http:\/\/www.astrologosastrologia.com.pt\/blog\/simpatias\/simpatias-para-amor-feitico-para-tornar-o-amado-mais-romantico\/\" target=\"_blank\">Feiti\u00e7o para tornar o amado mais rom\u00e2ntico<\/a><\/p>\n<p><a href=\"http:\/\/www.astrologosastrologia.com.pt\/blog\/simpatias\/simpatias-amor-feitico-contra-um-coracao-partido\/\" target=\"_blank\">Feiti\u00e7o contra um cora\u00e7\u00e3o partido<\/a><\/p>\n<p><a href=\"http:\/\/www.astrologosastrologia.com.pt\/blog\/simpatias\/simpatias-amor-poderoso-feitico-dos-21-dias-para-o-amor\/\" target=\"_blank\">Poderoso Feiti\u00e7o dos 21 dias para o amor<\/a><\/p>\n<p><a href=\"http:\/\/www.astrologosastrologia.com.pt\/blog\/simpatias\/simpatias-amor-feitico-das-ondinas-para-uniao\/\" target=\"_blank\">Feiti\u00e7o das ondinas para uni\u00e3o<\/a><\/p>\n<p><a href=\"http:\/\/www.astrologosastrologia.com.pt\/blog\/simpatias\/simpatias-amor-feitico-do-equinocio-de-outono-para-afastar-um-rival-amoroso\/\" target=\"_blank\">Feiti\u00e7o do Equin\u00f3cio de Outono para afastar um(a) rival amoroso(a)<\/a><\/p>\n<p><a href=\"http:\/\/www.astrologosastrologia.com.pt\/blog\/simpatias\/simpatias-amor-feitico-do-vaso-de-amor-para-quem-procura-um-novo-amor\/\" target=\"_blank\">Feiti\u00e7o do vaso de amor para quem procura um novo amor<\/a><\/p>\n<p><a href=\"http:\/\/www.astrologosastrologia.com.pt\/blog\/simpatias-amor\/magia-egipcia-feitico-da-deusa-hathor-para-encontrar-marido\/\" target=\"_blank\">Feiti\u00e7o da Deusa Hathor para encontrar marido<\/a><\/p>\n<p><a href=\"http:\/\/www.astrologosastrologia.com.pt\/blog\/simpatias\/simpatias-amor-filtro-dos-sonhos-para-a-pessoa-amada-sonhar-com-voce\/\" target=\"_blank\">Filtro dos Sonhos para a pessoa amada sonhar com voc\u00ea durante a noite<\/a><\/p>\n<p><a href=\"http:\/\/www.astrologosastrologia.com.pt\/blog\/simpatias\/simpatias-amor-filtro-para-atrair-amor\/\" target=\"_blank\">Filtro para atrair amor<\/a><\/p>\n<p><a href=\"http:\/\/www.astrologosastrologia.com.pt\/blog\/simpatias\/simpatias-magia-dos-anjos-do-amor-para-o-amor\/\" target=\"_blank\">Magia dos Anjos do Amor para o amor<\/a><\/p>\n<p><a href=\"http:\/\/www.astrologosastrologia.com.pt\/blog\/simpatias\/simpatias-amor-magia-de-amor-com-chave-para-lhe-trazer-o-amor\/\" target=\"_blank\">Magia de amor com chave para lhe trazer o amor<\/a><\/p>\n<p><span style=\"color: #ff0000;\"><a href=\"http:\/\/www.astrologosastrologia.com.pt\/blog\/simpatias\/magia-cigana-para-conquistar-o-amor\/\" target=\"_blank\">Magia cigana para conquistar o amor<\/a><\/span><\/p>\n<p><a href=\"http:\/\/www.astrologosastrologia.com.pt\/blog\/simpatias\/magia-cigana-para-atrair-um-amor\/\" target=\"_blank\">Magia cigana para atrair um amor<\/a><\/p>\n<p><a href=\"http:\/\/www.astrologosastrologia.com.pt\/blog\/simpatias\/magia-cigana-de-amor-com-fotos\/\" target=\"_blank\">Magia cigana de amor com fotos<\/a><\/p>\n<p><a href=\"http:\/\/www.astrologosastrologia.com.pt\/blog\/simpatias\/magia-egipcia-para-amor\/\" target=\"_blank\">Magia Egipcia Para Amor<\/a><\/p>\n<p><a href=\"http:\/\/www.astrologosastrologia.com.pt\/blog\/simpatias\/magia-egipcia-com-a-deusa-hathor-para-conquistar-ou-encontrar-o-amor\/\" target=\"_blank\">Magia eg\u00edpcia com a Deusa Hathor para conquistar ou encontrar o amor<\/a><\/p>\n<p><a href=\"http:\/\/www.astrologosastrologia.com.pt\/blog\/simpatias\/simpatias-amor-magia-do-coracao\/\" target=\"_blank\">Magia do Cora\u00e7\u00e3o<\/a><\/p>\n<p><a href=\"http:\/\/www.astrologosastrologia.com.pt\/blog\/simpatias\/simpatias-antiga-magia-cigana-de-amor-com-maca\/\" target=\"_blank\">Antiga magia cigana de Amor com Ma\u00e7\u00e3<\/a><\/p>\n<p><a href=\"http:\/\/www.astrologosastrologia.com.pt\/blog\/simpatias\/simpatias-antigo-feitico-celta-para-ser-correspondida-no-amor\/\" target=\"_blank\">Antigo feiti\u00e7o celta para ser correspondida no amor<\/a><\/p>\n<p><a href=\"http:\/\/www.astrologosastrologia.com.pt\/blog\/simpatias\/simpatias-anjos-simpatia-angelical-para-por-fim-aos-conflitos-conjugais\/\" target=\"_blank\">Simpatia angelical para p\u00f4r fim aos conflitos conjugais<\/a><\/p>\n<p><a href=\"http:\/\/www.astrologosastrologia.com.pt\/blog\/simpatias-amor\/simpatias-simpatia-da-vela-de-mel-para-adocar-coracao\/\" target=\"_blank\">Simpatia da vela de mel para ado\u00e7ar cora\u00e7\u00e3o<\/a><\/p>\n<p><a href=\"http:\/\/www.astrologosastrologia.com.pt\/blog\/simpatias-amor\/simpatias-simpatia-dos-anjos-para-aumentar-sensualidade\/\" target=\"_blank\">Simpatia dos Anjos para aumentar sensualidade<\/a><\/p>\n<p><a href=\"http:\/\/www.astrologosastrologia.com.pt\/blog\/simpatias\/simpatia-a-iemanja-para-abrir-caminho-para-o-amor-simpatias-com-iemanja\/\" target=\"_blank\">Simpatia a Iemanj\u00e1 para abrir caminho para o amor<\/a><\/p>\n<p><a href=\"http:\/\/www.astrologosastrologia.com.pt\/blog\/simpatias\/simpatia-a-iemanja-para-arrumar-namorado-simpatia-a-iemanja-para-o-amor\/\" target=\"_blank\">Simpatia a Iemanj\u00e1 para arrumar namorado<\/a><\/p>\n<p><a href=\"http:\/\/www.astrologosastrologia.com.pt\/blog\/simpatias\/simpatia-a-iemanja-para-trazer-amor-de-volta-simpatia-a-iemanja-para-o-amor\/\" target=\"_blank\">Simpatia a Iemanj\u00e1 para trazer amor de volta<\/a><\/p>\n<p><a href=\"http:\/\/www.astrologosastrologia.com.pt\/blog\/simpatias\/simpatia-amorosa-a-iemanja-para-voltar-a-cabeca-da-pessoa-amada-para-voce\/\" target=\"_blank\">Simpatia amorosa a Iemanj\u00e1 para voltar a cabe\u00e7a da pessoa amada para voc\u00ea<\/a><\/p>\n<p><a href=\"http:\/\/www.astrologosastrologia.com.pt\/blog\/simpatias\/simpatia-a-iemanja-e-oxum-para-ter-sorte-no-amor\/\" target=\"_blank\">Simpatia a Iemanj\u00e1\u00a0e Oxum para ter sorte no amor<\/a><\/p>\n<p><a href=\"http:\/\/www.astrologosastrologia.com.pt\/blog\/simpatias\/simpatia-para-ter-sorte-no-amor\/\" target=\"_blank\">Simpatia para ter sorte no amor<\/a><\/p>\n<p><a href=\"http:\/\/www.astrologosastrologia.com.pt\/blog\/simpatias\/simpatia-para-ter-muita-sorte-no-amor\/\" target=\"_blank\">Simpatia com as 13 almas Benditas para ter muita sorte no amor<\/a><\/p>\n<p><a href=\"http:\/\/www.astrologosastrologia.com.pt\/blog\/amarracoes\/simpatias-ritual-dos-anjos-para-encontrar-a-alma-gemea\/\" target=\"_blank\">Ritual dos anjos para encontrar a alma g\u00eamea<\/a><\/p>\n<p><a href=\"http:\/\/www.astrologosastrologia.com.pt\/blog\/magia-egipcia\/magia-egipcia-ritual-de-amor-com-o-trevo-de-quatro-folhas\/\" target=\"_blank\">Ritual de Amor com o Trevo de Quatro Folhas<\/a><\/p>\n<p><a href=\"http:\/\/www.astrologosastrologia.com.pt\/blog\/simpatias-amor\/magia-egipcia-grande-ritual-de-amor-com-a-deusa-hathor\/\" target=\"_blank\">Grande ritual de amor com a Deusa Hathor<\/a><\/p>\n<p><a href=\"http:\/\/www.astrologosastrologia.com.pt\/blog\/simpatias-amor\/magia-egipcia-ritual-de-amor-com-a-deusa-hathor\/\" target=\"_blank\">Ritual de amor com a Deusa Hathor<\/a><\/p>\n<p><a href=\"http:\/\/www.astrologosastrologia.com.pt\/blog\/simpatias-amor\/magia-egipcia-ritual-da-deusa-isis-para-fortalecer-o-amor\/\" target=\"_blank\">Ritual da Deusa \u00cdsis para fortalecer o amor<\/a><\/p>\n<p><a href=\"http:\/\/www.astrologosastrologia.com.pt\/blog\/simpatias-amor\/magia-egipcia-ritual-a-deusa-isis-para-a-pessoa-amada-a-amar-de-volta\/\" target=\"_blank\">Ritual \u00e1 Deusa \u00cdsis para a pessoa amada a amar de volta<\/a><\/p>\n<p><a href=\"http:\/\/www.astrologosastrologia.com.pt\/blog\/simpatias-amor\/magia-egipcia-ritual-egipcio-para-o-amor-ser-duradouro\/\" target=\"_blank\">Ritual eg\u00edpcio para o amor ser duradouro<\/a><\/p>\n<p><a href=\"http:\/\/www.astrologosastrologia.com.pt\/blog\/simpatias-amor\/magia-egipcia-ritual-de-seducao-da-deusa-bastet\/\" target=\"_blank\">Ritual de Sedu\u00e7\u00e3o da deusa Bastet<\/a><\/p>\n<p><a href=\"http:\/\/www.astrologosastrologia.com.pt\/blog\/simpatias-amor\/rituais-magicos-de-feng-shui-para-ser-pedida-em-casamento\/\" target=\"_blank\">Rituais m\u00e1gicos de feng shui, para ser pedida em casamento<\/a><\/p>\n<p><a href=\"http:\/\/www.astrologosastrologia.com.pt\/blog\/sortilegios\/sortilegio-de-amor-do-cristal\/\" target=\"_blank\">Sortil\u00e9gio de amor do cristal<\/a><\/p>\n<p><a href=\"http:\/\/www.astrologosastrologia.com.pt\/blog\/sortilegios\/sortilegio-de-amor-com-a-fumaca-de-ervas\/\" target=\"_blank\">Sortil\u00e9gio de amor com a fuma\u00e7a de ervas<\/a><\/p>\n<p><a href=\"http:\/\/www.astrologosastrologia.com.pt\/blog\/sortilegios\/sortilegio-do-cravo-e-da-maca-para-o-amor\/\" target=\"_blank\">Sortil\u00e9gio do cravo e da ma\u00e7\u00e3 para o amor<\/a><\/p>\n<p><a href=\"http:\/\/www.astrologosastrologia.com.pt\/blog\/magia\/simpatias-e-magias-para-o-amor-com-mel\/\" target=\"_blank\">Simpatias e magias para o amor com mel<\/a><\/p>\n<p>&nbsp;<\/p>\n<p><span style=\"color: #ff6600;\"><strong>Sugest\u00f5es:<\/strong><\/span><\/p>\n<p><strong><a href=\"http:\/\/www.astrologosastrologia.com.pt\/blog\/wp-content\/uploads\/2015\/05\/Simpatias-e-magias.gif\"><img loading=\"lazy\" decoding=\"async\" class=\"alignnone size-full wp-image-6905\" src=\"http:\/\/www.astrologosastrologia.com.pt\/blog\/wp-content\/uploads\/2015\/05\/Simpatias-e-magias.gif\" alt=\"Simpatias e magias\" width=\"35\" height=\"35\" \/><\/a>\u00a0<span style=\"color: #3366ff;\">\u00a0| <a style=\"color: #3366ff;\" href=\"http:\/\/www.astrologosastrologia.com.pt\/blog\/amarracoes-2\/\" target=\"_blank\">Amarra\u00e7\u00f5es<\/a> |<\/span><\/strong><\/p>\n<p><span style=\"color: #3366ff;\"><strong><a style=\"color: #3366ff;\" href=\"http:\/\/www.astrologosastrologia.com.pt\/blog\/wp-content\/uploads\/2015\/05\/Simpatias-e-magias.gif\"><img loading=\"lazy\" decoding=\"async\" class=\"alignnone size-full wp-image-6905\" src=\"http:\/\/www.astrologosastrologia.com.pt\/blog\/wp-content\/uploads\/2015\/05\/Simpatias-e-magias.gif\" alt=\"Simpatias e magias\" width=\"35\" height=\"35\" \/><\/a>\u00a0| <a style=\"color: #3366ff;\" href=\"http:\/\/www.astrologosastrologia.com.pt\/blog\/simpatias\/simpatias-para-casar-simpatias-para-casamento\/\" target=\"_blank\">Simpatias para casar, simpatias para casamento<\/a> |<\/strong><\/span><\/p>\n<p><span style=\"color: #3366ff;\"><strong><a style=\"color: #3366ff;\" href=\"http:\/\/www.astrologosastrologia.com.pt\/blog\/wp-content\/uploads\/2015\/05\/Simpatias-e-magias.gif\"><img loading=\"lazy\" decoding=\"async\" class=\"alignnone size-full wp-image-6905\" src=\"http:\/\/www.astrologosastrologia.com.pt\/blog\/wp-content\/uploads\/2015\/05\/Simpatias-e-magias.gif\" alt=\"Simpatias e magias\" width=\"35\" height=\"35\" \/><\/a>\u00a0| <a style=\"color: #3366ff;\" href=\"http:\/\/xn--simpatias%20para%20a%20famlia-gyc\/\" target=\"_blank\">Simpatias para a fam\u00edlia<\/a> |<\/strong><\/span><\/p>\n<p><span style=\"color: #3366ff;\"><strong><a style=\"color: #3366ff;\" href=\"http:\/\/www.astrologosastrologia.com.pt\/blog\/wp-content\/uploads\/2015\/05\/Simpatias-e-magias.gif\"><img loading=\"lazy\" decoding=\"async\" class=\"alignnone size-full wp-image-6905\" src=\"http:\/\/www.astrologosastrologia.com.pt\/blog\/wp-content\/uploads\/2015\/05\/Simpatias-e-magias.gif\" alt=\"Simpatias e magias\" width=\"35\" height=\"35\" \/><\/a>\u00a0| <a style=\"color: #3366ff;\" href=\"http:\/\/www.astrologosastrologia.com.pt\/blog\/simpatias\/simpatias-para-a-sogra\/\" target=\"_blank\">Simpatias para a sogra<\/a> |<\/strong><\/span><\/p>\n<p><span style=\"color: #3366ff;\"><strong><a style=\"color: #3366ff;\" href=\"http:\/\/www.astrologosastrologia.com.pt\/blog\/wp-content\/uploads\/2015\/05\/Simpatias-e-magias.gif\"><img loading=\"lazy\" decoding=\"async\" class=\"alignnone size-full wp-image-6905\" src=\"http:\/\/www.astrologosastrologia.com.pt\/blog\/wp-content\/uploads\/2015\/05\/Simpatias-e-magias.gif\" alt=\"Simpatias e magias\" width=\"35\" height=\"35\" \/><\/a>\u00a0|\u00a0<\/strong><strong> <a style=\"color: #3366ff;\" href=\"http:\/\/www.astrologosastrologia.com.pt\/blog\/simpatias\/simpatias-a-santo-antonio-simpatias-para-santo-antonio-simpatias-de-amor-de-santo-antonio\/\" target=\"_blank\">Simpatias a Santo Ant\u00f3nio<\/a> |<\/strong><\/span><\/p>\n<p><strong><span style=\"color: #ff6600;\"><a href=\"http:\/\/www.astrologosastrologia.com.pt\/blog\/wp-content\/uploads\/2015\/05\/proverbios.jpg\"><img loading=\"lazy\" decoding=\"async\" class=\"alignnone size-full wp-image-894\" src=\"http:\/\/www.astrologosastrologia.com.pt\/blog\/wp-content\/uploads\/2015\/05\/proverbios.jpg\" alt=\"proverbios\" width=\"112\" height=\"101\" \/><\/a>Sugest\u00f5es:<\/span><\/strong><\/p>\n<p><a href=\"http:\/\/www.astrologosastrologia.com.pt\/blog\/wp-content\/uploads\/2015\/05\/ORACULO-CARTAS-DE-AMOR.gif\"><img loading=\"lazy\" decoding=\"async\" class=\"alignnone size-full wp-image-783 aligncenter\" src=\"http:\/\/www.astrologosastrologia.com.pt\/blog\/wp-content\/uploads\/2015\/05\/ORACULO-CARTAS-DE-AMOR.gif\" alt=\"ORACULO CARTAS DE AMOR\" width=\"110\" height=\"100\" \/><\/a><\/p>\n<p style=\"text-align: center;\"><b><a href=\"https:\/\/www.astrologosastrologia.com.pt\/blog\/oraculos\/\" data-internallinksmanager029f6b8e52c=\"24\" title=\"Or\u00e1culos, veja mais aqui\">OR\u00c1CULO<\/a><\/b><strong>\u00a0CARTAS DE AMOR<\/strong><\/p>\n<p style=\"text-align: center;\">\u00a0(Baralho Laura Tuan)<\/p>\n<p style=\"text-align: center;\"><strong>\u00bb\u00bb\u00a0 <b><a href=\"http:\/\/www.astrologosastrologia.com.pt\/oraculo_amor_choose\/a&amp;e-oraculos=oraculo_do_amor=index.htm\" target=\"_blank\">ENTRAR<\/a><\/b><\/strong><strong>\u00a0<\/strong><\/p>\n<p style=\"text-align: center;\"><a href=\"http:\/\/www.astrologosastrologia.com.pt\/blog\/wp-content\/uploads\/2015\/05\/tarot.gif\"><img loading=\"lazy\" decoding=\"async\" class=\"alignnone size-full wp-image-777 aligncenter\" src=\"http:\/\/www.astrologosastrologia.com.pt\/blog\/wp-content\/uploads\/2015\/05\/tarot.gif\" alt=\"tarot\" width=\"133\" height=\"48\" \/><\/a><\/p>\n<p style=\"text-align: center;\"><strong>ESPA\u00c7O TAROT<\/strong><\/p>\n<p style=\"text-align: center;\">Tarot online gratuito<\/p>\n<p style=\"text-align: center;\">Consulte o Tarot on-line, gratuito, com todas as respostas<\/p>\n<p style=\"text-align: center;\"><strong>\u00a0<\/strong><strong>\u00bb\u00bb\u00a0 <b><a href=\"http:\/\/www.astrologosastrologia.com.pt\/Tarot_Oraculo.htm\" target=\"_blank\">ENTRAR<\/a><\/b><\/strong><\/p>\n<p>[slideshow_deploy id=&#8217;1704&#8242;]<\/p>\n ","protected":false},"excerpt":{"rendered":"<p>Simpatias Amor- Simpatias para o amor, simpatias amorosas, simpatias para ter amor, simpatias para arranjar namorado, simpatias para trazer amor de volta&#8230; \u00bb\u00bb Para ver Amarra\u00e7\u00f5es: AQUI &nbsp; O significado da Simpatia Garrafa de Bruxa para o amor Garrafa do amor da bruxa cigana Garrafinha m\u00e1gica para o amor Feiti\u00e7o para vingar um cora\u00e7\u00e3o partido Simpatia do sal grosso para<\/p>\n","protected":false},"author":1,"featured_media":0,"parent":24,"menu_order":0,"comment_status":"closed","ping_status":"closed","template":"","meta":{"footnotes":""},"class_list":["post-85","page","type-page","status-publish","hentry"],"_links":{"self":[{"href":"https:\/\/www.astrologosastrologia.com.pt\/blog\/wp-json\/wp\/v2\/pages\/85","targetHints":{"allow":["GET"]}}],"collection":[{"href":"https:\/\/www.astrologosastrologia.com.pt\/blog\/wp-json\/wp\/v2\/pages"}],"about":[{"href":"https:\/\/www.astrologosastrologia.com.pt\/blog\/wp-json\/wp\/v2\/types\/page"}],"author":[{"embeddable":true,"href":"https:\/\/www.astrologosastrologia.com.pt\/blog\/wp-json\/wp\/v2\/users\/1"}],"replies":[{"embeddable":true,"href":"https:\/\/www.astrologosastrologia.com.pt\/blog\/wp-json\/wp\/v2\/comments?post=85"}],"version-history":[{"count":76,"href":"https:\/\/www.astrologosastrologia.com.pt\/blog\/wp-json\/wp\/v2\/pages\/85\/revisions"}],"predecessor-version":[{"id":7151,"href":"https:\/\/www.astrologosastrologia.com.pt\/blog\/wp-json\/wp\/v2\/pages\/85\/revisions\/7151"}],"up":[{"embeddable":true,"href":"https:\/\/www.astrologosastrologia.com.pt\/blog\/wp-json\/wp\/v2\/pages\/24"}],"wp:attachment":[{"href":"https:\/\/www.astrologosastrologia.com.pt\/blog\/wp-json\/wp\/v2\/media?parent=85"}],"curies":[{"name":"wp","href":"https:\/\/api.w.org\/{rel}","templated":true}]}}