{"id":88,"date":"2015-05-09T09:32:01","date_gmt":"2015-05-09T09:32:01","guid":{"rendered":"http:\/\/www.astrologosastrologia.com.pt\/blog\/?page_id=88"},"modified":"2015-05-09T09:37:19","modified_gmt":"2015-05-09T09:37:19","slug":"tarot-on-line","status":"publish","type":"page","link":"https:\/\/www.astrologosastrologia.com.pt\/blog\/oraculos\/tarot-on-line\/","title":{"rendered":"Tarot on line"},"content":{"rendered":"<p><a href=\"http:\/\/www.astrologosastrologia.com.pt\/blog\/wp-content\/uploads\/2015\/05\/Tarot.jpg\"><img loading=\"lazy\" decoding=\"async\" class=\" size-medium wp-image-89 aligncenter\" src=\"http:\/\/www.astrologosastrologia.com.pt\/blog\/wp-content\/uploads\/2015\/05\/Tarot-300x195.jpg\" alt=\"Tarot\" width=\"300\" height=\"195\" srcset=\"https:\/\/www.astrologosastrologia.com.pt\/blog\/wp-content\/uploads\/2015\/05\/Tarot-300x195.jpg 300w, https:\/\/www.astrologosastrologia.com.pt\/blog\/wp-content\/uploads\/2015\/05\/Tarot.jpg 340w\" sizes=\"auto, (max-width: 300px) 100vw, 300px\" \/><\/a><\/p>\n<p style=\"text-align: center;\"><span style=\"color: #ff0000;\"><strong><u>Tarot, Tarot Gratuito, Tarot On-line<\/u><\/strong><\/span><\/p>\n<p>&nbsp;<\/p>\n<p>O Tarot responde a todas as suas d\u00favidas<\/p>\n<p>&nbsp;<\/p>\n<p>Tarot amor, tarot sentimental, tarot casamento, tarot relacionamentos, tarot sexo, tarot futuro, tarot profissional, tarot financeiro, tarot dinheiro, tarot <a href=\"https:\/\/www.magianegra.com.pt\/\" data-internallinksmanager029f6b8e52c=\"2\" title=\"Trabalhos de magia negra, saiba tudo aqui\" target=\"_blank\" rel=\"noopener\">trabalho<\/a>, tarot familia. O Tarot responde a todas as suas quest\u00f5es com precis\u00e3o. Consulte aqui o tarot on-line, o tarot gratuito e eficaz.<\/p>\n<p>&nbsp;<\/p>\n<p>O Tarot \u00e9 constitu\u00eddo por 22 Arcanos Maiores. A palavra \u00abArcano\u00bb, expressa ideia de \u00absegredo\u00bb, de \u00ab<a href=\"http:\/\/www.astrologosastrologia.com.pt\/blog\/esoterismo\/\" data-internallinksmanager029f6b8e52c=\"11\" title=\"Esoterismo, veja mais aqui\">oculto<\/a>\u00bb.<\/p>\n<p>Por isso, o Tarot \u00e9 um instrumento m\u00edstico que serve para desvendar o que esta <a href=\"http:\/\/www.astrologosastrologia.com.pt\/blog\/esoterismo\/\" data-internallinksmanager029f6b8e52c=\"11\" title=\"Esoterismo, veja mais aqui\">oculto<\/a>, para trazer os segredos \u00e1 luz do dia. O Portal de <a href=\"http:\/\/www.astrologosastrologia.com.pt\/blog\/horoscopos\/astrologia\/\" data-internallinksmanager029f6b8e52c=\"25\" title=\"Astrologia, veja mais aqui\">Astrologia<\/a> e <a href=\"http:\/\/www.astrologosastrologia.com.pt\/blog\/esoterismo\/\" data-internallinksmanager029f6b8e52c=\"11\" title=\"Esoterismo, veja mais aqui\">Esoterismo<\/a>, disponibiliza um Tarot On-line, para que voc\u00ea acabe de vez com as suas duvidas.<\/p>\n<p>&nbsp;<\/p>\n<p><strong><u>Como obter uma leitura de Tarot Gratuita?<\/u><\/strong><\/p>\n<p>&nbsp;<\/p>\n<p>Coloque mentalmente a sua quest\u00e3o, e <em>clique<\/em> no bot\u00e3o: \u00abConsulte o Tarot\u00bb<\/p>\n<p>&nbsp;<\/p>\n<p>A resposta \u00e9 feita atrav\u00e9s de um lan\u00e7amento singular de uma carta de Tarot. O Arcano que o Tarot lhe mostrar, traz consigo respostas claras e reveladoras.<\/p>\n<p>&nbsp;<\/p>\n<p>N\u00e3o perca mais tempo! Desfa\u00e7a as suas d\u00favidas. Coloque a sua quest\u00e3o, e Clique\u00a0no link<\/p>\n<p style=\"text-align: center;\"><a href=\"http:\/\/www.astrologosastrologia.com.pt\/Tarot_Oraculo.htm\" target=\"_blank\">Consulta de Tarot Gratuita<\/a><\/p>\n<p>&nbsp;<\/p>\n<p>&nbsp;<\/p>\n ","protected":false},"excerpt":{"rendered":"<p>Tarot, Tarot Gratuito, Tarot On-line &nbsp; O Tarot responde a todas as suas d\u00favidas &nbsp; Tarot amor, tarot sentimental, tarot casamento, tarot relacionamentos, tarot sexo, tarot futuro, tarot profissional, tarot financeiro, tarot dinheiro, tarot trabalho, tarot familia. O Tarot responde a todas as suas quest\u00f5es com precis\u00e3o. Consulte aqui o tarot on-line, o tarot gratuito e eficaz. &nbsp; O Tarot<\/p>\n","protected":false},"author":1,"featured_media":0,"parent":28,"menu_order":0,"comment_status":"closed","ping_status":"closed","template":"","meta":{"footnotes":""},"class_list":["post-88","page","type-page","status-publish","hentry"],"_links":{"self":[{"href":"https:\/\/www.astrologosastrologia.com.pt\/blog\/wp-json\/wp\/v2\/pages\/88","targetHints":{"allow":["GET"]}}],"collection":[{"href":"https:\/\/www.astrologosastrologia.com.pt\/blog\/wp-json\/wp\/v2\/pages"}],"about":[{"href":"https:\/\/www.astrologosastrologia.com.pt\/blog\/wp-json\/wp\/v2\/types\/page"}],"author":[{"embeddable":true,"href":"https:\/\/www.astrologosastrologia.com.pt\/blog\/wp-json\/wp\/v2\/users\/1"}],"replies":[{"embeddable":true,"href":"https:\/\/www.astrologosastrologia.com.pt\/blog\/wp-json\/wp\/v2\/comments?post=88"}],"version-history":[{"count":3,"href":"https:\/\/www.astrologosastrologia.com.pt\/blog\/wp-json\/wp\/v2\/pages\/88\/revisions"}],"predecessor-version":[{"id":92,"href":"https:\/\/www.astrologosastrologia.com.pt\/blog\/wp-json\/wp\/v2\/pages\/88\/revisions\/92"}],"up":[{"embeddable":true,"href":"https:\/\/www.astrologosastrologia.com.pt\/blog\/wp-json\/wp\/v2\/pages\/28"}],"wp:attachment":[{"href":"https:\/\/www.astrologosastrologia.com.pt\/blog\/wp-json\/wp\/v2\/media?parent=88"}],"curies":[{"name":"wp","href":"https:\/\/api.w.org\/{rel}","templated":true}]}}